{"id":647,"date":"2021-03-29T02:13:52","date_gmt":"2021-03-29T02:13:52","guid":{"rendered":"http:\/\/localhost\/nuss\/?page_id=647"},"modified":"2025-09-10T11:49:14","modified_gmt":"2025-09-10T11:49:14","slug":"servizi","status":"publish","type":"page","link":"https:\/\/jianshantanghotel.com\/it\/servizi\/","title":{"rendered":"Servizi"},"content":{"rendered":"<div data-elementor-type=\"wp-page\" data-elementor-id=\"647\" class=\"elementor elementor-647\">\n\t\t\t\t\t\t<section class=\"elementor-section elementor-top-section elementor-element elementor-element-3353bc8 elementor-section-boxed elementor-section-gap-beside-yes elementor-section-height-default elementor-section-height-default elementor-section-column-vertical-align-stretch\" data-id=\"3353bc8\" data-element_type=\"section\" data-e-type=\"section\">\n\t\t\t\t\t\t<div class=\"elementor-container elementor-column-gap-extended\">\n\t\t\t\t\t<div class=\"elementor-column elementor-col-100 elementor-top-column elementor-element elementor-element-0a2bc64\" data-id=\"0a2bc64\" data-element_type=\"column\" data-e-type=\"column\">\n\t\t\t<div class=\"elementor-widget-wrap elementor-element-populated\">\n\t\t\t\t\t\t<div class=\"elementor-element elementor-element-447e3ef elementor-widget__width-initial elementor-invisible elementor-widget elementor-widget-text-editor\" data-id=\"447e3ef\" data-element_type=\"widget\" data-e-type=\"widget\" data-settings=\"{&quot;_animation&quot;:&quot;nussFadeInUp&quot;}\" data-widget_type=\"text-editor.default\">\n\t\t\t\t\t\t\t\t\t<p><strong data-spm-anchor-id=\"a2ty_o01.29997173.0.i59.2cc3c921DC36FP\">I servizi premurosi dell&#039;hotel JIAN SHAN TANG di Chengdu<\/strong><\/p>\t\t\t\t\t\t\t\t<\/div>\n\t\t\t\t\t<\/div>\n\t\t<\/div>\n\t\t\t\t\t<\/div>\n\t\t<\/section>\n\t\t<div class=\"elementor-element elementor-element-c56a63c e-flex e-con-boxed e-con e-parent\" data-id=\"c56a63c\" data-element_type=\"container\" data-e-type=\"container\">\n\t\t\t\t\t<div class=\"e-con-inner\">\n\t\t\t\t<div class=\"elementor-element elementor-element-5ae5ccf elementor-widget elementor-widget-text-editor\" data-id=\"5ae5ccf\" data-element_type=\"widget\" data-e-type=\"widget\" data-widget_type=\"text-editor.default\">\n\t\t\t\t\t\t\t\t\t<p data-spm-anchor-id=\"a2ty_o01.29997173.0.i61.2cc3c921DC36FP\">A <strong>Hotel JIAN SHAN TANG<\/strong>, annidato a <strong>No. 20 Sandongqiao Road nel distretto Jinniu, ricco di cultura, di Chengdu, Sichuan, 610031, Cina<\/strong>, il servizio non \u00e8 una lista di controllo, \u00e8 un <strong>forma d&#039;arte tranquilla<\/strong>, attentamente composto per onorare la tua presenza, proteggere la tua pace ed elevare il tuo viaggio attraverso una delle citt\u00e0 pi\u00f9 ricche di sentimento della Cina.<\/p><p>Dal momento in cui metterai piede per la prima volta nel nostro tranquillo cortile, dove il fruscio del bamb\u00f9 incontra il dolce suono di una fontana, noterai qualcosa di diverso: l&#039;assenza di rumore, la presenza di cura e un senso di essere <strong>accolto non come un ospite, ma come un viaggiatore gradito<\/strong>Questa \u00e8 l&#039;essenza della nostra filosofia di servizio:<strong>intuitivo, umano e profondamente intenzionale<\/strong>.<\/p><p>Crediamo che il vero lusso non risieda nell&#039;opulenza, ma nell&#039; <strong>i momenti che passano inosservati finch\u00e9 non vengono persi<\/strong>\u2014l&#039;asciugamano perfettamente riscaldato dopo un lungo viaggio, la tazza di tisana offerta senza che nessuno te lo chieda, o il concierge che ricorda il tuo nome e la tua preferenza per le passeggiate mattutine. Da JIAN SHAN TANG, ogni servizio \u00e8 pensato per assecondare il tuo ritmo, non per interromperlo.<\/p><p>Qui l&#039;ospitalit\u00e0 scorre come un fiume tranquillo: costante, gentile e vivificante.<\/p><div class=\"py-2 my-3\"><hr \/><\/div><h3><strong>Il fondamento della nostra etica di servizio: poesia silenziosa in movimento<\/strong><\/h3><p>Ispirato al concetto Zen di <em>Jian Shan<\/em>\u2014\u201cvedere le montagne\u201d\u2014i nostri servizi sono radicati in <strong>chiarezza, consapevolezza e ascolto profondo<\/strong>Non abbiamo fretta. Non ci lasciamo sopraffare. Al contrario, osserviamo, anticipiamo e rispondiamo con grazia.<\/p><p>Il nostro personale non \u00e8 semplicemente formato; \u00e8 <strong>custodi culturalmente sintonizzati<\/strong>\u2014molti nati e cresciuti nel Sichuan, con un calore naturale e una profonda comprensione sia delle tradizioni locali che delle aspettative globali. Parlano <strong>Mandarino, inglese e alcune lingue native degli ospiti<\/strong>, garantendo una comunicazione fluida senza la freddezza delle app di traduzione.<\/p><p>Questo tocco umano \u00e8 ci\u00f2 che trasforma un soggiorno in un <strong>esperienza significativa<\/strong>.<\/p><div class=\"py-2 my-3\"><hr \/><\/div><h3><strong>Servizi completi per gli ospiti pensati per il comfort e la connessione<\/strong><\/h3><h4><strong>1. Concierge 24 ore su 24: la tua guida personale a Chengdu<\/strong><\/h4><p>Pi\u00f9 di una scrivania, il nostro concierge \u00e8 il tuo <strong>bussola culturale<\/strong>Che tu stia cercando una sala da t\u00e8 nascosta conosciuta solo dalla gente del posto, voglia assistere a uno spettacolo privato dell&#039;opera del Sichuan o abbia bisogno di aiuto per orientarti negli orari dei treni ad alta velocit\u00e0, il nostro team crea <strong>itinerari personalizzati<\/strong> che vanno oltre i percorsi turistici.<\/p><ul dir=\"auto\"><li><strong>Esperienze culturali<\/strong>: Organizzate laboratori di calligrafia, cerimonie del t\u00e8 o visite al monastero di Wenshu con meditazione guidata da un monaco.<\/li><li><strong>Prenotazioni per la cena<\/strong>: Prenota un tavolo nei ristoranti consigliati dalla guida Michelin o nelle bancarelle di noodle a conduzione familiare, molto amate dagli abitanti di Chengdu.<\/li><li><strong>Coordinamento dei trasporti<\/strong>: Prenota con facilit\u00e0 trasferimenti aeroportuali, giri in Didi o visite guidate della citt\u00e0.<\/li><li><strong>Supporto di emergenza<\/strong>: L&#039;assistenza linguistica, le segnalazioni mediche e il recupero di oggetti smarriti vengono gestiti con urgenza e discrezione.<\/li><\/ul><div class=\"py-2 my-3\"><hr \/><\/div><h4><strong>2. Arrivo e partenza senza interruzioni<\/strong><\/h4><p>Sappiamo che il viaggio inizia nel momento in cui si lascia casa. Ecco perch\u00e9 offriamo:<\/p><ul dir=\"auto\"><li><strong>Servizio di ritiro prioritario in aeroporto<\/strong>: Disponibile su richiesta, il nostro <strong>veicoli privati con aria condizionata<\/strong> ci vediamo a <strong>Aeroporto internazionale di Chengdu Shuangliu (CTU) o Tianfu (TFU).<\/strong>, con autisti bilingue e omaggi di benvenuto.<\/li><li><strong>Check-in\/Check-out espresso<\/strong>: Per gli ospiti con tempi stretti, offriamo il check-in digitale e un&#039;elaborazione rapida.<\/li><li><strong>Deposito bagagli e servizio di ritiro e riconsegna auto<\/strong>: Depositate i vostri bagagli in modo sicuro prima del check-in o dopo il check-out. Per chi arriva in auto \u00e8 disponibile il servizio di ritiro e riconsegna auto.<\/li><\/ul><div class=\"py-2 my-3\"><hr \/><\/div><h4><strong>3. Comfort in camera e servizi pensati per te<\/strong><\/h4><p>Ogni dettaglio della vostra camera \u00e8 stato pensato per garantirvi benessere e comodit\u00e0:<\/p><ul dir=\"auto\"><li><strong>Biancheria da letto di alta qualit\u00e0<\/strong>: Cuscini ipoallergenici, lenzuola ad alto numero di fili e tende oscuranti per un sonno ristoratore.<\/li><li><strong>Kit benessere<\/strong>: Include maschere per gli occhi, tappi per le orecchie, tisana per dormire e tappetini per agopressione su richiesta.<\/li><li><strong>Controllo intelligente del clima e dell&#039;illuminazione<\/strong>: Regola la temperatura e l&#039;atmosfera con pannelli intuitivi.<\/li><li><strong>Rinfreschi gratuiti nel minibar<\/strong>: Con t\u00e8 locali del Sichuan, acqua frizzante e snack salutari.<\/li><li><strong>Configurazione pronta per il lavoro<\/strong>: Ampia scrivania ergonomica, doppia presa USB\/CA e noleggio opzionale di monitor per professionisti che lavorano da remoto.<\/li><\/ul><div class=\"py-2 my-3\"><hr \/><\/div><h4><strong>4. Supporto aziendale e professionale<\/strong><\/h4><p>Per il viaggiatore moderno che bilancia lavoro ed esplorazione, offriamo un <strong>ecosistema raffinato di servizi aziendali<\/strong>:<\/p><ul dir=\"auto\"><li><strong>Centro business aperto 24 ore su 24<\/strong>: Spazio di lavoro silenzioso e insonorizzato con Internet in fibra ottica ad alta velocit\u00e0, funzionalit\u00e0 di stampa, scansione e videoconferenza.<\/li><li><strong>Sale riunioni private<\/strong>: Spazi eleganti e dotati di tecnologia avanzata, adatti a ospitare fino a 12 persone, ideali per riunioni con i clienti o briefing di gruppo.<\/li><li><strong>Servizi di traduzione e segreteria su richiesta<\/strong>: Disponibile per trattative internazionali o preparazione di documenti.<\/li><li><strong>Corriere e gestione documenti<\/strong>: Consegna espressa tramite SF Express o EMS, con imballaggio e supporto doganale.<\/li><\/ul><div class=\"py-2 my-3\"><hr \/><\/div><h4><strong>5. Benessere e vita consapevole<\/strong><\/h4><p>Presso JIAN SHAN TANG il benessere \u00e8 parte integrante della vita quotidiana:<\/p><ul dir=\"auto\"><li><strong>Kit per yoga e meditazione in camera<\/strong>: Include tappetino, sessioni audio guidate ed esercizi di respirazione.<\/li><li><strong>Programma di tisane<\/strong>: Una selezione curata di t\u00e8 coltivati nel Sichuan, serviti in porcellana artigianale: scegli tra il rilassante crisantemo, l&#039;energizzante ginseng o il digestivo pu&#039;er.<\/li><li><strong>Zone tranquille<\/strong>: Aree designate in tutto l&#039;hotel per la lettura, la scrittura di un diario o la disintossicazione digitale.<\/li><li><strong>Partnership con operatori del benessere locali<\/strong>: Prenota sedute private di tai chi, consulenze di medicina tradizionale cinese o agopuntura nelle cliniche vicine.<\/li><\/ul><div class=\"py-2 my-3\"><hr \/><\/div><h4><strong>6. Cura culinaria e pasti personalizzati<\/strong><\/h4><p>Il nostro ristorante e il servizio in camera riflettono il nostro impegno per <strong>nutrimento con intenzione<\/strong>:<\/p><ul dir=\"auto\"><li><strong>Orari di ristorazione flessibili<\/strong>: Colazione servita dalle 6:30; spuntini leggeri disponibili fino alle 22:00.<\/li><li><strong>Accomodamenti dietetici<\/strong>: Opzioni vegetariane, vegane, senza glutine, halal e poco speziate, preparate con cura.<\/li><li><strong>Servizio in camera con narrazione<\/strong>: I piatti vengono serviti con note che ne spiegano il significato culturale, come la storia del mapo tofu.<\/li><li><strong>Esperienze di ristorazione private<\/strong>: Organizzate incontri intimi nel nostro cortile o nella sala da pranzo privata, con tanto di men\u00f9 curati dallo chef.<\/li><\/ul><div class=\"py-2 my-3\"><hr \/><\/div><h4><strong>7. Sostenibilit\u00e0 e servizio eco-consapevole<\/strong><\/h4><p>Crediamo che l&#039;ospitalit\u00e0 responsabile sia il futuro. Le nostre pratiche green includono:<\/p><ul dir=\"auto\"><li><strong>Articoli da toeletta ecologici<\/strong>: Bottiglie di vetro ricaricabili con formule biodegradabili a base vegetale.<\/li><li><strong>Conservazione dell&#039;acqua<\/strong>: Docce a basso flusso e WC a doppio scarico.<\/li><li><strong>Riduzione dei rifiuti<\/strong>: Compostaggio, stazioni di riciclaggio ed eliminazione della plastica monouso.<\/li><li><strong>Approvvigionamento locale<\/strong>: 85% di cibo e materiali provengono dal Sichuan, riducendo l&#039;impronta di carbonio e sostenendo le comunit\u00e0 regionali.<\/li><\/ul><div class=\"py-2 my-3\"><hr \/><\/div><h4><strong>8. Sicurezza, accessibilit\u00e0 e inclusivit\u00e0<\/strong><\/h4><p>Il tuo comfort include il sentirti sicuro e rispettato:<\/p><ul dir=\"auto\"><li><strong>Sicurezza e sorveglianza 24 ore su 24, 7 giorni su 7<\/strong>: Monitoraggio discreto con personale qualificato.<\/li><li><strong>Funzionalit\u00e0 di accessibilit\u00e0<\/strong>: Camere, ascensori e spazi pubblici accessibili alle sedie a rotelle.<\/li><li><strong>Bagni neutri dal punto di vista del genere e formazione inclusiva del personale<\/strong>: Garantire che tutti gli ospiti si sentano accolti e rispettati.<\/li><li><strong>Protocolli antincendio ed emergenze<\/strong>: Esercitazioni regolari e guide di sicurezza multilingue in ogni stanza.<\/li><\/ul><div class=\"py-2 my-3\"><hr \/><\/div><h4><strong>9. Immersione culturale e coinvolgimento degli ospiti<\/strong><\/h4><p>Non ci limitiamo a ospitare, noi <strong>collegare<\/strong>Le nostre esperienze selezionate ti invitano a entrare nell&#039;anima di Chengdu:<\/p><ul dir=\"auto\"><li><strong>Serate culturali mensili<\/strong>: Spettacoli di calligrafia, ritaglio di carta o musica del Sichuan nel cortile.<\/li><li><strong>Libro degli ospiti e muro delle storie<\/strong>: Condividi il tuo viaggio e leggi le riflessioni dei viaggiatori di tutto il mondo.<\/li><li><strong>Collaborazioni tra artigiani locali<\/strong>: Acquista souvenir fatti a mano, dai flauti di bamb\u00f9 ai ventagli di seta, direttamente dai produttori.<\/li><\/ul><div class=\"py-2 my-3\"><hr \/><\/div><h3><strong>Un servizio che cresce con te<\/strong><\/h3><p>Ci\u00f2 che veramente distingue JIAN SHAN TANG \u00e8 la nostra capacit\u00e0 di <strong>Ricordare<\/strong>Torna come ospite e potresti trovare il tuo t\u00e8 preferito gi\u00e0 pronto, o un biglietto che fa riferimento alla tua ultima visita alla base dei panda. Non consideriamo i soggiorni come eventi isolati, li vediamo come <strong>capitoli di una storia in corso<\/strong>.<\/p><p>I nostri servizi si evolvono con il feedback, i ritmi stagionali e le mutevoli esigenze dei viaggiatori globali. Che tu rimanga qui per una notte o un mese, che tu cerchi solitudine o un legame, ci adattiamo, con discrezione, rispetto e cura.<\/p><div class=\"py-2 my-3\"><hr \/><\/div><h3><strong>Conclusione: il servizio come santuario<\/strong><\/h3><p>In un mondo di automazione e transazioni impersonali, <strong>Hotel JIAN SHAN TANG<\/strong> offre qualcosa di raro: <strong>ospitalit\u00e0 con un&#039;anima<\/strong>.<\/p><p>I nostri servizi non sono rumorosi o appariscenti. Sono <strong>presente, preciso e profondamente umano<\/strong>\u2014progettato per cullarti nel comfort, ispirare la tua curiosit\u00e0 e farti sentire non solo soddisfatto, ma anche visto.<\/p><p>Questo non \u00e8 solo un hotel.<br \/>\u00c8 un <strong>santuario del servizio<\/strong>, dove ogni gesto ha un significato e ogni sosta diventa un silenzioso atto di ritorno.<\/p><div class=\"my-2\">\u00a0<\/div><p>\ud83d\udccd <strong>Hotel JIAN SHAN TANG<\/strong><br \/>No. 20 Sandongqiao Road, Distretto Jinniu, Chengdu, Sichuan, 610031, Cina<br \/>\ud83d\udcde +86-28-61507788 | \ud83c\udf10 <a href=\"https:\/\/jianshantanghotel.com\/it\/\">https:\/\/jianshantanghotel.com<\/a><\/p><p><em>Dove la cura si muove nel silenzio e ogni bisogno viene soddisfatto prima ancora di essere espresso.<\/em><\/p>\t\t\t\t\t\t\t\t<\/div>\n\t\t\t\t\t<\/div>\n\t\t\t\t<\/div>\n\t\t\t\t<section class=\"elementor-section elementor-top-section elementor-element elementor-element-5e46ff5d elementor-section-stretched elementor-section-boxed elementor-section-gap-beside-yes elementor-section-height-default elementor-section-height-default elementor-section-column-vertical-align-stretch\" data-id=\"5e46ff5d\" data-element_type=\"section\" data-e-type=\"section\" data-settings=\"{&quot;background_background&quot;:&quot;classic&quot;,&quot;stretch_section&quot;:&quot;section-stretched&quot;}\">\n\t\t\t\t\t\t<div class=\"elementor-container elementor-column-gap-extended\">\n\t\t\t\t\t<div class=\"elementor-column elementor-col-100 elementor-top-column elementor-element elementor-element-1cd37f2a\" data-id=\"1cd37f2a\" data-element_type=\"column\" data-e-type=\"column\">\n\t\t\t<div class=\"elementor-widget-wrap elementor-element-populated\">\n\t\t\t\t\t\t<div class=\"elementor-element elementor-element-1c59347e elementor-widget elementor-widget-nuss-heading\" data-id=\"1c59347e\" data-element_type=\"widget\" data-e-type=\"widget\" data-widget_type=\"nuss-heading.default\">\n\t\t\t\t<div class=\"elementor-widget-container\">\n\t\t\t\t\t\t\t<div class=\"nuss-modern-heading\">\r\n\t\t\t\r\n\t\t\t\t\t\t<div class=\"heading-primary-wrap\">\r\n\t\t\t\t<h2 class=\"heading-primary elementor-heading-title\">Controlla disponibile <\/h2>\t\t\t<\/div>\r\n\t\t\r\n\t\t\t\r\n\t\t\t\t\t<\/div>\r\n\t\t\t\t\t<\/div>\n\t\t\t\t<\/div>\n\t\t\t\t<div class=\"elementor-element elementor-element-7610e9b5 elementor-widget elementor-widget-text-editor\" data-id=\"7610e9b5\" data-element_type=\"widget\" data-e-type=\"widget\" data-widget_type=\"text-editor.default\">\n\t\t\t\t\t\t\t\t\t<iframe border=\"0\" src=\"https:\/\/www.trip.com\/partners\/ad\/S5304749?Allianceid=4590391&#038;SID=257863943&#038;trip_sub1=\" style=\"width:900px;height:200px\" frameborder=\"0\" scrolling=\"no\" id=\"S5304749\"><\/iframe>\t\t\t\t\t\t\t\t<\/div>\n\t\t\t\t\t<\/div>\n\t\t<\/div>\n\t\t\t\t\t<\/div>\n\t\t<\/section>\n\t\t\t\t<\/div>","protected":false},"excerpt":{"rendered":"<p>We do our best to offer all our guests the services and facilities to make their stay a memorable one. Eat&amp;Drink Restaurant &amp; Bar Suspendisse laoreet orci ac nulla vulputate pellentesque. Vivamus nec eleifend ex, eget molestie lorem. Integer sed sodales sapien. Cras aliquam fringilla elit sit amet fringilla. Open Daily: 7:00pm &#8211; 11:00pm Find [&hellip;]<\/p>\n","protected":false},"author":1,"featured_media":0,"parent":0,"menu_order":0,"comment_status":"closed","ping_status":"closed","template":"","meta":{"footnotes":""},"class_list":["post-647","page","type-page","status-publish","hentry","post-no-thumbnail"],"_links":{"self":[{"href":"https:\/\/jianshantanghotel.com\/it\/wp-json\/wp\/v2\/pages\/647","targetHints":{"allow":["GET"]}}],"collection":[{"href":"https:\/\/jianshantanghotel.com\/it\/wp-json\/wp\/v2\/pages"}],"about":[{"href":"https:\/\/jianshantanghotel.com\/it\/wp-json\/wp\/v2\/types\/page"}],"author":[{"embeddable":true,"href":"https:\/\/jianshantanghotel.com\/it\/wp-json\/wp\/v2\/users\/1"}],"replies":[{"embeddable":true,"href":"https:\/\/jianshantanghotel.com\/it\/wp-json\/wp\/v2\/comments?post=647"}],"version-history":[{"count":0,"href":"https:\/\/jianshantanghotel.com\/it\/wp-json\/wp\/v2\/pages\/647\/revisions"}],"wp:attachment":[{"href":"https:\/\/jianshantanghotel.com\/it\/wp-json\/wp\/v2\/media?parent=647"}],"curies":[{"name":"parola chiave","href":"https:\/\/api.w.org\/{rel}","templated":true}]}}