{"id":5266,"date":"2021-07-18T08:03:35","date_gmt":"2021-07-18T08:03:35","guid":{"rendered":"https:\/\/nuss.uxper.co\/luxury-resort\/?page_id=5266"},"modified":"2025-09-10T08:38:03","modified_gmt":"2025-09-10T08:38:03","slug":"chi-siamo","status":"publish","type":"page","link":"https:\/\/jianshantanghotel.com\/it\/chi-siamo\/","title":{"rendered":"Chi siamo"},"content":{"rendered":"<div data-elementor-type=\"wp-page\" data-elementor-id=\"5266\" class=\"elementor elementor-5266\">\n\t\t\t\t\t\t<section class=\"elementor-section elementor-top-section elementor-element elementor-element-10416953 elementor-section-boxed elementor-section-gap-beside-yes elementor-section-height-default elementor-section-height-default elementor-section-column-vertical-align-stretch\" data-id=\"10416953\" data-element_type=\"section\" data-e-type=\"section\">\n\t\t\t\t\t\t<div class=\"elementor-container elementor-column-gap-extended\">\n\t\t\t\t\t<div class=\"elementor-column elementor-col-100 elementor-top-column elementor-element elementor-element-29c6aa8\" data-id=\"29c6aa8\" data-element_type=\"column\" data-e-type=\"column\">\n\t\t\t<div class=\"elementor-widget-wrap elementor-element-populated\">\n\t\t\t\t\t\t<div class=\"elementor-element elementor-element-7be18fe7 elementor-widget__width-initial elementor-invisible elementor-widget elementor-widget-text-editor\" data-id=\"7be18fe7\" data-element_type=\"widget\" data-e-type=\"widget\" data-settings=\"{&quot;_animation&quot;:&quot;nussFadeInUp&quot;}\" data-widget_type=\"text-editor.default\">\n\t\t\t\t\t\t\t\t\t<p><strong data-spm-anchor-id=\"a2ty_o01.29997173.0.i22.2cc3c921DC36FP\">Benvenuti all&#039;Hotel JIAN SHAN TANG<\/strong><\/p>\t\t\t\t\t\t\t\t<\/div>\n\t\t\t\t\t<\/div>\n\t\t<\/div>\n\t\t\t\t\t<\/div>\n\t\t<\/section>\n\t\t\t\t<section class=\"elementor-section elementor-top-section elementor-element elementor-element-7d18327f elementor-section-boxed elementor-section-gap-beside-yes elementor-section-height-default elementor-section-height-default elementor-section-column-vertical-align-stretch\" data-id=\"7d18327f\" data-element_type=\"section\" data-e-type=\"section\">\n\t\t\t\t\t\t<div class=\"elementor-container elementor-column-gap-extended\">\n\t\t\t\t\t<div class=\"elementor-column elementor-col-50 elementor-top-column elementor-element elementor-element-56533670\" data-id=\"56533670\" data-element_type=\"column\" data-e-type=\"column\">\n\t\t\t<div class=\"elementor-widget-wrap elementor-element-populated\">\n\t\t\t\t\t\t<div class=\"elementor-element elementor-element-19c3f543 elementor-invisible elementor-widget elementor-widget-text-editor\" data-id=\"19c3f543\" data-element_type=\"widget\" data-e-type=\"widget\" data-settings=\"{&quot;_animation&quot;:&quot;nussFadeInUp&quot;}\" data-widget_type=\"text-editor.default\">\n\t\t\t\t\t\t\t\t\t<p>Nascosto su <strong>No. 20 Sandongqiao Road nel dinamico distretto di Jinniu di Chengdu, Sichuan, Cina<\/strong>, <strong>Hotel JIAN SHAN TANG<\/strong> Si erge come un capolavoro di design, cultura e attenta ospitalit\u00e0. Pi\u00f9 di un semplice luogo dove riposare, questo rifugio boutique ridefinisce il lusso urbano intrecciando l&#039;eleganza senza tempo dell&#039;estetica tradizionale cinese con i raffinati comfort della vita moderna. Ispirato all&#039;armonia tra la quiete della montagna (<em>Jian Shan<\/em> che significa &quot;vedere le montagne&quot;) e il dolce fluire della vita quotidiana, l&#039;hotel offre un raro rifugio dove la tranquillit\u00e0 e l&#039;energia della citt\u00e0 coesistono in perfetto equilibrio.<\/p>\t\t\t\t\t\t\t\t<\/div>\n\t\t\t\t\t<\/div>\n\t\t<\/div>\n\t\t\t\t<div class=\"elementor-column elementor-col-50 elementor-top-column elementor-element elementor-element-30f14127\" data-id=\"30f14127\" data-element_type=\"column\" data-e-type=\"column\">\n\t\t\t<div class=\"elementor-widget-wrap elementor-element-populated\">\n\t\t\t\t\t\t<div class=\"elementor-element elementor-element-cad9bf2 elementor-widget elementor-widget-image\" data-id=\"cad9bf2\" data-element_type=\"widget\" data-e-type=\"widget\" data-widget_type=\"image.default\">\n\t\t\t\t\t\t\t\t\t\t\t\t\t\t\t<img fetchpriority=\"high\" decoding=\"async\" width=\"1024\" height=\"575\" src=\"https:\/\/jianshantanghotel.com\/wp-content\/uploads\/2025\/09\/Jian-Shan-Tang-Chengdu-China-3-1024x575.webp\" class=\"attachment-large size-large wp-image-5569\" alt=\"\" srcset=\"https:\/\/jianshantanghotel.com\/wp-content\/uploads\/2025\/09\/Jian-Shan-Tang-Chengdu-China-3-1024x575.webp 1024w, https:\/\/jianshantanghotel.com\/wp-content\/uploads\/2025\/09\/Jian-Shan-Tang-Chengdu-China-3-300x169.webp 300w, https:\/\/jianshantanghotel.com\/wp-content\/uploads\/2025\/09\/Jian-Shan-Tang-Chengdu-China-3-768x431.webp 768w, https:\/\/jianshantanghotel.com\/wp-content\/uploads\/2025\/09\/Jian-Shan-Tang-Chengdu-China-3-18x10.webp 18w, https:\/\/jianshantanghotel.com\/wp-content\/uploads\/2025\/09\/Jian-Shan-Tang-Chengdu-China-3.webp 1280w\" sizes=\"(max-width: 1024px) 100vw, 1024px\" \/>\t\t\t\t\t\t\t\t\t\t\t\t\t\t\t<\/div>\n\t\t\t\t\t<\/div>\n\t\t<\/div>\n\t\t\t\t\t<\/div>\n\t\t<\/section>\n\t\t\t\t<section class=\"elementor-section elementor-top-section elementor-element elementor-element-29fb8578 elementor-section-height-min-height elementor-section-stretched elementor-section-full_width elementor-section-items-stretch elementor-section-height-default elementor-section-column-vertical-align-stretch\" data-id=\"29fb8578\" data-element_type=\"section\" data-e-type=\"section\" data-settings=\"{&quot;stretch_section&quot;:&quot;section-stretched&quot;}\">\n\t\t\t\t\t\t<div class=\"elementor-container elementor-column-gap-no\">\n\t\t\t\t\t<div class=\"elementor-column elementor-col-50 elementor-top-column elementor-element elementor-element-40ac270b\" data-id=\"40ac270b\" data-element_type=\"column\" data-e-type=\"column\">\n\t\t\t<div class=\"elementor-widget-wrap elementor-element-populated\">\n\t\t\t\t\t\t<div class=\"elementor-element elementor-element-20872773 elementor-widget__width-initial elementor-widget-mobile__width-inherit elementor-invisible nuss-elementor-loading nuss-slide-in-right elementor-widget elementor-widget-image\" data-id=\"20872773\" data-element_type=\"widget\" data-e-type=\"widget\" data-settings=\"{&quot;_animation&quot;:&quot;nussSlideInRight&quot;}\" data-widget_type=\"image.default\">\n\t\t\t\t\t\t\t\t\t\t\t\t\t\t\t<img decoding=\"async\" width=\"1199\" height=\"853\" src=\"https:\/\/jianshantanghotel.com\/wp-content\/uploads\/2025\/09\/Jian-Shan-Tang-Chengdu-China-26.webp\" class=\"attachment-full size-full wp-image-5592\" alt=\"\" srcset=\"https:\/\/jianshantanghotel.com\/wp-content\/uploads\/2025\/09\/Jian-Shan-Tang-Chengdu-China-26.webp 1199w, https:\/\/jianshantanghotel.com\/wp-content\/uploads\/2025\/09\/Jian-Shan-Tang-Chengdu-China-26-300x213.webp 300w, https:\/\/jianshantanghotel.com\/wp-content\/uploads\/2025\/09\/Jian-Shan-Tang-Chengdu-China-26-1024x729.webp 1024w, https:\/\/jianshantanghotel.com\/wp-content\/uploads\/2025\/09\/Jian-Shan-Tang-Chengdu-China-26-768x546.webp 768w, https:\/\/jianshantanghotel.com\/wp-content\/uploads\/2025\/09\/Jian-Shan-Tang-Chengdu-China-26-18x12.webp 18w\" sizes=\"(max-width: 1199px) 100vw, 1199px\" \/>\t\t\t\t\t\t\t\t\t\t\t\t\t\t\t<\/div>\n\t\t\t\t\t<\/div>\n\t\t<\/div>\n\t\t\t\t<div class=\"elementor-column elementor-col-50 elementor-top-column elementor-element elementor-element-2dac103\" data-id=\"2dac103\" data-element_type=\"column\" data-e-type=\"column\">\n\t\t\t<div class=\"elementor-widget-wrap elementor-element-populated\">\n\t\t\t\t\t\t<div class=\"elementor-element elementor-element-6f1b8966 elementor-invisible elementor-widget elementor-widget-text-editor\" data-id=\"6f1b8966\" data-element_type=\"widget\" data-e-type=\"widget\" data-settings=\"{&quot;_animation&quot;:&quot;nussFadeInUp&quot;}\" data-widget_type=\"text-editor.default\">\n\t\t\t\t\t\t\t\t\t<p>Situato in uno dei quartieri di Chengdu pi\u00f9 ricchi di storia e meglio collegati, <strong>JIAN SHAN TANG<\/strong> Vi troverete a pochi passi da vivaci mercati, antichi templi e vivaci centri culturali, pur mantenendo un&#039;atmosfera di serena riservatezza. Che siate in viaggio per lavoro, per piacere o per immergervi nella leggendaria cucina, arte e filosofia del Sichuan, il nostro hotel \u00e8 progettato per essere il vostro rifugio personale, un luogo in cui ogni dettaglio, dal profumo nell&#039;aria alla consistenza della biancheria, vi invita a rallentare, respirare profondamente e riconnettervi con il mondo.<\/p><div class=\"my-2\">\u00a0<\/div><p>Dal momento in cui varcherete il nostro cortile soffuso di luce, dove il fruscio del bamb\u00f9 si fonde con il suono di una campana a vento in lontananza, sentirete il ritmo del mondo esterno dissolversi. L&#039;architettura fonde linee contemporanee minimaliste con le influenze classiche dei cortili del Sichuan, creando uno spazio che appare al tempo stesso intimo e spazioso. Materiali naturali \u2013 legno levigato, pietra calda, ceramiche artigianali \u2013 ancorano il design all&#039;autenticit\u00e0, mentre l&#039;illuminazione soffusa e gli spazi all&#039;aperto favoriscono un senso di calma che permea ogni angolo.<\/p>\t\t\t\t\t\t\t\t<\/div>\n\t\t\t\t\t<\/div>\n\t\t<\/div>\n\t\t\t\t\t<\/div>\n\t\t<\/section>\n\t\t\t\t<section class=\"elementor-section elementor-top-section elementor-element elementor-element-f81334a elementor-section-height-min-height elementor-section-stretched elementor-section-full_width elementor-section-items-stretch elementor-section-height-default elementor-section-column-vertical-align-stretch\" data-id=\"f81334a\" data-element_type=\"section\" data-e-type=\"section\" data-settings=\"{&quot;stretch_section&quot;:&quot;section-stretched&quot;}\">\n\t\t\t\t\t\t<div class=\"elementor-container elementor-column-gap-no\">\n\t\t\t\t\t<div class=\"elementor-column elementor-col-50 elementor-top-column elementor-element elementor-element-066ebe2\" data-id=\"066ebe2\" data-element_type=\"column\" data-e-type=\"column\">\n\t\t\t<div class=\"elementor-widget-wrap elementor-element-populated\">\n\t\t\t\t\t\t<div class=\"elementor-element elementor-element-c5309e0 elementor-invisible elementor-widget elementor-widget-text-editor\" data-id=\"c5309e0\" data-element_type=\"widget\" data-e-type=\"widget\" data-settings=\"{&quot;_animation&quot;:&quot;nussFadeInUp&quot;}\" data-widget_type=\"text-editor.default\">\n\t\t\t\t\t\t\t\t\t<p>A <strong>JIAN SHAN TANG<\/strong>L&#039;ospitalit\u00e0 non si pratica, si vive. Il nostro team anticipa le vostre esigenze con discrezione e grazia, offrendo tocchi personalizzati come il t\u00e8 di benvenuto versato a mano in porcellana artigianale, itinerari locali curati e un accesso agevole alle perle nascoste di Chengdu. Che stiate esplorando le vicine <strong>Monastero di Wenshu<\/strong>, vagando attraverso <strong>Vicolo Kuanzhai<\/strong>, o prepararsi per un viaggio in treno ad alta velocit\u00e0 da <strong>Stazione ferroviaria di Chengdu Nord<\/strong>, la nostra posizione in <strong>Distretto di Jinniu<\/strong> garantisce una connettivit\u00e0 senza sforzo senza rinunciare alla tranquillit\u00e0.<\/p><div class=\"my-2\">\u00a0<\/div><p>Ogni camera e suite \u00e8 un santuario di design curato nei minimi dettagli, con biancheria da letto di alta qualit\u00e0, finestre insonorizzate, climatizzazione intelligente e bagni dotati di docce a pioggia e servizi ecosostenibili. Ma oltre ai comfort, \u00e8... <em>sensazione<\/em> Ci\u00f2 che ci contraddistingue: la sensazione di essere veramente visti, accuditi e guidati con delicatezza nel tuo viaggio a Chengdu.<\/p><div class=\"my-2\">\u00a0<\/div><p>Cenare al JIAN SHAN TANG \u00e8 un&#039;estensione della ricca anima culinaria del Sichuan. Il nostro ristorante celebra i sapori audaci della regione con un tocco raffinato, servendo classici sapientemente speziati e specialit\u00e0 stagionali a base di ingredienti locali. Godetevi una tranquilla colazione a base di panini al vapore e congee alle erbe, oppure rilassatevi con una tazza di raro t\u00e8 Pu&#039;er alla luce delle lanterne serali.<\/p>\t\t\t\t\t\t\t\t<\/div>\n\t\t\t\t\t<\/div>\n\t\t<\/div>\n\t\t\t\t<div class=\"elementor-column elementor-col-50 elementor-top-column elementor-element elementor-element-4dc0f69\" data-id=\"4dc0f69\" data-element_type=\"column\" data-e-type=\"column\">\n\t\t\t<div class=\"elementor-widget-wrap elementor-element-populated\">\n\t\t\t\t\t\t<div class=\"elementor-element elementor-element-1f25783 elementor-widget__width-initial elementor-widget-mobile__width-inherit elementor-invisible nuss-elementor-loading nuss-slide-in-right elementor-widget elementor-widget-image\" data-id=\"1f25783\" data-element_type=\"widget\" data-e-type=\"widget\" data-settings=\"{&quot;_animation&quot;:&quot;nussSlideInRight&quot;}\" data-widget_type=\"image.default\">\n\t\t\t\t\t\t\t\t\t\t\t\t\t\t\t<img decoding=\"async\" width=\"1137\" height=\"853\" src=\"https:\/\/jianshantanghotel.com\/wp-content\/uploads\/2025\/09\/Jian-Shan-Tang-Chengdu-China-126.webp\" class=\"attachment-full size-full wp-image-5692\" alt=\"\" srcset=\"https:\/\/jianshantanghotel.com\/wp-content\/uploads\/2025\/09\/Jian-Shan-Tang-Chengdu-China-126.webp 1137w, https:\/\/jianshantanghotel.com\/wp-content\/uploads\/2025\/09\/Jian-Shan-Tang-Chengdu-China-126-300x225.webp 300w, https:\/\/jianshantanghotel.com\/wp-content\/uploads\/2025\/09\/Jian-Shan-Tang-Chengdu-China-126-1024x768.webp 1024w, https:\/\/jianshantanghotel.com\/wp-content\/uploads\/2025\/09\/Jian-Shan-Tang-Chengdu-China-126-768x576.webp 768w, https:\/\/jianshantanghotel.com\/wp-content\/uploads\/2025\/09\/Jian-Shan-Tang-Chengdu-China-126-16x12.webp 16w\" sizes=\"(max-width: 1137px) 100vw, 1137px\" \/>\t\t\t\t\t\t\t\t\t\t\t\t\t\t\t<\/div>\n\t\t\t\t\t<\/div>\n\t\t<\/div>\n\t\t\t\t\t<\/div>\n\t\t<\/section>\n\t\t\t\t<section class=\"elementor-section elementor-top-section elementor-element elementor-element-77bce18 elementor-section-height-min-height elementor-section-stretched elementor-section-full_width elementor-section-items-stretch elementor-section-height-default elementor-section-column-vertical-align-stretch\" data-id=\"77bce18\" data-element_type=\"section\" data-e-type=\"section\" data-settings=\"{&quot;stretch_section&quot;:&quot;section-stretched&quot;}\">\n\t\t\t\t\t\t<div class=\"elementor-container elementor-column-gap-no\">\n\t\t\t\t\t<div class=\"elementor-column elementor-col-50 elementor-top-column elementor-element elementor-element-8fbad76\" data-id=\"8fbad76\" data-element_type=\"column\" data-e-type=\"column\">\n\t\t\t<div class=\"elementor-widget-wrap elementor-element-populated\">\n\t\t\t\t\t\t<div class=\"elementor-element elementor-element-9718a80 elementor-widget__width-initial elementor-widget-mobile__width-inherit elementor-invisible nuss-elementor-loading nuss-slide-in-right elementor-widget elementor-widget-image\" data-id=\"9718a80\" data-element_type=\"widget\" data-e-type=\"widget\" data-settings=\"{&quot;_animation&quot;:&quot;nussSlideInRight&quot;}\" data-widget_type=\"image.default\">\n\t\t\t\t\t\t\t\t\t\t\t\t\t\t\t<img decoding=\"async\" width=\"1137\" height=\"853\" src=\"https:\/\/jianshantanghotel.com\/wp-content\/uploads\/2025\/09\/Jian-Shan-Tang-Chengdu-China-126.webp\" class=\"attachment-full size-full wp-image-5692\" alt=\"\" srcset=\"https:\/\/jianshantanghotel.com\/wp-content\/uploads\/2025\/09\/Jian-Shan-Tang-Chengdu-China-126.webp 1137w, https:\/\/jianshantanghotel.com\/wp-content\/uploads\/2025\/09\/Jian-Shan-Tang-Chengdu-China-126-300x225.webp 300w, https:\/\/jianshantanghotel.com\/wp-content\/uploads\/2025\/09\/Jian-Shan-Tang-Chengdu-China-126-1024x768.webp 1024w, https:\/\/jianshantanghotel.com\/wp-content\/uploads\/2025\/09\/Jian-Shan-Tang-Chengdu-China-126-768x576.webp 768w, https:\/\/jianshantanghotel.com\/wp-content\/uploads\/2025\/09\/Jian-Shan-Tang-Chengdu-China-126-16x12.webp 16w\" sizes=\"(max-width: 1137px) 100vw, 1137px\" \/>\t\t\t\t\t\t\t\t\t\t\t\t\t\t\t<\/div>\n\t\t\t\t\t<\/div>\n\t\t<\/div>\n\t\t\t\t<div class=\"elementor-column elementor-col-50 elementor-top-column elementor-element elementor-element-688b89e\" data-id=\"688b89e\" data-element_type=\"column\" data-e-type=\"column\">\n\t\t\t<div class=\"elementor-widget-wrap elementor-element-populated\">\n\t\t\t\t\t\t<div class=\"elementor-element elementor-element-cb59145 elementor-invisible elementor-widget elementor-widget-text-editor\" data-id=\"cb59145\" data-element_type=\"widget\" data-e-type=\"widget\" data-settings=\"{&quot;_animation&quot;:&quot;nussFadeInUp&quot;}\" data-widget_type=\"text-editor.default\">\n\t\t\t\t\t\t\t\t\t<p data-spm-anchor-id=\"a2ty_o01.29997173.0.i26.2cc3c921DC36FP\">Con servizi impeccabili, tra cui reception aperta 24 ore su 24, Wi-Fi ad alta velocit\u00e0, servizi benessere e servizio di pulizia discreto, ogni aspetto del vostro soggiorno \u00e8 pensato per offrirvi semplicit\u00e0, comfort e autenticit\u00e0. Che siate qui per una fuga di fine settimana o per un&#039;immersione culturale prolungata, <strong>Hotel JIAN SHAN TANG<\/strong> offre pi\u00f9 di un semplice alloggio: offre un&#039;esperienza radicata nell&#039;equilibrio, nella bellezza e nel senso di appartenenza.<\/p><div class=\"my-2\">\u00a0<\/div><p><strong>Venite per restare. Restate per sentire. Questo \u00e8 JIAN SHAN TANG, dove lo spirito di Chengdu incontra la quiete delle montagne.<\/strong><\/p><div class=\"my-2\">\u00a0<\/div><p>\ud83d\udccd <strong>Hotel JIAN SHAN TANG<\/strong><br \/>No. 20 Sandongqiao Road, Distretto Jinniu, Chengdu, Sichuan, 610031, Cina<br \/>\ud83d\udcde +86-28-61507788 | \ud83c\udf10 <a href=\"http:\/\/jianshantanghotel.com\/it\/\" target=\"_blank\" rel=\"nofollow noopener\">jianshantanghotel.com <\/a><\/p><div class=\"my-2\">\u00a0<\/div><p><em>Il tuo viaggio tranquillo inizia qui.<\/em><\/p>\t\t\t\t\t\t\t\t<\/div>\n\t\t\t\t\t<\/div>\n\t\t<\/div>\n\t\t\t\t\t<\/div>\n\t\t<\/section>\n\t\t\t\t<section class=\"elementor-section elementor-top-section elementor-element elementor-element-2092b7d0 elementor-section-stretched elementor-section-boxed elementor-section-gap-beside-yes elementor-section-height-default elementor-section-height-default elementor-section-column-vertical-align-stretch\" data-id=\"2092b7d0\" data-element_type=\"section\" data-e-type=\"section\" data-settings=\"{&quot;background_background&quot;:&quot;classic&quot;,&quot;stretch_section&quot;:&quot;section-stretched&quot;}\">\n\t\t\t\t\t\t<div class=\"elementor-container elementor-column-gap-extended\">\n\t\t\t\t\t<div class=\"elementor-column elementor-col-100 elementor-top-column elementor-element elementor-element-be69d75\" data-id=\"be69d75\" data-element_type=\"column\" data-e-type=\"column\">\n\t\t\t<div class=\"elementor-widget-wrap elementor-element-populated\">\n\t\t\t\t\t\t<div class=\"elementor-element elementor-element-726d0a9 elementor-widget elementor-widget-nuss-heading\" data-id=\"726d0a9\" data-element_type=\"widget\" data-e-type=\"widget\" data-widget_type=\"nuss-heading.default\">\n\t\t\t\t<div class=\"elementor-widget-container\">\n\t\t\t\t\t\t\t<div class=\"nuss-modern-heading\">\r\n\t\t\t\r\n\t\t\t\t\t\t<div class=\"heading-primary-wrap\">\r\n\t\t\t\t<h2 class=\"heading-primary elementor-heading-title\">Controlla disponibile <\/h2>\t\t\t<\/div>\r\n\t\t\r\n\t\t\t\r\n\t\t\t\t\t<\/div>\r\n\t\t\t\t\t<\/div>\n\t\t\t\t<\/div>\n\t\t\t\t<div class=\"elementor-element elementor-element-f305f53 elementor-widget elementor-widget-text-editor\" data-id=\"f305f53\" data-element_type=\"widget\" data-e-type=\"widget\" data-widget_type=\"text-editor.default\">\n\t\t\t\t\t\t\t\t\t<iframe border=\"0\" src=\"https:\/\/www.trip.com\/partners\/ad\/S5304749?Allianceid=4590391&#038;SID=257863943&#038;trip_sub1=\" style=\"width:900px;height:200px\" frameborder=\"0\" scrolling=\"no\" id=\"S5304749\"><\/iframe>\t\t\t\t\t\t\t\t<\/div>\n\t\t\t\t\t<\/div>\n\t\t<\/div>\n\t\t\t\t\t<\/div>\n\t\t<\/section>\n\t\t\t\t<\/div>","protected":false},"excerpt":{"rendered":"<p>Welcome to JIAN SHAN TANG Hotel Tucked away on No. 20 Sandongqiao Road in the dynamic Jinniu District of Chengdu, Sichuan, China, JIAN SHAN TANG Hotel stands as a quiet masterpiece of design, culture, and mindful hospitality. More than just a place to rest your head, this boutique sanctuary redefines urban luxury by weaving together [&hellip;]<\/p>\n","protected":false},"author":1,"featured_media":0,"parent":0,"menu_order":0,"comment_status":"closed","ping_status":"closed","template":"","meta":{"footnotes":""},"class_list":["post-5266","page","type-page","status-publish","hentry","post-no-thumbnail"],"_links":{"self":[{"href":"https:\/\/jianshantanghotel.com\/it\/wp-json\/wp\/v2\/pages\/5266","targetHints":{"allow":["GET"]}}],"collection":[{"href":"https:\/\/jianshantanghotel.com\/it\/wp-json\/wp\/v2\/pages"}],"about":[{"href":"https:\/\/jianshantanghotel.com\/it\/wp-json\/wp\/v2\/types\/page"}],"author":[{"embeddable":true,"href":"https:\/\/jianshantanghotel.com\/it\/wp-json\/wp\/v2\/users\/1"}],"replies":[{"embeddable":true,"href":"https:\/\/jianshantanghotel.com\/it\/wp-json\/wp\/v2\/comments?post=5266"}],"version-history":[{"count":0,"href":"https:\/\/jianshantanghotel.com\/it\/wp-json\/wp\/v2\/pages\/5266\/revisions"}],"wp:attachment":[{"href":"https:\/\/jianshantanghotel.com\/it\/wp-json\/wp\/v2\/media?parent=5266"}],"curies":[{"name":"parola chiave","href":"https:\/\/api.w.org\/{rel}","templated":true}]}}