{"id":647,"date":"2021-03-29T02:13:52","date_gmt":"2021-03-29T02:13:52","guid":{"rendered":"http:\/\/localhost\/nuss\/?page_id=647"},"modified":"2025-09-10T11:49:14","modified_gmt":"2025-09-10T11:49:14","slug":"services","status":"publish","type":"page","link":"https:\/\/jianshantanghotel.com\/fr\/services\/","title":{"rendered":"Services"},"content":{"rendered":"<div data-elementor-type=\"wp-page\" data-elementor-id=\"647\" class=\"elementor elementor-647\">\n\t\t\t\t\t\t<section class=\"elementor-section elementor-top-section elementor-element elementor-element-3353bc8 elementor-section-boxed elementor-section-gap-beside-yes elementor-section-height-default elementor-section-height-default elementor-section-column-vertical-align-stretch\" data-id=\"3353bc8\" data-element_type=\"section\" data-e-type=\"section\">\n\t\t\t\t\t\t<div class=\"elementor-container elementor-column-gap-extended\">\n\t\t\t\t\t<div class=\"elementor-column elementor-col-100 elementor-top-column elementor-element elementor-element-0a2bc64\" data-id=\"0a2bc64\" data-element_type=\"column\" data-e-type=\"column\">\n\t\t\t<div class=\"elementor-widget-wrap elementor-element-populated\">\n\t\t\t\t\t\t<div class=\"elementor-element elementor-element-447e3ef elementor-widget__width-initial elementor-invisible elementor-widget elementor-widget-text-editor\" data-id=\"447e3ef\" data-element_type=\"widget\" data-e-type=\"widget\" data-settings=\"{&quot;_animation&quot;:&quot;nussFadeInUp&quot;}\" data-widget_type=\"text-editor.default\">\n\t\t\t\t\t\t\t\t\t<p><strong data-spm-anchor-id=\"a2ty_o01.29997173.0.i59.2cc3c921DC36FP\">Les services attentionn\u00e9s de l&#039;h\u00f4tel JIAN SHAN TANG, Chengdu<\/strong><\/p>\t\t\t\t\t\t\t\t<\/div>\n\t\t\t\t\t<\/div>\n\t\t<\/div>\n\t\t\t\t\t<\/div>\n\t\t<\/section>\n\t\t<div class=\"elementor-element elementor-element-c56a63c e-flex e-con-boxed e-con e-parent\" data-id=\"c56a63c\" data-element_type=\"container\" data-e-type=\"container\">\n\t\t\t\t\t<div class=\"e-con-inner\">\n\t\t\t\t<div class=\"elementor-element elementor-element-5ae5ccf elementor-widget elementor-widget-text-editor\" data-id=\"5ae5ccf\" data-element_type=\"widget\" data-e-type=\"widget\" data-widget_type=\"text-editor.default\">\n\t\t\t\t\t\t\t\t\t<p data-spm-anchor-id=\"a2ty_o01.29997173.0.i61.2cc3c921DC36FP\">\u00c0 <strong>H\u00f4tel JIAN SHAN TANG<\/strong>, nich\u00e9 \u00e0 <strong>N\u00b0 20 Sandongqiao Road dans le district culturellement riche de Jinniu de Chengdu, Sichuan, 610031, Chine<\/strong>Le service n\u2019est pas une liste de contr\u00f4le, c\u2019est un <strong>forme d&#039;art silencieuse<\/strong>, soigneusement compos\u00e9 pour honorer votre pr\u00e9sence, prot\u00e9ger votre paix et rehausser votre voyage \u00e0 travers l&#039;une des villes les plus \u00e9mouvantes de Chine.<\/p><p>D\u00e8s l&#039;instant o\u00f9 vous entrez dans notre cour sereine, o\u00f9 le bruissement du bambou rencontre le doux carillon d&#039;un \u00e9l\u00e9ment aquatique, vous remarquerez quelque chose de diff\u00e9rent : l&#039;absence de bruit, la pr\u00e9sence de soins et un sentiment d&#039;\u00eatre <strong>accueilli non pas comme un invit\u00e9, mais comme un voyageur accueilli<\/strong>. C&#039;est l&#039;essence m\u00eame de notre philosophie de service :<strong>intuitif, humain et profond\u00e9ment intentionnel<\/strong>.<\/p><p>Nous croyons que le v\u00e9ritable luxe ne r\u00e9side pas dans l\u2019opulence, mais dans <strong>les moments qui passent inaper\u00e7us jusqu&#039;\u00e0 ce qu&#039;ils soient manqu\u00e9s<\/strong>\u2014 la serviette parfaitement chaude apr\u00e8s un long voyage, la tisane offerte sans que vous la demandiez, ou le concierge qui se souvient de votre nom et de votre pr\u00e9f\u00e9rence pour les promenades matinales. Chez JIAN SHAN TANG, chaque service est con\u00e7u pour accompagner votre rythme, et non pour le perturber.<\/p><p>Ici, l\u2019hospitalit\u00e9 coule comme un fleuve tranquille : constante, douce et vivifiante.<\/p><div class=\"py-2 my-3\"><hr \/><\/div><h3><strong>Le fondement de notre \u00e9thique de service : la po\u00e9sie silencieuse en mouvement<\/strong><\/h3><p>Inspir\u00e9 par le concept zen de <em>Jian Shan<\/em>\u2014\u00ab voir les montagnes \u00bb \u2014 nos services sont ancr\u00e9s dans <strong>clart\u00e9, pleine conscience et \u00e9coute profonde<\/strong>Nous ne nous pr\u00e9cipitons pas. Nous ne submergeons pas. Au contraire, nous observons, anticipons et r\u00e9agissons avec gr\u00e2ce.<\/p><p>Notre personnel n\u2019est pas seulement form\u00e9 ; il est <strong>des soignants culturellement adapt\u00e9s<\/strong>\u2014 Nombre d&#039;entre eux sont n\u00e9s et ont grandi au Sichuan, avec une chaleur naturelle et une compr\u00e9hension profonde des traditions locales et des attentes mondiales. Ils parlent <strong>Mandarin, anglais et certaines langues maternelles des clients<\/strong>, garantissant une communication fluide sans la froideur des applications de traduction.<\/p><p>C&#039;est cette touche humaine qui transforme un s\u00e9jour en un <strong>exp\u00e9rience significative<\/strong>.<\/p><div class=\"py-2 my-3\"><hr \/><\/div><h3><strong>Services clients complets con\u00e7us pour le confort et la connexion<\/strong><\/h3><h4><strong>1. Concierge 24h\/24\u00a0: votre guide personnel de Chengdu<\/strong><\/h4><p>Plus qu&#039;un bureau, notre concierge est votre <strong>boussole culturelle<\/strong>Que vous recherchiez un salon de th\u00e9 cach\u00e9 connu uniquement des locaux, que vous souhaitiez assister \u00e0 une repr\u00e9sentation priv\u00e9e d&#039;op\u00e9ra du Sichuan ou que vous ayez besoin d&#039;aide pour naviguer dans les horaires des trains \u00e0 grande vitesse, notre \u00e9quipe \u00e9labore <strong>itin\u00e9raires personnalis\u00e9s<\/strong> qui vont au-del\u00e0 des sentiers touristiques.<\/p><ul dir=\"auto\"><li><strong>Exp\u00e9riences culturelles<\/strong>:Organisez des ateliers de calligraphie, des c\u00e9r\u00e9monies du th\u00e9 ou des visites au monast\u00e8re de Wenshu avec une m\u00e9ditation dirig\u00e9e par un moine.<\/li><li><strong>R\u00e9servations pour les repas<\/strong>: R\u00e9servez des tables dans des restaurants recommand\u00e9s par Michelin ou dans des stands de nouilles familiaux appr\u00e9ci\u00e9s des habitants de Chengdu.<\/li><li><strong>Coordination des transports<\/strong>:R\u00e9servez facilement des transferts a\u00e9roport, des trajets Didi ou des visites guid\u00e9es de la ville.<\/li><li><strong>Soutien d&#039;urgence<\/strong>:L&#039;assistance linguistique, les r\u00e9f\u00e9rences m\u00e9dicales et la r\u00e9cup\u00e9ration des objets perdus sont trait\u00e9es avec urgence et discr\u00e9tion.<\/li><\/ul><div class=\"py-2 my-3\"><hr \/><\/div><h4><strong>2. Arriv\u00e9e et d\u00e9part sans accroc<\/strong><\/h4><p>Nous comprenons que le voyage commence d\u00e8s votre d\u00e9part. C&#039;est pourquoi nous vous proposons\u00a0:<\/p><ul dir=\"auto\"><li><strong>Service de prise en charge prioritaire \u00e0 l&#039;a\u00e9roport<\/strong>:Disponible sur demande, notre <strong>v\u00e9hicules priv\u00e9s climatis\u00e9s<\/strong> rendez-vous \u00e0 <strong>A\u00e9roport international de Chengdu Shuangliu (CTU) ou Tianfu (TFU)<\/strong>, avec chauffeurs bilingues et commodit\u00e9s d&#039;accueil.<\/li><li><strong>Enregistrement\/D\u00e9part express<\/strong>:Pour les clients ayant des horaires serr\u00e9s, nous proposons un enregistrement num\u00e9rique et un traitement rapide.<\/li><li><strong>Bagages et voiturier<\/strong>Rangez vos bagages en toute s\u00e9curit\u00e9 avant votre arriv\u00e9e ou apr\u00e8s votre d\u00e9part. Un service de voiturier est disponible pour les personnes arrivant en voiture.<\/li><\/ul><div class=\"py-2 my-3\"><hr \/><\/div><h4><strong>3. Confort en chambre et \u00e9quipements bien pens\u00e9s<\/strong><\/h4><p>Chaque d\u00e9tail de votre chambre a \u00e9t\u00e9 pens\u00e9 pour favoriser votre bien-\u00eatre et votre confort :<\/p><ul dir=\"auto\"><li><strong>Literie haut de gamme<\/strong>:Oreillers hypoallerg\u00e9niques, draps \u00e0 nombre de fils \u00e9lev\u00e9 et rideaux occultants pour un sommeil r\u00e9parateur.<\/li><li><strong>Kit bien-\u00eatre<\/strong>:Comprend des masques pour les yeux, des bouchons d&#039;oreilles, des tisanes pour le sommeil et des tapis d&#039;acupression sur demande.<\/li><li><strong>Contr\u00f4le intelligent du climat et de l&#039;\u00e9clairage<\/strong>:R\u00e9glez la temp\u00e9rature et l&#039;ambiance avec des panneaux intuitifs.<\/li><li><strong>Rafra\u00eechissements gratuits au mini-bar<\/strong>:Proposant des th\u00e9s locaux du Sichuan, de l&#039;eau p\u00e9tillante et des collations saines.<\/li><li><strong>Configuration pr\u00eate \u00e0 l&#039;emploi<\/strong>:Bureau ergonomique spacieux, deux prises USB\/AC et location d&#039;\u00e9cran en option pour les professionnels \u00e0 distance.<\/li><\/ul><div class=\"py-2 my-3\"><hr \/><\/div><h4><strong>4. Soutien aux entreprises et aux professionnels<\/strong><\/h4><p>Pour le voyageur moderne qui cherche \u00e0 concilier travail et exploration, nous proposons un <strong>\u00e9cosyst\u00e8me raffin\u00e9 de services aux entreprises<\/strong>:<\/p><ul dir=\"auto\"><li><strong>Centre d&#039;affaires ouvert 24h\/24<\/strong>:Espace de travail calme et insonoris\u00e9 avec Internet par fibre optique haut d\u00e9bit, capacit\u00e9s d&#039;impression, de num\u00e9risation et de vid\u00e9oconf\u00e9rence.<\/li><li><strong>Salles de r\u00e9union priv\u00e9es<\/strong>:Des espaces \u00e9l\u00e9gants et \u00e9quip\u00e9s de technologies pouvant accueillir jusqu&#039;\u00e0 12 personnes, id\u00e9aux pour les r\u00e9unions clients ou les briefings d&#039;\u00e9quipe.<\/li><li><strong>Services de traduction et de secr\u00e9tariat \u00e0 la demande<\/strong>:Disponible pour des n\u00e9gociations internationales ou la pr\u00e9paration de documents.<\/li><li><strong>Courrier et traitement de documents<\/strong>:Livraison express via SF Express ou EMS, avec emballage et support douanier.<\/li><\/ul><div class=\"py-2 my-3\"><hr \/><\/div><h4><strong>5. Bien-\u00eatre et vie consciente<\/strong><\/h4><p>Chez JIAN SHAN TANG, le bien-\u00eatre fait partie int\u00e9grante de la vie quotidienne :<\/p><ul dir=\"auto\"><li><strong>Kits de yoga et de m\u00e9ditation en chambre<\/strong>:Comprend un tapis, des s\u00e9ances audio guid\u00e9es et des exercices de respiration.<\/li><li><strong>Programme de tisanes<\/strong>:Une s\u00e9lection soign\u00e9e de th\u00e9s cultiv\u00e9s au Sichuan, servis dans de la porcelaine artisanale : choisissez entre le chrysanth\u00e8me apaisant, le ginseng \u00e9nergisant ou le pu&#039;er digestif.<\/li><li><strong>Zones tranquilles<\/strong>:Des espaces d\u00e9sign\u00e9s dans tout l&#039;h\u00f4tel pour la lecture, la journalisation ou la d\u00e9sintoxication num\u00e9rique.<\/li><li><strong>Partenariats avec des praticiens locaux du bien-\u00eatre<\/strong>: R\u00e9servez des s\u00e9ances priv\u00e9es de tai-chi, des consultations de MTC ou d&#039;acupuncture dans des cliniques \u00e0 proximit\u00e9.<\/li><\/ul><div class=\"py-2 my-3\"><hr \/><\/div><h4><strong>6. Soins culinaires et repas personnalis\u00e9s<\/strong><\/h4><p>Notre restaurant et notre service en chambre refl\u00e8tent notre engagement envers <strong>nourriture avec intention<\/strong>:<\/p><ul dir=\"auto\"><li><strong>Horaires de restauration flexibles<\/strong>:Petit-d\u00e9jeuner servi \u00e0 partir de 6h30; collations l\u00e9g\u00e8res disponibles en fin de soir\u00e9e jusqu&#039;\u00e0 22h00.<\/li><li><strong>Am\u00e9nagements di\u00e9t\u00e9tiques<\/strong>:Options v\u00e9g\u00e9tariennes, v\u00e9g\u00e9taliennes, sans gluten, halal et peu \u00e9pic\u00e9es pr\u00e9par\u00e9es avec soin.<\/li><li><strong>Restauration en chambre avec narration<\/strong>:Les plats sont servis avec des notes expliquant leur signification culturelle, comme l&#039;histoire derri\u00e8re votre tofu mapo.<\/li><li><strong>Exp\u00e9riences de restauration priv\u00e9e<\/strong>:Organisez des r\u00e9unions intimes dans notre cour ou notre salle \u00e0 manger priv\u00e9e, avec des menus pr\u00e9par\u00e9s par le chef.<\/li><\/ul><div class=\"py-2 my-3\"><hr \/><\/div><h4><strong>7. Durabilit\u00e9 et service \u00e9co-responsable<\/strong><\/h4><p>Nous sommes convaincus que l&#039;h\u00f4tellerie responsable repr\u00e9sente l&#039;avenir. Nos pratiques \u00e9cologiques incluent\u00a0:<\/p><ul dir=\"auto\"><li><strong>Articles de toilette \u00e9cologiques<\/strong>:Bouteilles en verre rechargeables avec des formules v\u00e9g\u00e9tales et biod\u00e9gradables.<\/li><li><strong>Conservation de l&#039;eau<\/strong>:Douches \u00e0 faible d\u00e9bit et toilettes \u00e0 double chasse.<\/li><li><strong>R\u00e9duction des d\u00e9chets<\/strong>: Compostage, stations de recyclage et \u00e9limination des plastiques \u00e0 usage unique.<\/li><li><strong>Approvisionnement local<\/strong>:85% de nourriture et de mat\u00e9riaux proviennent du Sichuan, r\u00e9duisant ainsi l&#039;empreinte carbone et soutenant les communaut\u00e9s r\u00e9gionales.<\/li><\/ul><div class=\"py-2 my-3\"><hr \/><\/div><h4><strong>8. S\u00e9curit\u00e9, accessibilit\u00e9 et inclusion<\/strong><\/h4><p>Votre confort inclut le sentiment de s\u00e9curit\u00e9 et de respect :<\/p><ul dir=\"auto\"><li><strong>S\u00e9curit\u00e9 et surveillance 24h\/24 et 7j\/7<\/strong>:Surveillance discr\u00e8te avec personnel form\u00e9.<\/li><li><strong>Fonctionnalit\u00e9s d&#039;accessibilit\u00e9<\/strong>:Chambres, ascenseurs et espaces publics accessibles aux fauteuils roulants.<\/li><li><strong>Toilettes non genr\u00e9es et formation inclusive du personnel<\/strong>: Veiller \u00e0 ce que tous les invit\u00e9s se sentent accueillis et respect\u00e9s.<\/li><li><strong>Protocoles d&#039;incendie et d&#039;urgence<\/strong>:Des exercices r\u00e9guliers et des guides de s\u00e9curit\u00e9 multilingues dans chaque salle.<\/li><\/ul><div class=\"py-2 my-3\"><hr \/><\/div><h4><strong>9. Immersion culturelle et engagement des clients<\/strong><\/h4><p>Nous n&#039;h\u00e9bergeons pas seulement, nous <strong>connecter<\/strong>Nos exp\u00e9riences organis\u00e9es vous invitent \u00e0 d\u00e9couvrir l&#039;\u00e2me de Chengdu :<\/p><ul dir=\"auto\"><li><strong>Soir\u00e9es culturelles mensuelles<\/strong>:Calligraphie, d\u00e9coupage de papier ou spectacles de musique du Sichuan dans la cour.<\/li><li><strong>Livre d&#039;or et mur d&#039;histoires<\/strong>:Partagez votre voyage et lisez les r\u00e9flexions de voyageurs du monde entier.<\/li><li><strong>Collaborations artisanales locales<\/strong>:Achetez des souvenirs artisanaux, des fl\u00fbtes en bambou aux \u00e9ventails en soie, directement aupr\u00e8s des fabricants.<\/li><\/ul><div class=\"py-2 my-3\"><hr \/><\/div><h3><strong>Un service qui grandit avec vous<\/strong><\/h3><p>Ce qui distingue vraiment JIAN SHAN TANG, c&#039;est notre capacit\u00e9 \u00e0 <strong>souviens-toi<\/strong>Revenez en tant qu&#039;invit\u00e9 et vous trouverez peut-\u00eatre votre th\u00e9 pr\u00e9f\u00e9r\u00e9 d\u00e9j\u00e0 pr\u00eat, ou un mot faisant r\u00e9f\u00e9rence \u00e0 votre derni\u00e8re visite \u00e0 la base des pandas. Nous ne consid\u00e9rons pas les s\u00e9jours comme des \u00e9v\u00e9nements isol\u00e9s, mais comme <strong>chapitres d&#039;une histoire en cours<\/strong>.<\/p><p>Nos services \u00e9voluent au gr\u00e9 des retours, des saisons et des besoins changeants des voyageurs du monde entier. Que vous soyez ici pour une nuit ou un mois, que vous recherchiez la solitude ou le partage, nous nous adaptons \u2013 avec calme, respect et attention.<\/p><div class=\"py-2 my-3\"><hr \/><\/div><h3><strong>Conclusion : Le service comme sanctuaire<\/strong><\/h3><p>Dans un monde d\u2019automatisation et de transactions impersonnelles, <strong>H\u00f4tel JIAN SHAN TANG<\/strong> offre quelque chose de rare : <strong>l&#039;hospitalit\u00e9 avec une \u00e2me<\/strong>.<\/p><p>Nos services ne sont ni tapageurs ni tape-\u00e0-l&#039;\u0153il. Ils sont <strong>pr\u00e9sent, pr\u00e9cis et profond\u00e9ment humain<\/strong>\u2014con\u00e7u pour vous bercer dans le confort, inspirer votre curiosit\u00e9 et vous laisser non seulement satisfait, mais aussi vu.<\/p><p>Ce n\u2019est pas seulement un h\u00f4tel.<br \/>C&#039;est un <strong>sanctuaire de service<\/strong>, o\u00f9 chaque geste est porteur de sens, et chaque s\u00e9jour devient un acte silencieux de retour.<\/p><div class=\"my-2\">\u00a0<\/div><p>\ud83d\udccd <strong>H\u00f4tel JIAN SHAN TANG<\/strong><br \/>No. 20 Sandongqiao Road, district de Jinniu, Chengdu, Sichuan, 610031, Chine<br \/>\ud83d\udcde +86-28-61507788 | \ud83c\udf10 <a href=\"https:\/\/jianshantanghotel.com\/fr\/\">https:\/\/jianshantanghotel.com<\/a><\/p><p><em>L\u00e0 o\u00f9 les soins se manifestent en silence et o\u00f9 chaque besoin est satisfait avant d&#039;\u00eatre exprim\u00e9.<\/em><\/p>\t\t\t\t\t\t\t\t<\/div>\n\t\t\t\t\t<\/div>\n\t\t\t\t<\/div>\n\t\t\t\t<section class=\"elementor-section elementor-top-section elementor-element elementor-element-5e46ff5d elementor-section-stretched elementor-section-boxed elementor-section-gap-beside-yes elementor-section-height-default elementor-section-height-default elementor-section-column-vertical-align-stretch\" data-id=\"5e46ff5d\" data-element_type=\"section\" data-e-type=\"section\" data-settings=\"{&quot;background_background&quot;:&quot;classic&quot;,&quot;stretch_section&quot;:&quot;section-stretched&quot;}\">\n\t\t\t\t\t\t<div class=\"elementor-container elementor-column-gap-extended\">\n\t\t\t\t\t<div class=\"elementor-column elementor-col-100 elementor-top-column elementor-element elementor-element-1cd37f2a\" data-id=\"1cd37f2a\" data-element_type=\"column\" data-e-type=\"column\">\n\t\t\t<div class=\"elementor-widget-wrap elementor-element-populated\">\n\t\t\t\t\t\t<div class=\"elementor-element elementor-element-1c59347e elementor-widget elementor-widget-nuss-heading\" data-id=\"1c59347e\" data-element_type=\"widget\" data-e-type=\"widget\" data-widget_type=\"nuss-heading.default\">\n\t\t\t\t<div class=\"elementor-widget-container\">\n\t\t\t\t\t\t\t<div class=\"nuss-modern-heading\">\r\n\t\t\t\r\n\t\t\t\t\t\t<div class=\"heading-primary-wrap\">\r\n\t\t\t\t<h2 class=\"heading-primary elementor-heading-title\">Ch\u00e8que disponible <\/h2>\t\t\t<\/div>\r\n\t\t\r\n\t\t\t\r\n\t\t\t\t\t<\/div>\r\n\t\t\t\t\t<\/div>\n\t\t\t\t<\/div>\n\t\t\t\t<div class=\"elementor-element elementor-element-7610e9b5 elementor-widget elementor-widget-text-editor\" data-id=\"7610e9b5\" data-element_type=\"widget\" data-e-type=\"widget\" data-widget_type=\"text-editor.default\">\n\t\t\t\t\t\t\t\t\t<iframe border=\"0\" src=\"https:\/\/www.trip.com\/partners\/ad\/S5304749?Allianceid=4590391&#038;SID=257863943&#038;trip_sub1=\" style=\"width:900px;height:200px\" frameborder=\"0\" scrolling=\"no\" id=\"S5304749\"><\/iframe>\t\t\t\t\t\t\t\t<\/div>\n\t\t\t\t\t<\/div>\n\t\t<\/div>\n\t\t\t\t\t<\/div>\n\t\t<\/section>\n\t\t\t\t<\/div>","protected":false},"excerpt":{"rendered":"<p>We do our best to offer all our guests the services and facilities to make their stay a memorable one. Eat&amp;Drink Restaurant &amp; Bar Suspendisse laoreet orci ac nulla vulputate pellentesque. Vivamus nec eleifend ex, eget molestie lorem. Integer sed sodales sapien. Cras aliquam fringilla elit sit amet fringilla. Open Daily: 7:00pm &#8211; 11:00pm Find [&hellip;]<\/p>\n","protected":false},"author":1,"featured_media":0,"parent":0,"menu_order":0,"comment_status":"closed","ping_status":"closed","template":"","meta":{"footnotes":""},"class_list":["post-647","page","type-page","status-publish","hentry","post-no-thumbnail"],"_links":{"self":[{"href":"https:\/\/jianshantanghotel.com\/fr\/wp-json\/wp\/v2\/pages\/647","targetHints":{"allow":["GET"]}}],"collection":[{"href":"https:\/\/jianshantanghotel.com\/fr\/wp-json\/wp\/v2\/pages"}],"about":[{"href":"https:\/\/jianshantanghotel.com\/fr\/wp-json\/wp\/v2\/types\/page"}],"author":[{"embeddable":true,"href":"https:\/\/jianshantanghotel.com\/fr\/wp-json\/wp\/v2\/users\/1"}],"replies":[{"embeddable":true,"href":"https:\/\/jianshantanghotel.com\/fr\/wp-json\/wp\/v2\/comments?post=647"}],"version-history":[{"count":0,"href":"https:\/\/jianshantanghotel.com\/fr\/wp-json\/wp\/v2\/pages\/647\/revisions"}],"wp:attachment":[{"href":"https:\/\/jianshantanghotel.com\/fr\/wp-json\/wp\/v2\/media?parent=647"}],"curies":[{"name":"wp","href":"https:\/\/api.w.org\/{rel}","templated":true}]}}