{"id":5266,"date":"2021-07-18T08:03:35","date_gmt":"2021-07-18T08:03:35","guid":{"rendered":"https:\/\/nuss.uxper.co\/luxury-resort\/?page_id=5266"},"modified":"2025-09-10T08:38:03","modified_gmt":"2025-09-10T08:38:03","slug":"a-propos-de-nous","status":"publish","type":"page","link":"https:\/\/jianshantanghotel.com\/fr\/a-propos-de-nous\/","title":{"rendered":"\u00c0 propos de nous"},"content":{"rendered":"<div data-elementor-type=\"wp-page\" data-elementor-id=\"5266\" class=\"elementor elementor-5266\">\n\t\t\t\t\t\t<section class=\"elementor-section elementor-top-section elementor-element elementor-element-10416953 elementor-section-boxed elementor-section-gap-beside-yes elementor-section-height-default elementor-section-height-default elementor-section-column-vertical-align-stretch\" data-id=\"10416953\" data-element_type=\"section\" data-e-type=\"section\">\n\t\t\t\t\t\t<div class=\"elementor-container elementor-column-gap-extended\">\n\t\t\t\t\t<div class=\"elementor-column elementor-col-100 elementor-top-column elementor-element elementor-element-29c6aa8\" data-id=\"29c6aa8\" data-element_type=\"column\" data-e-type=\"column\">\n\t\t\t<div class=\"elementor-widget-wrap elementor-element-populated\">\n\t\t\t\t\t\t<div class=\"elementor-element elementor-element-7be18fe7 elementor-widget__width-initial elementor-invisible elementor-widget elementor-widget-text-editor\" data-id=\"7be18fe7\" data-element_type=\"widget\" data-e-type=\"widget\" data-settings=\"{&quot;_animation&quot;:&quot;nussFadeInUp&quot;}\" data-widget_type=\"text-editor.default\">\n\t\t\t\t\t\t\t\t\t<p><strong data-spm-anchor-id=\"a2ty_o01.29997173.0.i22.2cc3c921DC36FP\">Bienvenue \u00e0 l&#039;h\u00f4tel JIAN SHAN TANG<\/strong><\/p>\t\t\t\t\t\t\t\t<\/div>\n\t\t\t\t\t<\/div>\n\t\t<\/div>\n\t\t\t\t\t<\/div>\n\t\t<\/section>\n\t\t\t\t<section class=\"elementor-section elementor-top-section elementor-element elementor-element-7d18327f elementor-section-boxed elementor-section-gap-beside-yes elementor-section-height-default elementor-section-height-default elementor-section-column-vertical-align-stretch\" data-id=\"7d18327f\" data-element_type=\"section\" data-e-type=\"section\">\n\t\t\t\t\t\t<div class=\"elementor-container elementor-column-gap-extended\">\n\t\t\t\t\t<div class=\"elementor-column elementor-col-50 elementor-top-column elementor-element elementor-element-56533670\" data-id=\"56533670\" data-element_type=\"column\" data-e-type=\"column\">\n\t\t\t<div class=\"elementor-widget-wrap elementor-element-populated\">\n\t\t\t\t\t\t<div class=\"elementor-element elementor-element-19c3f543 elementor-invisible elementor-widget elementor-widget-text-editor\" data-id=\"19c3f543\" data-element_type=\"widget\" data-e-type=\"widget\" data-settings=\"{&quot;_animation&quot;:&quot;nussFadeInUp&quot;}\" data-widget_type=\"text-editor.default\">\n\t\t\t\t\t\t\t\t\t<p>Nich\u00e9 sur <strong>N\u00b0 20 Sandongqiao Road dans le quartier dynamique de Jinniu \u00e0 Chengdu, Sichuan, Chine<\/strong>, <strong>H\u00f4tel JIAN SHAN TANG<\/strong> V\u00e9ritable chef-d&#039;\u0153uvre de design, de culture et d&#039;hospitalit\u00e9 attentionn\u00e9e, ce havre de paix red\u00e9finit le luxe urbain en alliant l&#039;\u00e9l\u00e9gance intemporelle de l&#039;esth\u00e9tique traditionnelle chinoise au confort raffin\u00e9 de la vie moderne. Inspir\u00e9 par l&#039;harmonie du calme montagnard (<em>Jian Shan<\/em> signifiant \u00ab voir les montagnes \u00bb) et le doux flux de la vie quotidienne, l&#039;h\u00f4tel offre une retraite rare o\u00f9 la tranquillit\u00e9 et l&#039;\u00e9nergie de la ville coexistent en parfait \u00e9quilibre.<\/p>\t\t\t\t\t\t\t\t<\/div>\n\t\t\t\t\t<\/div>\n\t\t<\/div>\n\t\t\t\t<div class=\"elementor-column elementor-col-50 elementor-top-column elementor-element elementor-element-30f14127\" data-id=\"30f14127\" data-element_type=\"column\" data-e-type=\"column\">\n\t\t\t<div class=\"elementor-widget-wrap elementor-element-populated\">\n\t\t\t\t\t\t<div class=\"elementor-element elementor-element-cad9bf2 elementor-widget elementor-widget-image\" data-id=\"cad9bf2\" data-element_type=\"widget\" data-e-type=\"widget\" data-widget_type=\"image.default\">\n\t\t\t\t\t\t\t\t\t\t\t\t\t\t\t<img fetchpriority=\"high\" decoding=\"async\" width=\"1024\" height=\"575\" src=\"https:\/\/jianshantanghotel.com\/wp-content\/uploads\/2025\/09\/Jian-Shan-Tang-Chengdu-China-3-1024x575.webp\" class=\"attachment-large size-large wp-image-5569\" alt=\"\" srcset=\"https:\/\/jianshantanghotel.com\/wp-content\/uploads\/2025\/09\/Jian-Shan-Tang-Chengdu-China-3-1024x575.webp 1024w, https:\/\/jianshantanghotel.com\/wp-content\/uploads\/2025\/09\/Jian-Shan-Tang-Chengdu-China-3-300x169.webp 300w, https:\/\/jianshantanghotel.com\/wp-content\/uploads\/2025\/09\/Jian-Shan-Tang-Chengdu-China-3-768x431.webp 768w, https:\/\/jianshantanghotel.com\/wp-content\/uploads\/2025\/09\/Jian-Shan-Tang-Chengdu-China-3-18x10.webp 18w, https:\/\/jianshantanghotel.com\/wp-content\/uploads\/2025\/09\/Jian-Shan-Tang-Chengdu-China-3.webp 1280w\" sizes=\"(max-width: 1024px) 100vw, 1024px\" \/>\t\t\t\t\t\t\t\t\t\t\t\t\t\t\t<\/div>\n\t\t\t\t\t<\/div>\n\t\t<\/div>\n\t\t\t\t\t<\/div>\n\t\t<\/section>\n\t\t\t\t<section class=\"elementor-section elementor-top-section elementor-element elementor-element-29fb8578 elementor-section-height-min-height elementor-section-stretched elementor-section-full_width elementor-section-items-stretch elementor-section-height-default elementor-section-column-vertical-align-stretch\" data-id=\"29fb8578\" data-element_type=\"section\" data-e-type=\"section\" data-settings=\"{&quot;stretch_section&quot;:&quot;section-stretched&quot;}\">\n\t\t\t\t\t\t<div class=\"elementor-container elementor-column-gap-no\">\n\t\t\t\t\t<div class=\"elementor-column elementor-col-50 elementor-top-column elementor-element elementor-element-40ac270b\" data-id=\"40ac270b\" data-element_type=\"column\" data-e-type=\"column\">\n\t\t\t<div class=\"elementor-widget-wrap elementor-element-populated\">\n\t\t\t\t\t\t<div class=\"elementor-element elementor-element-20872773 elementor-widget__width-initial elementor-widget-mobile__width-inherit elementor-invisible nuss-elementor-loading nuss-slide-in-right elementor-widget elementor-widget-image\" data-id=\"20872773\" data-element_type=\"widget\" data-e-type=\"widget\" data-settings=\"{&quot;_animation&quot;:&quot;nussSlideInRight&quot;}\" data-widget_type=\"image.default\">\n\t\t\t\t\t\t\t\t\t\t\t\t\t\t\t<img decoding=\"async\" width=\"1199\" height=\"853\" src=\"https:\/\/jianshantanghotel.com\/wp-content\/uploads\/2025\/09\/Jian-Shan-Tang-Chengdu-China-26.webp\" class=\"attachment-full size-full wp-image-5592\" alt=\"\" srcset=\"https:\/\/jianshantanghotel.com\/wp-content\/uploads\/2025\/09\/Jian-Shan-Tang-Chengdu-China-26.webp 1199w, https:\/\/jianshantanghotel.com\/wp-content\/uploads\/2025\/09\/Jian-Shan-Tang-Chengdu-China-26-300x213.webp 300w, https:\/\/jianshantanghotel.com\/wp-content\/uploads\/2025\/09\/Jian-Shan-Tang-Chengdu-China-26-1024x729.webp 1024w, https:\/\/jianshantanghotel.com\/wp-content\/uploads\/2025\/09\/Jian-Shan-Tang-Chengdu-China-26-768x546.webp 768w, https:\/\/jianshantanghotel.com\/wp-content\/uploads\/2025\/09\/Jian-Shan-Tang-Chengdu-China-26-18x12.webp 18w\" sizes=\"(max-width: 1199px) 100vw, 1199px\" \/>\t\t\t\t\t\t\t\t\t\t\t\t\t\t\t<\/div>\n\t\t\t\t\t<\/div>\n\t\t<\/div>\n\t\t\t\t<div class=\"elementor-column elementor-col-50 elementor-top-column elementor-element elementor-element-2dac103\" data-id=\"2dac103\" data-element_type=\"column\" data-e-type=\"column\">\n\t\t\t<div class=\"elementor-widget-wrap elementor-element-populated\">\n\t\t\t\t\t\t<div class=\"elementor-element elementor-element-6f1b8966 elementor-invisible elementor-widget elementor-widget-text-editor\" data-id=\"6f1b8966\" data-element_type=\"widget\" data-e-type=\"widget\" data-settings=\"{&quot;_animation&quot;:&quot;nussFadeInUp&quot;}\" data-widget_type=\"text-editor.default\">\n\t\t\t\t\t\t\t\t\t<p>Situ\u00e9 dans l&#039;un des quartiers les plus riches en histoire et les mieux desservis de Chengdu, <strong>JIAN SHAN TANG<\/strong> Vous \u00eates \u00e0 deux pas des march\u00e9s anim\u00e9s, des temples anciens et des centres culturels dynamiques, tout en pr\u00e9servant une atmosph\u00e8re de s\u00e9r\u00e9nit\u00e9 et d&#039;isolement. Que vous soyez en voyage d&#039;affaires, de loisirs ou pour vous plonger dans la gastronomie, l&#039;art et la philosophie l\u00e9gendaires du Sichuan, notre h\u00f4tel est con\u00e7u pour \u00eatre votre havre de paix\u00a0: un lieu o\u00f9 chaque d\u00e9tail, du parfum de l&#039;air \u00e0 la texture du linge, vous invite \u00e0 ralentir, \u00e0 respirer profond\u00e9ment et \u00e0 vous ressourcer.<\/p><div class=\"my-2\">\u00a0<\/div><p>D\u00e8s que vous franchissez la douce lumi\u00e8re de notre cour, o\u00f9 le bruissement des bambous se m\u00eale au tintement lointain d&#039;une carillon, vous vous sentirez comme un havre de paix. L&#039;architecture m\u00eale des lignes contemporaines minimalistes aux influences classiques des cours du Sichuan, cr\u00e9ant un espace \u00e0 la fois intime et spacieux. Des mat\u00e9riaux naturels \u2013 bois poli, pierre chaleureuse, c\u00e9ramique artisanale \u2013 ancrent l&#039;authenticit\u00e9 du design, tandis que l&#039;\u00e9clairage subtil et les espaces ouverts cr\u00e9ent une atmosph\u00e8re de calme qui impr\u00e8gne chaque recoin.<\/p>\t\t\t\t\t\t\t\t<\/div>\n\t\t\t\t\t<\/div>\n\t\t<\/div>\n\t\t\t\t\t<\/div>\n\t\t<\/section>\n\t\t\t\t<section class=\"elementor-section elementor-top-section elementor-element elementor-element-f81334a elementor-section-height-min-height elementor-section-stretched elementor-section-full_width elementor-section-items-stretch elementor-section-height-default elementor-section-column-vertical-align-stretch\" data-id=\"f81334a\" data-element_type=\"section\" data-e-type=\"section\" data-settings=\"{&quot;stretch_section&quot;:&quot;section-stretched&quot;}\">\n\t\t\t\t\t\t<div class=\"elementor-container elementor-column-gap-no\">\n\t\t\t\t\t<div class=\"elementor-column elementor-col-50 elementor-top-column elementor-element elementor-element-066ebe2\" data-id=\"066ebe2\" data-element_type=\"column\" data-e-type=\"column\">\n\t\t\t<div class=\"elementor-widget-wrap elementor-element-populated\">\n\t\t\t\t\t\t<div class=\"elementor-element elementor-element-c5309e0 elementor-invisible elementor-widget elementor-widget-text-editor\" data-id=\"c5309e0\" data-element_type=\"widget\" data-e-type=\"widget\" data-settings=\"{&quot;_animation&quot;:&quot;nussFadeInUp&quot;}\" data-widget_type=\"text-editor.default\">\n\t\t\t\t\t\t\t\t\t<p>\u00c0 <strong>JIAN SHAN TANG<\/strong>L&#039;hospitalit\u00e9 ne se joue pas, elle se vit. Notre \u00e9quipe anticipe vos besoins avec une gr\u00e2ce tranquille, en vous offrant des attentions personnalis\u00e9es comme un th\u00e9 de bienvenue servi \u00e0 la main dans de la porcelaine artisanale, des itin\u00e9raires locaux soigneusement s\u00e9lectionn\u00e9s et un acc\u00e8s facile aux tr\u00e9sors cach\u00e9s de Chengdu. Que vous exploriez les environs <strong>Monast\u00e8re de Wenshu<\/strong>, errant \u00e0 travers <strong>Ruelle Kuanzhai<\/strong>, ou se pr\u00e9parer pour un voyage en train \u00e0 grande vitesse depuis <strong>Gare de Chengdu Nord<\/strong>, notre emplacement \u00e0 <strong>District de Jinniu<\/strong> assure une connectivit\u00e9 sans effort sans sacrifier la paix.<\/p><div class=\"my-2\">\u00a0<\/div><p>Chaque chambre et suite est un v\u00e9ritable havre de paix au design soign\u00e9\u00a0: literie haut de gamme, fen\u00eatres insonoris\u00e9es, climatisation intelligente et salles de bains \u00e9quip\u00e9es de douches \u00e0 effet pluie et d&#039;\u00e9quipements \u00e9co-responsables. Mais au-del\u00e0 du confort, c&#039;est le\u2026 <em>sentiment<\/em> ce qui nous distingue : le sentiment d&#039;\u00eatre v\u00e9ritablement vu, pris en charge et guid\u00e9 en douceur tout au long de votre voyage \u00e0 Chengdu.<\/p><div class=\"my-2\">\u00a0<\/div><p>D\u00eener au JIAN SHAN TANG est une invitation \u00e0 la d\u00e9couverte de la riche cuisine du Sichuan. Notre restaurant c\u00e9l\u00e8bre les saveurs audacieuses de la r\u00e9gion avec une touche raffin\u00e9e, proposant des classiques savamment \u00e9pic\u00e9s et des sp\u00e9cialit\u00e9s de saison \u00e9labor\u00e9es \u00e0 partir d&#039;ingr\u00e9dients locaux. Savourez un petit-d\u00e9jeuner tranquille compos\u00e9 de petits pains vapeur et de congee aux herbes, ou d\u00e9tendez-vous avec une tasse de th\u00e9 Pu&#039;er rare \u00e0 la lueur des lanternes du soir.<\/p>\t\t\t\t\t\t\t\t<\/div>\n\t\t\t\t\t<\/div>\n\t\t<\/div>\n\t\t\t\t<div class=\"elementor-column elementor-col-50 elementor-top-column elementor-element elementor-element-4dc0f69\" data-id=\"4dc0f69\" data-element_type=\"column\" data-e-type=\"column\">\n\t\t\t<div class=\"elementor-widget-wrap elementor-element-populated\">\n\t\t\t\t\t\t<div class=\"elementor-element elementor-element-1f25783 elementor-widget__width-initial elementor-widget-mobile__width-inherit elementor-invisible nuss-elementor-loading nuss-slide-in-right elementor-widget elementor-widget-image\" data-id=\"1f25783\" data-element_type=\"widget\" data-e-type=\"widget\" data-settings=\"{&quot;_animation&quot;:&quot;nussSlideInRight&quot;}\" data-widget_type=\"image.default\">\n\t\t\t\t\t\t\t\t\t\t\t\t\t\t\t<img decoding=\"async\" width=\"1137\" height=\"853\" src=\"https:\/\/jianshantanghotel.com\/wp-content\/uploads\/2025\/09\/Jian-Shan-Tang-Chengdu-China-126.webp\" class=\"attachment-full size-full wp-image-5692\" alt=\"\" srcset=\"https:\/\/jianshantanghotel.com\/wp-content\/uploads\/2025\/09\/Jian-Shan-Tang-Chengdu-China-126.webp 1137w, https:\/\/jianshantanghotel.com\/wp-content\/uploads\/2025\/09\/Jian-Shan-Tang-Chengdu-China-126-300x225.webp 300w, https:\/\/jianshantanghotel.com\/wp-content\/uploads\/2025\/09\/Jian-Shan-Tang-Chengdu-China-126-1024x768.webp 1024w, https:\/\/jianshantanghotel.com\/wp-content\/uploads\/2025\/09\/Jian-Shan-Tang-Chengdu-China-126-768x576.webp 768w, https:\/\/jianshantanghotel.com\/wp-content\/uploads\/2025\/09\/Jian-Shan-Tang-Chengdu-China-126-16x12.webp 16w\" sizes=\"(max-width: 1137px) 100vw, 1137px\" \/>\t\t\t\t\t\t\t\t\t\t\t\t\t\t\t<\/div>\n\t\t\t\t\t<\/div>\n\t\t<\/div>\n\t\t\t\t\t<\/div>\n\t\t<\/section>\n\t\t\t\t<section class=\"elementor-section elementor-top-section elementor-element elementor-element-77bce18 elementor-section-height-min-height elementor-section-stretched elementor-section-full_width elementor-section-items-stretch elementor-section-height-default elementor-section-column-vertical-align-stretch\" data-id=\"77bce18\" data-element_type=\"section\" data-e-type=\"section\" data-settings=\"{&quot;stretch_section&quot;:&quot;section-stretched&quot;}\">\n\t\t\t\t\t\t<div class=\"elementor-container elementor-column-gap-no\">\n\t\t\t\t\t<div class=\"elementor-column elementor-col-50 elementor-top-column elementor-element elementor-element-8fbad76\" data-id=\"8fbad76\" data-element_type=\"column\" data-e-type=\"column\">\n\t\t\t<div class=\"elementor-widget-wrap elementor-element-populated\">\n\t\t\t\t\t\t<div class=\"elementor-element elementor-element-9718a80 elementor-widget__width-initial elementor-widget-mobile__width-inherit elementor-invisible nuss-elementor-loading nuss-slide-in-right elementor-widget elementor-widget-image\" data-id=\"9718a80\" data-element_type=\"widget\" data-e-type=\"widget\" data-settings=\"{&quot;_animation&quot;:&quot;nussSlideInRight&quot;}\" data-widget_type=\"image.default\">\n\t\t\t\t\t\t\t\t\t\t\t\t\t\t\t<img decoding=\"async\" width=\"1137\" height=\"853\" src=\"https:\/\/jianshantanghotel.com\/wp-content\/uploads\/2025\/09\/Jian-Shan-Tang-Chengdu-China-126.webp\" class=\"attachment-full size-full wp-image-5692\" alt=\"\" srcset=\"https:\/\/jianshantanghotel.com\/wp-content\/uploads\/2025\/09\/Jian-Shan-Tang-Chengdu-China-126.webp 1137w, https:\/\/jianshantanghotel.com\/wp-content\/uploads\/2025\/09\/Jian-Shan-Tang-Chengdu-China-126-300x225.webp 300w, https:\/\/jianshantanghotel.com\/wp-content\/uploads\/2025\/09\/Jian-Shan-Tang-Chengdu-China-126-1024x768.webp 1024w, https:\/\/jianshantanghotel.com\/wp-content\/uploads\/2025\/09\/Jian-Shan-Tang-Chengdu-China-126-768x576.webp 768w, https:\/\/jianshantanghotel.com\/wp-content\/uploads\/2025\/09\/Jian-Shan-Tang-Chengdu-China-126-16x12.webp 16w\" sizes=\"(max-width: 1137px) 100vw, 1137px\" \/>\t\t\t\t\t\t\t\t\t\t\t\t\t\t\t<\/div>\n\t\t\t\t\t<\/div>\n\t\t<\/div>\n\t\t\t\t<div class=\"elementor-column elementor-col-50 elementor-top-column elementor-element elementor-element-688b89e\" data-id=\"688b89e\" data-element_type=\"column\" data-e-type=\"column\">\n\t\t\t<div class=\"elementor-widget-wrap elementor-element-populated\">\n\t\t\t\t\t\t<div class=\"elementor-element elementor-element-cb59145 elementor-invisible elementor-widget elementor-widget-text-editor\" data-id=\"cb59145\" data-element_type=\"widget\" data-e-type=\"widget\" data-settings=\"{&quot;_animation&quot;:&quot;nussFadeInUp&quot;}\" data-widget_type=\"text-editor.default\">\n\t\t\t\t\t\t\t\t\t<p data-spm-anchor-id=\"a2ty_o01.29997173.0.i26.2cc3c921DC36FP\">Avec des services impeccables comme une r\u00e9ception ouverte 24h\/24, le Wi-Fi haut d\u00e9bit, des \u00e9quipements bien-\u00eatre et un service de m\u00e9nage discret, chaque aspect de votre s\u00e9jour est pens\u00e9 pour vous offrir confort, authenticit\u00e9 et bien-\u00eatre. Que vous soyez ici pour une escapade d&#039;un week-end ou une immersion culturelle prolong\u00e9e, <strong>H\u00f4tel JIAN SHAN TANG<\/strong> offre plus qu\u2019un h\u00e9bergement : il offre une exp\u00e9rience ancr\u00e9e dans l\u2019\u00e9quilibre, la beaut\u00e9 et l\u2019appartenance.<\/p><div class=\"my-2\">\u00a0<\/div><p><strong>Venez s\u00e9journer. Vivez l&#039;exp\u00e9rience. C&#039;est ici que se trouve JIAN SHAN TANG, l\u00e0 o\u00f9 l&#039;esprit de Chengdu rencontre le calme des montagnes.<\/strong><\/p><div class=\"my-2\">\u00a0<\/div><p>\ud83d\udccd <strong>H\u00f4tel JIAN SHAN TANG<\/strong><br \/>No. 20 Sandongqiao Road, district de Jinniu, Chengdu, Sichuan, 610031, Chine<br \/>\ud83d\udcde +86-28-61507788 | \ud83c\udf10 <a href=\"http:\/\/jianshantanghotel.com\/fr\/\" target=\"_blank\" rel=\"nofollow noopener\">jianshantanghotel.com <\/a><\/p><div class=\"my-2\">\u00a0<\/div><p><em>Votre voyage tranquille commence ici.<\/em><\/p>\t\t\t\t\t\t\t\t<\/div>\n\t\t\t\t\t<\/div>\n\t\t<\/div>\n\t\t\t\t\t<\/div>\n\t\t<\/section>\n\t\t\t\t<section class=\"elementor-section elementor-top-section elementor-element elementor-element-2092b7d0 elementor-section-stretched elementor-section-boxed elementor-section-gap-beside-yes elementor-section-height-default elementor-section-height-default elementor-section-column-vertical-align-stretch\" data-id=\"2092b7d0\" data-element_type=\"section\" data-e-type=\"section\" data-settings=\"{&quot;background_background&quot;:&quot;classic&quot;,&quot;stretch_section&quot;:&quot;section-stretched&quot;}\">\n\t\t\t\t\t\t<div class=\"elementor-container elementor-column-gap-extended\">\n\t\t\t\t\t<div class=\"elementor-column elementor-col-100 elementor-top-column elementor-element elementor-element-be69d75\" data-id=\"be69d75\" data-element_type=\"column\" data-e-type=\"column\">\n\t\t\t<div class=\"elementor-widget-wrap elementor-element-populated\">\n\t\t\t\t\t\t<div class=\"elementor-element elementor-element-726d0a9 elementor-widget elementor-widget-nuss-heading\" data-id=\"726d0a9\" data-element_type=\"widget\" data-e-type=\"widget\" data-widget_type=\"nuss-heading.default\">\n\t\t\t\t<div class=\"elementor-widget-container\">\n\t\t\t\t\t\t\t<div class=\"nuss-modern-heading\">\r\n\t\t\t\r\n\t\t\t\t\t\t<div class=\"heading-primary-wrap\">\r\n\t\t\t\t<h2 class=\"heading-primary elementor-heading-title\">Ch\u00e8que disponible <\/h2>\t\t\t<\/div>\r\n\t\t\r\n\t\t\t\r\n\t\t\t\t\t<\/div>\r\n\t\t\t\t\t<\/div>\n\t\t\t\t<\/div>\n\t\t\t\t<div class=\"elementor-element elementor-element-f305f53 elementor-widget elementor-widget-text-editor\" data-id=\"f305f53\" data-element_type=\"widget\" data-e-type=\"widget\" data-widget_type=\"text-editor.default\">\n\t\t\t\t\t\t\t\t\t<iframe border=\"0\" src=\"https:\/\/www.trip.com\/partners\/ad\/S5304749?Allianceid=4590391&#038;SID=257863943&#038;trip_sub1=\" style=\"width:900px;height:200px\" frameborder=\"0\" scrolling=\"no\" id=\"S5304749\"><\/iframe>\t\t\t\t\t\t\t\t<\/div>\n\t\t\t\t\t<\/div>\n\t\t<\/div>\n\t\t\t\t\t<\/div>\n\t\t<\/section>\n\t\t\t\t<\/div>","protected":false},"excerpt":{"rendered":"<p>Welcome to JIAN SHAN TANG Hotel Tucked away on No. 20 Sandongqiao Road in the dynamic Jinniu District of Chengdu, Sichuan, China, JIAN SHAN TANG Hotel stands as a quiet masterpiece of design, culture, and mindful hospitality. More than just a place to rest your head, this boutique sanctuary redefines urban luxury by weaving together [&hellip;]<\/p>\n","protected":false},"author":1,"featured_media":0,"parent":0,"menu_order":0,"comment_status":"closed","ping_status":"closed","template":"","meta":{"footnotes":""},"class_list":["post-5266","page","type-page","status-publish","hentry","post-no-thumbnail"],"_links":{"self":[{"href":"https:\/\/jianshantanghotel.com\/fr\/wp-json\/wp\/v2\/pages\/5266","targetHints":{"allow":["GET"]}}],"collection":[{"href":"https:\/\/jianshantanghotel.com\/fr\/wp-json\/wp\/v2\/pages"}],"about":[{"href":"https:\/\/jianshantanghotel.com\/fr\/wp-json\/wp\/v2\/types\/page"}],"author":[{"embeddable":true,"href":"https:\/\/jianshantanghotel.com\/fr\/wp-json\/wp\/v2\/users\/1"}],"replies":[{"embeddable":true,"href":"https:\/\/jianshantanghotel.com\/fr\/wp-json\/wp\/v2\/comments?post=5266"}],"version-history":[{"count":0,"href":"https:\/\/jianshantanghotel.com\/fr\/wp-json\/wp\/v2\/pages\/5266\/revisions"}],"wp:attachment":[{"href":"https:\/\/jianshantanghotel.com\/fr\/wp-json\/wp\/v2\/media?parent=5266"}],"curies":[{"name":"wp","href":"https:\/\/api.w.org\/{rel}","templated":true}]}}