{"id":2108,"date":"2021-03-26T06:46:16","date_gmt":"2021-03-26T06:46:16","guid":{"rendered":"http:\/\/localhost\/nuss\/?page_id=437"},"modified":"2025-09-10T12:10:39","modified_gmt":"2025-09-10T12:10:39","slug":"spa-bien-etre","status":"publish","type":"page","link":"https:\/\/jianshantanghotel.com\/fr\/spa-bien-etre\/","title":{"rendered":"Bien-\u00eatre et Spa"},"content":{"rendered":"<div data-elementor-type=\"wp-page\" data-elementor-id=\"2108\" class=\"elementor elementor-2108\">\n\t\t\t\t\t\t<section class=\"elementor-section elementor-top-section elementor-element elementor-element-e56a0cd elementor-section-boxed elementor-section-gap-beside-yes elementor-section-height-default elementor-section-height-default elementor-section-column-vertical-align-stretch\" data-id=\"e56a0cd\" data-element_type=\"section\" data-e-type=\"section\">\n\t\t\t\t\t\t<div class=\"elementor-container elementor-column-gap-extended\">\n\t\t\t\t\t<div class=\"elementor-column elementor-col-100 elementor-top-column elementor-element elementor-element-0b4465f\" data-id=\"0b4465f\" data-element_type=\"column\" data-e-type=\"column\">\n\t\t\t<div class=\"elementor-widget-wrap elementor-element-populated\">\n\t\t\t\t\t\t<div class=\"elementor-element elementor-element-c5bfb65 elementor-widget__width-initial elementor-invisible elementor-widget elementor-widget-text-editor\" data-id=\"c5bfb65\" data-element_type=\"widget\" data-e-type=\"widget\" data-settings=\"{&quot;_animation&quot;:&quot;nussFadeInUp&quot;}\" data-widget_type=\"text-editor.default\">\n\t\t\t\t\t\t\t\t\t<p><strong data-spm-anchor-id=\"a2ty_o01.29997173.0.i65.2cc3c921DC36FP\">Les installations de bien-\u00eatre tranquilles de l&#039;h\u00f4tel JIAN SHAN TANG, Chengdu<\/strong><\/p>\t\t\t\t\t\t\t\t<\/div>\n\t\t\t\t\t<\/div>\n\t\t<\/div>\n\t\t\t\t\t<\/div>\n\t\t<\/section>\n\t\t<div class=\"elementor-element elementor-element-f694f0e e-flex e-con-boxed e-con e-parent\" data-id=\"f694f0e\" data-element_type=\"container\" data-e-type=\"container\">\n\t\t\t\t\t<div class=\"e-con-inner\">\n\t\t\t\t<div class=\"elementor-element elementor-element-eecab24 elementor-widget elementor-widget-image\" data-id=\"eecab24\" data-element_type=\"widget\" data-e-type=\"widget\" data-widget_type=\"image.default\">\n\t\t\t\t\t\t\t\t\t\t\t\t\t\t\t<img fetchpriority=\"high\" decoding=\"async\" width=\"1024\" height=\"682\" src=\"https:\/\/jianshantanghotel.com\/wp-content\/uploads\/2025\/09\/Jian-Shan-Tang-Chengdu-China-107-1024x682.webp\" class=\"attachment-large size-large wp-image-5673\" alt=\"\" srcset=\"https:\/\/jianshantanghotel.com\/wp-content\/uploads\/2025\/09\/Jian-Shan-Tang-Chengdu-China-107-1024x682.webp 1024w, https:\/\/jianshantanghotel.com\/wp-content\/uploads\/2025\/09\/Jian-Shan-Tang-Chengdu-China-107-300x200.webp 300w, https:\/\/jianshantanghotel.com\/wp-content\/uploads\/2025\/09\/Jian-Shan-Tang-Chengdu-China-107-768x512.webp 768w, https:\/\/jianshantanghotel.com\/wp-content\/uploads\/2025\/09\/Jian-Shan-Tang-Chengdu-China-107-18x12.webp 18w, https:\/\/jianshantanghotel.com\/wp-content\/uploads\/2025\/09\/Jian-Shan-Tang-Chengdu-China-107.webp 1280w\" sizes=\"(max-width: 1024px) 100vw, 1024px\" \/>\t\t\t\t\t\t\t\t\t\t\t\t\t\t\t<\/div>\n\t\t\t\t\t<\/div>\n\t\t\t\t<\/div>\n\t\t<div class=\"elementor-element elementor-element-e012340 e-flex e-con-boxed e-con e-parent\" data-id=\"e012340\" data-element_type=\"container\" data-e-type=\"container\">\n\t\t\t\t\t<div class=\"e-con-inner\">\n\t\t\t\t<div class=\"elementor-element elementor-element-2ca63be elementor-widget elementor-widget-text-editor\" data-id=\"2ca63be\" data-element_type=\"widget\" data-e-type=\"widget\" data-widget_type=\"text-editor.default\">\n\t\t\t\t\t\t\t\t\t<p data-spm-anchor-id=\"a2ty_o01.29997173.0.i69.2cc3c921DC36FP\">Au coeur de <strong>District de Jinniu<\/strong>, o\u00f9 le pouls vibrant de Chengdu rencontre des traditions s\u00e9culaires de pleine conscience et d&#039;\u00e9quilibre, se trouve un sanctuaire con\u00e7u non seulement pour le repos, mais aussi pour <strong>renouvellement profond<\/strong>. \u00c0 <strong>H\u00f4tel JIAN SHAN TANG<\/strong>, situ\u00e9 \u00e0 <strong>No. 20 Sandongqiao Road, Chengdu, Sichuan, 610031, Chine<\/strong>Le bien-\u00eatre n&#039;est pas un service suppl\u00e9mentaire. Il fait partie int\u00e9grante de l&#039;exp\u00e9rience\u00a0: un voyage intentionnel qui invite les clients \u00e0 ralentir, \u00e0 respirer profond\u00e9ment et \u00e0 renouer avec leur rythme int\u00e9rieur.<\/p><p>Inspir\u00e9 par la philosophie zen de <em>Jian Shan<\/em>\u2014\u00ab voir les montagnes \u00bb \u2014 notre <strong>installations de bien-\u00eatre<\/strong> sont con\u00e7us pour vous aider \u00e0 vous \u00e9lever au-dessus du bruit de la vie moderne et \u00e0 retrouver la clart\u00e9. Plus qu&#039;un spa ou un centre de fitness, c&#039;est un <strong>retraite holistique enracin\u00e9e dans le riche h\u00e9ritage de la m\u00e9decine traditionnelle chinoise (MTC) du Sichuan, de l&#039;\u00e9quilibre tao\u00efste et de la vie consciente<\/strong>Chaque \u00e9l\u00e9ment, du parfum du bois de santal dans l\u2019air au doux \u00e9cho de l\u2019eau dans la cour, a \u00e9t\u00e9 con\u00e7u pour soutenir votre corps, votre esprit et votre \u00e2me.<\/p><p>Bienvenue dans un espace o\u00f9 le luxe rencontre le calme et o\u00f9 prendre soin de soi devient une forme de r\u00e9bellion silencieuse contre la pr\u00e9cipitation du monde.<\/p><div class=\"py-2 my-3\"><hr \/><\/div><h3><strong>Un sanctuaire de s\u00e9r\u00e9nit\u00e9 : la conception de notre espace bien-\u00eatre<\/strong><\/h3><p>Nich\u00e9 au c\u0153ur de la cour int\u00e9rieure paisible de l&#039;h\u00f4tel, l&#039;espace bien-\u00eatre est volontairement isol\u00e9 de l&#039;agitation de la ville. La lumi\u00e8re naturelle filtre \u00e0 travers des paravents en papier de riz, tandis que le doux bruissement des bambous et le ruissellement d&#039;une fontaine en pierre cr\u00e9ent un paysage sonore apaisant. L&#039;architecture s&#039;int\u00e8gre harmonieusement. <strong>Sichuan classique <em>siheyuan<\/em> (maison avec cour) conception<\/strong> avec un modernisme minimaliste : bois chaleureux, pierre polie et textures de lin doux ancrant l&#039;espace dans l&#039;authenticit\u00e9.<\/p><p>Ce n\u2019est pas un lieu de st\u00e9rilit\u00e9 clinique, mais de <strong>chaleur, intimit\u00e9 et intention<\/strong>Que vous soyez ici pour un massage de 90 minutes ou pour un moment de r\u00e9flexion tranquille, vous sentirez le rythme de votre respiration commencer \u00e0 s&#039;aligner sur le rythme de l&#039;espace.<\/p><div class=\"py-2 my-3\"><hr \/><\/div><h3><strong>Voyages Spa Signature : une gu\u00e9rison ancr\u00e9e dans la tradition<\/strong><\/h3><p>Au c\u0153ur de notre offre bien-\u00eatre se trouve le <strong>JIAN SHAN TANG Spa<\/strong>Un havre d&#039;harmonie sensorielle o\u00f9 les anciennes pratiques de gu\u00e9rison du Sichuan rencontrent des techniques modernes raffin\u00e9es. Nos th\u00e9rapeutes agr\u00e9\u00e9s sont form\u00e9s aux deux disciplines. <strong>Modalit\u00e9s de la m\u00e9decine traditionnelle chinoise<\/strong> et des normes internationales de bien-\u00eatre, garantissant des traitements \u00e0 la fois authentiques et ax\u00e9s sur les r\u00e9sultats.<\/p><h4><strong>Les th\u00e9rapies signatures comprennent\u00a0:<\/strong><\/h4><ul dir=\"auto\"><li><p><strong>Massage d&#039;harmonie des montagnes du Sichuan<\/strong><br \/>Un parcours corporel complet de 90 minutes combinant acupression, gua sha et techniques de massage profond, avec des huiles chaudes aux herbes infus\u00e9es de plantes locales comme le chuanxiong et la menthe. Con\u00e7u pour rel\u00e2cher les tensions, am\u00e9liorer la circulation et restaurer la sant\u00e9. <em>qi<\/em> (\u00e9nergie vitale).<\/p><\/li><li><p><strong>Th\u00e9rapie aux pierres de jade et au bambou<\/strong><br \/>Des pierres de jade lisses et chauff\u00e9es, consid\u00e9r\u00e9es dans la culture chinoise comme porteuses d&#039;une \u00e9nergie protectrice et \u00e9quilibrante, sont utilis\u00e9es avec des rouleaux de bambou sculpt\u00e9s \u00e0 la main pour faire fondre les raideurs musculaires et favoriser la d\u00e9toxification.<\/p><\/li><li><p><strong>Th\u00e9rapie par compresses \u00e0 base de plantes (Ai Ye Fu)<\/strong><br \/>Des bouquets chauds d\u2019herbes m\u00e9dicinales cuites \u00e0 la vapeur, comme l\u2019armoise, le gingembre et la citronnelle, sont press\u00e9s le long des m\u00e9ridiens \u00e9nerg\u00e9tiques pour apaiser les muscles endoloris, r\u00e9duire l\u2019inflammation et calmer le syst\u00e8me nerveux.<\/p><\/li><li><p><strong>Rajeunissement du visage avec des plantes du Sichuan<\/strong><br \/>Un soin du visage non invasif aux extraits de baies de goji, de th\u00e9 vert et de ch\u00e8vrefeuille, des ingr\u00e9dients reconnus depuis longtemps en Chine pour leurs propri\u00e9t\u00e9s antioxydantes et \u00e9claircissantes. Associ\u00e9 \u00e0 un massage gua sha doux pour un drainage lymphatique et un teint \u00e9clatant.<\/p><\/li><\/ul><p>Chaque traitement commence par une consultation tranquille et se termine par une tasse de tisane compos\u00e9e sur mesure, servie dans de la porcelaine artisanale pendant que vous vous attardez dans le salon de relaxation post-traitement.<\/p><div class=\"py-2 my-3\"><hr \/><\/div><h3><strong>Rituels de bien-\u00eatre au-del\u00e0 de la salle de soins<\/strong><\/h3><p>Chez JIAN SHAN TANG, le bien-\u00eatre va bien au-del\u00e0 de la table de massage. Nous proposons une s\u00e9lection soign\u00e9e de <strong>rituels quotidiens et exp\u00e9riences immersives<\/strong> con\u00e7u pour approfondir votre sens de la pr\u00e9sence.<\/p><h4><strong>1. Cultivation du Qi matinal\u00a0: Tai Chi et respiration dans la cour<\/strong><\/h4><p>Chaque matin au lever du soleil, les invit\u00e9s sont invit\u00e9s \u00e0 se joindre \u00e0 un <strong>s\u00e9ance douce de tai chi et qigong<\/strong> Dans la cour centrale. Anim\u00e9e par un ma\u00eetre local, cette pratique de 45 minutes harmonise la respiration, le mouvement et l&#039;intention, \u00e9veillant le corps et centrant l&#039;esprit. Tapis et robes l\u00e9g\u00e8res sont fournis.<\/p><h4><strong>2. M\u00e9ditation consciente autour du th\u00e9<\/strong><\/h4><p>En collaboration avec les ma\u00eetres du th\u00e9 du Sichuan, nous organisons <strong>c\u00e9r\u00e9monies du th\u00e9 guid\u00e9es<\/strong> Avec des th\u00e9s r\u00e9gionaux rares comme le Mengding Ganlu et le th\u00e9 tib\u00e9tain en brique Ya&#039;an. Ce rituel m\u00e9ditatif met l&#039;accent sur la pr\u00e9sence, la gratitude et l&#039;art de vivre lentement.<\/p><h4><strong>3. Bain sonore et m\u00e9ditation du gong<\/strong><\/h4><p>Organis\u00e9es chaque semaine dans le pavillon du jardin tranquille, ces s\u00e9ances utilisent des bols chantants tib\u00e9tains, des tons de cristal et des gongs en bronze chinois pour induire une relaxation profonde, lib\u00e9rer les blocages \u00e9nerg\u00e9tiques et soutenir l&#039;\u00e9quilibre \u00e9motionnel.<\/p><h4><strong>4. Consultations bien-\u00eatre personnalis\u00e9es en m\u00e9decine traditionnelle chinoise<\/strong><\/h4><p>Les invit\u00e9s peuvent r\u00e9server des s\u00e9ances priv\u00e9es avec visite <strong>Praticiens de la MTC<\/strong> pour le diagnostic du pouls, l&#039;analyse de la langue et des recommandations personnalis\u00e9es sur le r\u00e9gime alimentaire, les compl\u00e9ments \u00e0 base de plantes et les ajustements de style de vie en fonction de votre <em>yin-yang<\/em> \u00e9quilibre.<\/p><div class=\"py-2 my-3\"><hr \/><\/div><h3><strong>Fitness avec un objectif : Le studio corps-esprit<\/strong><\/h3><p>Pour ceux qui recherchent le mouvement comme forme de m\u00e9ditation, notre <strong>Studio Corps-Esprit<\/strong> offre un espace serein pour l&#039;auto-pratique et les s\u00e9ances guid\u00e9es.<\/p><ul dir=\"auto\"><li><strong>Cours de yoga quotidiens<\/strong>:Le Vinyasa, le Yin et le yoga r\u00e9parateur sont propos\u00e9s chaque matin et chaque soir, avec des cours d&#039;anglais en option.<\/li><li><strong>Pilates et conditionnement physique<\/strong>:S\u00e9ances \u00e0 faible impact ax\u00e9es sur l\u2019alignement, la force et la flexibilit\u00e9.<\/li><li><strong>Coins de m\u00e9ditation<\/strong>: Coins insonoris\u00e9s avec coussins, masques pour les yeux et audioguides pour une pleine conscience autoguid\u00e9e.<\/li><li><strong>Kits bien-\u00eatre en chambre<\/strong>:Disponible sur demande, y compris des tapis de yoga, des bandes de r\u00e9sistance et des pratiques audio guid\u00e9es.<\/li><\/ul><p>Le studio dispose de baies vitr\u00e9es donnant sur le jardin de bambous, permettant \u00e0 la lumi\u00e8re naturelle et \u00e0 la verdure d&#039;agr\u00e9menter chaque s\u00e9ance.<\/p><div class=\"py-2 my-3\"><hr \/><\/div><h3><strong>Des \u00e9quipements holistiques pour le bien-\u00eatre au quotidien<\/strong><\/h3><p>Le bien-\u00eatre ne se limite pas \u00e0 des rendez-vous programm\u00e9s : c&#039;est un fil conducteur qui s&#039;int\u00e8gre parfaitement \u00e0 votre s\u00e9jour.<\/p><ul dir=\"auto\"><li><strong>Diffuseurs d&#039;aromath\u00e9rapie<\/strong> dans les chambres d&#039;h\u00f4tes avec des m\u00e9langes d&#039;huiles essentielles (calmantes, \u00e9nergisantes ou favorisant le sommeil).<\/li><li><strong>Sels de bain aux herbes et kits de trempage des pieds<\/strong> disponible au service de pr\u00e9paration \u00e0 la nuit, infus\u00e9 au gingembre, au chrysanth\u00e8me et au poivre du Sichuan.<\/li><li><strong>Programme d&#039;am\u00e9lioration du sommeil<\/strong>:Comprend des rideaux occultants, des machines \u00e0 bruit blanc, des couvertures lest\u00e9es et un service de \u00ab th\u00e9 relaxant \u00bb tous les soirs.<\/li><li><strong>Coin d\u00e9tox num\u00e9rique<\/strong>:Une zone sans \u00e9cran avec des livres sur la pleine conscience, des journaux et des kits de calligraphie pour encourager la r\u00e9flexion.<\/li><\/ul><div class=\"py-2 my-3\"><hr \/><\/div><h3><strong>Bien-\u00eatre durable : prendre soin de soi, prendre soin de la Terre<\/strong><\/h3><p>Nous croyons que le v\u00e9ritable bien-\u00eatre implique la responsabilit\u00e9. Notre spa utilise <strong>produits \u00e9co-certifi\u00e9s et biod\u00e9gradables<\/strong> Sans parab\u00e8nes ni sulfates. Serviettes et draps sont lav\u00e9s avec des lessives v\u00e9g\u00e9tales, et les plastiques \u00e0 usage unique sont \u00e9limin\u00e9s. Nous collaborons avec des fermes d&#039;herboristerie locales pratiquant une r\u00e9colte durable, garantissant ainsi que chaque ingr\u00e9dient respecte les personnes et la plan\u00e8te.<\/p><div class=\"py-2 my-3\"><hr \/><\/div><h3><strong>Id\u00e9alement situ\u00e9 pour le bien-\u00eatre urbain<\/strong><\/h3><p>Situ\u00e9 \u00e0 <strong>District de Jinniu<\/strong>, JIAN SHAN TANG offre le rare avantage de <strong>accessibilit\u00e9 urbaine avec tranquillit\u00e9 rurale<\/strong>Sortez et vous \u00eates \u00e0 quelques minutes de <strong>Monast\u00e8re de Wenshu<\/strong>, o\u00f9 les moines chantent \u00e0 l&#039;aube, ou <strong>Parc du Peuple<\/strong>, qui accueille des cercles de tai-chi matinaux et le l\u00e9gendaire salon de th\u00e9 Heming. Pourtant, entre nos murs, le silence r\u00e8gne.<\/p><p>Cet \u00e9quilibre permet aux invit\u00e9s de <strong>Plongez dans la culture du bien-\u00eatre de Chengdu<\/strong>\u2014des visites de temples aux march\u00e9s d\u2019herbes aromatiques\u2014puis retour dans un espace con\u00e7u pour l\u2019int\u00e9gration et le repos.<\/p><div class=\"py-2 my-3\"><hr \/><\/div><h3><strong>Une exp\u00e9rience de bien-\u00eatre qui reste avec vous<\/strong><\/h3><p>Chez JIAN SHAN TANG, nous ne mesurons pas le succ\u00e8s par le nombre de soins r\u00e9serv\u00e9s, mais par la profondeur avec laquelle nos clients se sentent bien. <strong>renouvel\u00e9<\/strong>. Beaucoup repartent non seulement d\u00e9tendus, mais transform\u00e9s, emportant avec eux une respiration plus lente, un esprit plus clair et un engagement renouvel\u00e9 envers les soins personnels.<\/p><p>Nos installations de bien-\u00eatre ne sont pas un luxe.<br \/>Ils sont un <strong>retour \u00e0 ce qui compte<\/strong>.<\/p><div class=\"my-2\">\u00a0<\/div><p>Que vous soyez ici pour une escapade d&#039;un week-end, un voyage d&#039;affaires en qu\u00eate d&#039;\u00e9quilibre ou un voyage culturel \u00e0 travers le Sichuan, laissez JIAN SHAN TANG \u00eatre l&#039;endroit o\u00f9 vous <strong>faites une pause, gu\u00e9rissez et souvenez-vous de vous-m\u00eame<\/strong>.<\/p><div class=\"my-2\">\u00a0<\/div><p>\ud83d\udccd <strong>H\u00f4tel JIAN SHAN TANG<\/strong><br \/>No. 20 Sandongqiao Road, district de Jinniu, Chengdu, Sichuan, 610031, Chine<br \/>\ud83d\udcde +86-28-61507788 | \ud83c\udf10 https:\/\/jianshantanghotel.com<\/p><div class=\"my-2\">\u00a0<\/div><p data-spm-anchor-id=\"a2ty_o01.29997173.0.i70.2cc3c921DC36FP\"><em>L\u00e0 o\u00f9 chaque respiration donne l&#039;impression de rentrer \u00e0 la maison.<\/em><\/p>\t\t\t\t\t\t\t\t<\/div>\n\t\t\t\t\t<\/div>\n\t\t\t\t<\/div>\n\t\t\t\t<section class=\"elementor-section elementor-top-section elementor-element elementor-element-87b61c0 elementor-section-stretched elementor-section-boxed elementor-section-gap-beside-yes elementor-section-height-default elementor-section-height-default elementor-section-column-vertical-align-stretch\" data-id=\"87b61c0\" data-element_type=\"section\" data-e-type=\"section\" data-settings=\"{&quot;background_background&quot;:&quot;classic&quot;,&quot;stretch_section&quot;:&quot;section-stretched&quot;}\">\n\t\t\t\t\t\t<div class=\"elementor-container elementor-column-gap-extended\">\n\t\t\t\t\t<div class=\"elementor-column elementor-col-100 elementor-top-column elementor-element elementor-element-185c9b06\" data-id=\"185c9b06\" data-element_type=\"column\" data-e-type=\"column\">\n\t\t\t<div class=\"elementor-widget-wrap elementor-element-populated\">\n\t\t\t\t\t\t<div class=\"elementor-element elementor-element-766bba30 elementor-widget elementor-widget-nuss-heading\" data-id=\"766bba30\" data-element_type=\"widget\" data-e-type=\"widget\" data-widget_type=\"nuss-heading.default\">\n\t\t\t\t<div class=\"elementor-widget-container\">\n\t\t\t\t\t\t\t<div class=\"nuss-modern-heading\">\r\n\t\t\t\r\n\t\t\t\t\t\t<div class=\"heading-primary-wrap\">\r\n\t\t\t\t<h2 class=\"heading-primary elementor-heading-title\">Ch\u00e8que disponible <\/h2>\t\t\t<\/div>\r\n\t\t\r\n\t\t\t\r\n\t\t\t\t\t<\/div>\r\n\t\t\t\t\t<\/div>\n\t\t\t\t<\/div>\n\t\t\t\t<div class=\"elementor-element elementor-element-193ac87a elementor-widget elementor-widget-text-editor\" data-id=\"193ac87a\" data-element_type=\"widget\" data-e-type=\"widget\" data-widget_type=\"text-editor.default\">\n\t\t\t\t\t\t\t\t\t<iframe border=\"0\" src=\"https:\/\/www.trip.com\/partners\/ad\/S5304749?Allianceid=4590391&#038;SID=257863943&#038;trip_sub1=\" style=\"width:900px;height:200px\" frameborder=\"0\" scrolling=\"no\" id=\"S5304749\"><\/iframe>\t\t\t\t\t\t\t\t<\/div>\n\t\t\t\t\t<\/div>\n\t\t<\/div>\n\t\t\t\t\t<\/div>\n\t\t<\/section>\n\t\t\t\t<\/div>","protected":false},"excerpt":{"rendered":"<p>Feeling healthy and well is not a luxury but an absolute necessity. Heal both your soul and body with our miraculous treatments and return home as a new person, calm and refreshed. Opening Dates Monday &#8211; Sunday Opening Hours 06:00 am &#8211; 22:30 pm Price Range $50 &#8211; $450 Our Services Our tranquility experts help [&hellip;]<\/p>\n","protected":false},"author":1,"featured_media":0,"parent":0,"menu_order":0,"comment_status":"closed","ping_status":"closed","template":"","meta":{"footnotes":""},"class_list":["post-2108","page","type-page","status-publish","hentry","post-no-thumbnail"],"_links":{"self":[{"href":"https:\/\/jianshantanghotel.com\/fr\/wp-json\/wp\/v2\/pages\/2108","targetHints":{"allow":["GET"]}}],"collection":[{"href":"https:\/\/jianshantanghotel.com\/fr\/wp-json\/wp\/v2\/pages"}],"about":[{"href":"https:\/\/jianshantanghotel.com\/fr\/wp-json\/wp\/v2\/types\/page"}],"author":[{"embeddable":true,"href":"https:\/\/jianshantanghotel.com\/fr\/wp-json\/wp\/v2\/users\/1"}],"replies":[{"embeddable":true,"href":"https:\/\/jianshantanghotel.com\/fr\/wp-json\/wp\/v2\/comments?post=2108"}],"version-history":[{"count":0,"href":"https:\/\/jianshantanghotel.com\/fr\/wp-json\/wp\/v2\/pages\/2108\/revisions"}],"wp:attachment":[{"href":"https:\/\/jianshantanghotel.com\/fr\/wp-json\/wp\/v2\/media?parent=2108"}],"curies":[{"name":"wp","href":"https:\/\/api.w.org\/{rel}","templated":true}]}}