{"id":647,"date":"2021-03-29T02:13:52","date_gmt":"2021-03-29T02:13:52","guid":{"rendered":"http:\/\/localhost\/nuss\/?page_id=647"},"modified":"2025-09-10T11:49:14","modified_gmt":"2025-09-10T11:49:14","slug":"servicios","status":"publish","type":"page","link":"https:\/\/jianshantanghotel.com\/es\/servicios\/","title":{"rendered":"Servicios"},"content":{"rendered":"<div data-elementor-type=\"wp-page\" data-elementor-id=\"647\" class=\"elementor elementor-647\">\n\t\t\t\t\t\t<section class=\"elementor-section elementor-top-section elementor-element elementor-element-3353bc8 elementor-section-boxed elementor-section-gap-beside-yes elementor-section-height-default elementor-section-height-default elementor-section-column-vertical-align-stretch\" data-id=\"3353bc8\" data-element_type=\"section\" data-e-type=\"section\">\n\t\t\t\t\t\t<div class=\"elementor-container elementor-column-gap-extended\">\n\t\t\t\t\t<div class=\"elementor-column elementor-col-100 elementor-top-column elementor-element elementor-element-0a2bc64\" data-id=\"0a2bc64\" data-element_type=\"column\" data-e-type=\"column\">\n\t\t\t<div class=\"elementor-widget-wrap elementor-element-populated\">\n\t\t\t\t\t\t<div class=\"elementor-element elementor-element-447e3ef elementor-widget__width-initial elementor-invisible elementor-widget elementor-widget-text-editor\" data-id=\"447e3ef\" data-element_type=\"widget\" data-e-type=\"widget\" data-settings=\"{&quot;_animation&quot;:&quot;nussFadeInUp&quot;}\" data-widget_type=\"text-editor.default\">\n\t\t\t\t\t\t\t\t\t<p><strong data-spm-anchor-id=\"a2ty_o01.29997173.0.i59.2cc3c921DC36FP\">Los atentos servicios del Hotel JIAN SHAN TANG, Chengdu<\/strong><\/p>\t\t\t\t\t\t\t\t<\/div>\n\t\t\t\t\t<\/div>\n\t\t<\/div>\n\t\t\t\t\t<\/div>\n\t\t<\/section>\n\t\t<div class=\"elementor-element elementor-element-c56a63c e-flex e-con-boxed e-con e-parent\" data-id=\"c56a63c\" data-element_type=\"container\" data-e-type=\"container\">\n\t\t\t\t\t<div class=\"e-con-inner\">\n\t\t\t\t<div class=\"elementor-element elementor-element-5ae5ccf elementor-widget elementor-widget-text-editor\" data-id=\"5ae5ccf\" data-element_type=\"widget\" data-e-type=\"widget\" data-widget_type=\"text-editor.default\">\n\t\t\t\t\t\t\t\t\t<p data-spm-anchor-id=\"a2ty_o01.29997173.0.i61.2cc3c921DC36FP\">En <strong>Hotel Jian Shan Tang<\/strong>, ubicado en <strong>Calle Sandongqiao n.\u00b0 20, distrito Jinniu de Chengdu, Sichuan, 610031, China, con una rica cultura<\/strong>El servicio no es una lista de verificaci\u00f3n, es una <strong>forma de arte tranquila<\/strong>, cuidadosamente compuesto para honrar su presencia, proteger su paz y elevar su viaje a trav\u00e9s de una de las ciudades m\u00e1s conmovedoras de China.<\/p><p>Desde el momento en que ingresa por primera vez a nuestro tranquilo patio, donde el susurro del bamb\u00fa se encuentra con el suave sonido de una fuente de agua, notar\u00e1 algo diferente: la ausencia de ruido, la presencia de atenci\u00f3n y una sensaci\u00f3n de estar <strong>Recibido no como un invitado, sino como un viajero bienvenido<\/strong>Esta es la esencia de nuestra filosof\u00eda de servicio:<strong>Intuitivo, humano y profundamente intencional<\/strong>.<\/p><p>Creemos que el verdadero lujo no reside en la opulencia, sino en <strong>Los momentos que pasan desapercibidos hasta que se pierden.<\/strong>\u2014La toalla perfectamente calentita despu\u00e9s de un largo viaje, la taza de t\u00e9 de hierbas ofrecida sin que la pidas, o el conserje que recuerda tu nombre y tus preferencias para los paseos matutinos. En JIAN SHAN TANG, cada servicio est\u00e1 dise\u00f1ado para acompa\u00f1ar tu ritmo, no para interrumpirlo.<\/p><p>Aqu\u00ed, la hospitalidad fluye como un r\u00edo tranquilo: constante, suave y vivificante.<\/p><div class=\"py-2 my-3\"><hr \/><\/div><h3><strong>La base de nuestro esp\u00edritu de servicio: poes\u00eda silenciosa en movimiento<\/strong><\/h3><p>Inspirado en el concepto zen de <em>Jianshan<\/em>\u2014\u201cver las monta\u00f1as\u201d\u2014nuestros servicios tienen sus ra\u00edces en <strong>claridad, atenci\u00f3n plena y escucha profunda<\/strong>No nos apresuramos. No abrumamos. En cambio, observamos, anticipamos y respondemos con gracia.<\/p><p>Nuestro personal no s\u00f3lo est\u00e1 capacitado, sino que tambi\u00e9n est\u00e1 <strong>cuidadores culturalmente sintonizados<\/strong>\u2014Muchos nacidos y criados en Sichuan, con una calidez natural y un profundo conocimiento de las tradiciones locales y las expectativas globales. Hablan <strong>Mandar\u00edn, ingl\u00e9s y algunos idiomas nativos de los hu\u00e9spedes.<\/strong>, garantizando una comunicaci\u00f3n fluida sin la frialdad de las aplicaciones de traducci\u00f3n.<\/p><p>Este toque humano es lo que transforma una estancia en una <strong>experiencia significativa<\/strong>.<\/p><div class=\"py-2 my-3\"><hr \/><\/div><h3><strong>Servicios integrales para hu\u00e9spedes dise\u00f1ados para la comodidad y la conexi\u00f3n<\/strong><\/h3><h4><strong>1. Conserjer\u00eda 24 horas: su gu\u00eda personal de Chengdu<\/strong><\/h4><p>M\u00e1s que un escritorio, nuestro conserje es tu <strong>br\u00fajula cultural<\/strong>Ya sea que busque una casa de t\u00e9 escondida conocida solo por los locales, quiera asistir a una funci\u00f3n privada de \u00f3pera de Sichuan o necesite ayuda para navegar los horarios de trenes de alta velocidad, nuestro equipo elabora... <strong>itinerarios personalizados<\/strong> que van m\u00e1s all\u00e1 de la ruta tur\u00edstica.<\/p><ul dir=\"auto\"><li><strong>Experiencias culturales<\/strong>:Organice talleres de caligraf\u00eda, ceremonias del t\u00e9 o visitas al Monasterio Wenshu con una meditaci\u00f3n dirigida por un monje.<\/li><li><strong>Reservas para cenar<\/strong>:Consiga mesas en restaurantes recomendados por Michelin o en puestos de fideos familiares muy apreciados por los habitantes de Chengdu.<\/li><li><strong>Coordinaci\u00f3n de Transporte<\/strong>:Reserve traslados al aeropuerto, viajes en Didi o visitas guiadas por la ciudad con facilidad.<\/li><li><strong>Apoyo de emergencia<\/strong>La asistencia ling\u00fc\u00edstica, las derivaciones m\u00e9dicas y la recuperaci\u00f3n de objetos perdidos se gestionan con urgencia y discreci\u00f3n.<\/li><\/ul><div class=\"py-2 my-3\"><hr \/><\/div><h4><strong>2. Llegada y salida sin contratiempos<\/strong><\/h4><p>Entendemos que el viaje comienza al salir de casa. Por eso ofrecemos:<\/p><ul dir=\"auto\"><li><strong>Servicio prioritario de recogida en el aeropuerto<\/strong>:Disponible a petici\u00f3n, nuestro <strong>veh\u00edculos privados con aire acondicionado<\/strong> Nos vemos en <strong>Aeropuerto internacional de Chengdu Shuangliu (CTU) o Tianfu (TFU)<\/strong>, con conductores biling\u00fces y amenidades de bienvenida.<\/li><li><strong>Check-In\/Check-Out Express<\/strong>Para los hu\u00e9spedes con horarios ajustados, ofrecemos check-in digital y procesamiento r\u00e1pido.<\/li><li><strong>Guardaequipaje y valet<\/strong>Guarde su equipaje de forma segura antes del check-in o despu\u00e9s del check-out. Hay servicio de valet parking disponible para quienes lleguen en coche.<\/li><\/ul><div class=\"py-2 my-3\"><hr \/><\/div><h4><strong>3. Comodidades en la habitaci\u00f3n y servicios pensados para el consumidor<\/strong><\/h4><p>Cada detalle de tu habitaci\u00f3n ha sido pensado para favorecer el bienestar y la comodidad:<\/p><ul dir=\"auto\"><li><strong>Ropa de cama de primera calidad<\/strong>:Almohadas hipoalerg\u00e9nicas, s\u00e1banas de alto n\u00famero de hilos y cortinas opacas para un sue\u00f1o reparador.<\/li><li><strong>Kit de bienestar<\/strong>:Incluye antifaces para los ojos, tapones para los o\u00eddos, t\u00e9 de hierbas para dormir y tapetes de acupresi\u00f3n a pedido.<\/li><li><strong>Control inteligente del clima y la iluminaci\u00f3n<\/strong>:Ajuste la temperatura y el ambiente con paneles intuitivos.<\/li><li><strong>Refrescos gratuitos del minibar<\/strong>:Ofrece t\u00e9s locales de Sichuan, agua con gas y bocadillos saludables.<\/li><li><strong>Configuraci\u00f3n lista para trabajar<\/strong>:Escritorio ergon\u00f3mico espacioso, dos salidas USB\/CA y alquiler de monitor opcional para profesionales remotos.<\/li><\/ul><div class=\"py-2 my-3\"><hr \/><\/div><h4><strong>4. Apoyo empresarial y profesional<\/strong><\/h4><p>Para el viajero moderno que busca un equilibrio entre trabajo y exploraci\u00f3n, ofrecemos una <strong>ecosistema refinado de servicios empresariales<\/strong>:<\/p><ul dir=\"auto\"><li><strong>Centro de negocios abierto las 24 horas<\/strong>:Espacio de trabajo silencioso e insonorizado con Internet de fibra \u00f3ptica de alta velocidad, capacidades de impresi\u00f3n, escaneo y videoconferencia.<\/li><li><strong>Salas de reuniones privadas<\/strong>:Espacios elegantes y equipados con tecnolog\u00eda para hasta 12 invitados, ideales para reuniones con clientes o reuniones informativas de equipo.<\/li><li><strong>Servicios de traducci\u00f3n y secretar\u00eda a pedido<\/strong>:Disponible para negociaciones internacionales o preparaci\u00f3n de documentos.<\/li><li><strong>Mensajer\u00eda y manejo de documentos<\/strong>:Entrega urgente mediante SF Express o EMS, con embalaje y soporte aduanero.<\/li><\/ul><div class=\"py-2 my-3\"><hr \/><\/div><h4><strong>5. Bienestar y vida consciente<\/strong><\/h4><p>En JIAN SHAN TANG, el bienestar est\u00e1 entretejido en la vida diaria:<\/p><ul dir=\"auto\"><li><strong>Kits de yoga y meditaci\u00f3n en la habitaci\u00f3n<\/strong>:Incluye tapete, sesiones de audio guiadas y ejercicios de respiraci\u00f3n.<\/li><li><strong>Programa de t\u00e9s de hierbas<\/strong>:Una selecci\u00f3n curada de t\u00e9s cultivados en Sichuan servidos en porcelana artesanal: elija entre el calmante crisantemo, el ginseng energizante o el pu&#039;er digestivo.<\/li><li><strong>Zonas tranquilas<\/strong>:\u00c1reas designadas en todo el hotel para leer, escribir un diario o desintoxicarse digitalmente.<\/li><li><strong>Asociaciones con profesionales del bienestar locales<\/strong>:Reserve sesiones privadas de tai chi, consultas de medicina tradicional china o acupuntura en cl\u00ednicas cercanas.<\/li><\/ul><div class=\"py-2 my-3\"><hr \/><\/div><h4><strong>6. Atenci\u00f3n culinaria y comidas personalizadas<\/strong><\/h4><p>Nuestro restaurante y servicio de habitaciones reflejan nuestro compromiso con <strong>nutrici\u00f3n con intenci\u00f3n<\/strong>:<\/p><ul dir=\"auto\"><li><strong>Horario de comedor flexible<\/strong>:El desayuno se sirve a partir de las 6:30 a. m.; refrigerios ligeros por la noche disponibles hasta las 10:00 p. m.<\/li><li><strong>Adaptaciones diet\u00e9ticas<\/strong>Opciones vegetarianas, veganas, sin gluten, halal y bajas en especias preparadas con cuidado.<\/li><li><strong>Servicio de comida en la habitaci\u00f3n con narraci\u00f3n de cuentos<\/strong>:Los platos se sirven con notas que explican su significado cultural, como la historia detr\u00e1s del mapo tofu.<\/li><li><strong>Experiencias gastron\u00f3micas privadas<\/strong>:Organice reuniones \u00edntimas en nuestro patio o comedor privado, con men\u00fas elaborados por chefs.<\/li><\/ul><div class=\"py-2 my-3\"><hr \/><\/div><h4><strong>7. Sostenibilidad y servicio ecoconsciente<\/strong><\/h4><p>Creemos que la hospitalidad responsable es el futuro. Nuestras pr\u00e1cticas ecol\u00f3gicas incluyen:<\/p><ul dir=\"auto\"><li><strong>Art\u00edculos de tocador ecol\u00f3gicos<\/strong>:Botellas de vidrio rellenables con f\u00f3rmulas biodegradables de origen vegetal.<\/li><li><strong>Conservaci\u00f3n del agua<\/strong>:Duchas de bajo consumo y sanitarios de doble descarga.<\/li><li><strong>Reducci\u00f3n de residuos<\/strong>:Compostaje, estaciones de reciclaje y eliminaci\u00f3n de pl\u00e1sticos de un solo uso.<\/li><li><strong>Abastecimiento local<\/strong>:85% de alimentos y materiales se obtienen en Sichuan, lo que reduce la huella de carbono y apoya a las comunidades regionales.<\/li><\/ul><div class=\"py-2 my-3\"><hr \/><\/div><h4><strong>8. Seguridad, accesibilidad e inclusi\u00f3n<\/strong><\/h4><p>Tu comodidad incluye sentirte seguro y respetado:<\/p><ul dir=\"auto\"><li><strong>Seguridad y vigilancia 24\/7<\/strong>:Monitoreo discreto con personal capacitado.<\/li><li><strong>Funciones de accesibilidad<\/strong>:Habitaciones, ascensores y espacios p\u00fablicos accesibles para sillas de ruedas.<\/li><li><strong>Ba\u00f1os neutrales en cuanto al g\u00e9nero y capacitaci\u00f3n inclusiva del personal<\/strong>:Garantizar que todos los hu\u00e9spedes se sientan bienvenidos y respetados.<\/li><li><strong>Protocolos de incendios y emergencias<\/strong>:Simulacros peri\u00f3dicos y gu\u00edas de seguridad multiling\u00fces en cada sala.<\/li><\/ul><div class=\"py-2 my-3\"><hr \/><\/div><h4><strong>9. Inmersi\u00f3n cultural y participaci\u00f3n de los hu\u00e9spedes<\/strong><\/h4><p>No solo hospedamos, sino que <strong>conectar<\/strong>Nuestras experiencias seleccionadas te invitan a adentrarte en el alma de Chengdu:<\/p><ul dir=\"auto\"><li><strong>Veladas culturales mensuales<\/strong>:Actuaciones de caligraf\u00eda, recortes de papel o m\u00fasica de Sichuan en el patio.<\/li><li><strong>Libro de visitas y muro de historias<\/strong>:Comparte tu viaje y lee reflexiones de viajeros de todo el mundo.<\/li><li><strong>Colaboraciones artesanales locales<\/strong>:Compre recuerdos hechos a mano, desde flautas de bamb\u00fa hasta abanicos de seda, directamente de los fabricantes.<\/li><\/ul><div class=\"py-2 my-3\"><hr \/><\/div><h3><strong>Un servicio que crece contigo<\/strong><\/h3><p>Lo que realmente distingue a JIAN SHAN TANG es nuestra capacidad para <strong>recordar<\/strong>Al regresar como hu\u00e9sped, podr\u00eda encontrar su t\u00e9 favorito ya esper\u00e1ndolo, o una nota que menciona su \u00faltima visita a la base de pandas. No consideramos las estancias como eventos aislados, sino como... <strong>cap\u00edtulos de una historia en curso<\/strong>.<\/p><p>Nuestros servicios evolucionan seg\u00fan la retroalimentaci\u00f3n, los ritmos estacionales y las necesidades cambiantes de los viajeros globales. Ya sea que est\u00e9 aqu\u00ed por una noche o por un mes, ya sea que busque soledad o conexi\u00f3n, nos adaptamos con discreci\u00f3n, respeto y cari\u00f1o.<\/p><div class=\"py-2 my-3\"><hr \/><\/div><h3><strong>Conclusi\u00f3n: El servicio como santuario<\/strong><\/h3><p>En un mundo de automatizaci\u00f3n y transacciones impersonales, <strong>Hotel Jian Shan Tang<\/strong> ofrece algo raro: <strong>hospitalidad con alma<\/strong>.<\/p><p>Nuestros servicios no son ruidosos ni llamativos. Son <strong>Presente, preciso y profundamente humano<\/strong>\u2014Dise\u00f1ado para acunarte con comodidad, inspirar tu curiosidad y hacerte sentir no solo satisfecho, sino visto.<\/p><p>Esto no es s\u00f3lo un hotel.<br \/>Es un <strong>santuario de servicio<\/strong>, donde cada gesto lleva un significado y cada estancia se convierte en un acto silencioso de retorno.<\/p><div class=\"my-2\">\u00a0<\/div><p>\ud83d\udccd <strong>Hotel Jian Shan Tang<\/strong><br \/>No. 20 Sandongqiao Road, distrito de Jinniu, Chengdu, Sichuan, 610031, China<br \/>\ud83d\udcde +86-28-61507788 | \ud83c\udf10 <a href=\"https:\/\/jianshantanghotel.com\/es\/\">https:\/\/jianshantanghotel.com<\/a><\/p><p><em>D\u00f3nde el cuidado se mueve en silencio y cada necesidad es satisfecha antes de ser expresada.<\/em><\/p>\t\t\t\t\t\t\t\t<\/div>\n\t\t\t\t\t<\/div>\n\t\t\t\t<\/div>\n\t\t\t\t<section class=\"elementor-section elementor-top-section elementor-element elementor-element-5e46ff5d elementor-section-stretched elementor-section-boxed elementor-section-gap-beside-yes elementor-section-height-default elementor-section-height-default elementor-section-column-vertical-align-stretch\" data-id=\"5e46ff5d\" data-element_type=\"section\" data-e-type=\"section\" data-settings=\"{&quot;background_background&quot;:&quot;classic&quot;,&quot;stretch_section&quot;:&quot;section-stretched&quot;}\">\n\t\t\t\t\t\t<div class=\"elementor-container elementor-column-gap-extended\">\n\t\t\t\t\t<div class=\"elementor-column elementor-col-100 elementor-top-column elementor-element elementor-element-1cd37f2a\" data-id=\"1cd37f2a\" data-element_type=\"column\" data-e-type=\"column\">\n\t\t\t<div class=\"elementor-widget-wrap elementor-element-populated\">\n\t\t\t\t\t\t<div class=\"elementor-element elementor-element-1c59347e elementor-widget elementor-widget-nuss-heading\" data-id=\"1c59347e\" data-element_type=\"widget\" data-e-type=\"widget\" data-widget_type=\"nuss-heading.default\">\n\t\t\t\t<div class=\"elementor-widget-container\">\n\t\t\t\t\t\t\t<div class=\"nuss-modern-heading\">\r\n\t\t\t\r\n\t\t\t\t\t\t<div class=\"heading-primary-wrap\">\r\n\t\t\t\t<h2 class=\"heading-primary elementor-heading-title\">Consultar disponibilidad <\/h2>\t\t\t<\/div>\r\n\t\t\r\n\t\t\t\r\n\t\t\t\t\t<\/div>\r\n\t\t\t\t\t<\/div>\n\t\t\t\t<\/div>\n\t\t\t\t<div class=\"elementor-element elementor-element-7610e9b5 elementor-widget elementor-widget-text-editor\" data-id=\"7610e9b5\" data-element_type=\"widget\" data-e-type=\"widget\" data-widget_type=\"text-editor.default\">\n\t\t\t\t\t\t\t\t\t<iframe border=\"0\" src=\"https:\/\/www.trip.com\/partners\/ad\/S5304749?Allianceid=4590391&#038;SID=257863943&#038;trip_sub1=\" style=\"width:900px;height:200px\" frameborder=\"0\" scrolling=\"no\" id=\"S5304749\"><\/iframe>\t\t\t\t\t\t\t\t<\/div>\n\t\t\t\t\t<\/div>\n\t\t<\/div>\n\t\t\t\t\t<\/div>\n\t\t<\/section>\n\t\t\t\t<\/div>","protected":false},"excerpt":{"rendered":"<p>We do our best to offer all our guests the services and facilities to make their stay a memorable one. Eat&amp;Drink Restaurant &amp; Bar Suspendisse laoreet orci ac nulla vulputate pellentesque. Vivamus nec eleifend ex, eget molestie lorem. Integer sed sodales sapien. Cras aliquam fringilla elit sit amet fringilla. Open Daily: 7:00pm &#8211; 11:00pm Find [&hellip;]<\/p>\n","protected":false},"author":1,"featured_media":0,"parent":0,"menu_order":0,"comment_status":"closed","ping_status":"closed","template":"","meta":{"footnotes":""},"class_list":["post-647","page","type-page","status-publish","hentry","post-no-thumbnail"],"_links":{"self":[{"href":"https:\/\/jianshantanghotel.com\/es\/wp-json\/wp\/v2\/pages\/647","targetHints":{"allow":["GET"]}}],"collection":[{"href":"https:\/\/jianshantanghotel.com\/es\/wp-json\/wp\/v2\/pages"}],"about":[{"href":"https:\/\/jianshantanghotel.com\/es\/wp-json\/wp\/v2\/types\/page"}],"author":[{"embeddable":true,"href":"https:\/\/jianshantanghotel.com\/es\/wp-json\/wp\/v2\/users\/1"}],"replies":[{"embeddable":true,"href":"https:\/\/jianshantanghotel.com\/es\/wp-json\/wp\/v2\/comments?post=647"}],"version-history":[{"count":0,"href":"https:\/\/jianshantanghotel.com\/es\/wp-json\/wp\/v2\/pages\/647\/revisions"}],"wp:attachment":[{"href":"https:\/\/jianshantanghotel.com\/es\/wp-json\/wp\/v2\/media?parent=647"}],"curies":[{"name":"wp","href":"https:\/\/api.w.org\/{rel}","templated":true}]}}