{"id":5266,"date":"2021-07-18T08:03:35","date_gmt":"2021-07-18T08:03:35","guid":{"rendered":"https:\/\/nuss.uxper.co\/luxury-resort\/?page_id=5266"},"modified":"2025-09-10T08:38:03","modified_gmt":"2025-09-10T08:38:03","slug":"sobre-nosotros","status":"publish","type":"page","link":"https:\/\/jianshantanghotel.com\/es\/sobre-nosotros\/","title":{"rendered":"Sobre nosotros"},"content":{"rendered":"<div data-elementor-type=\"wp-page\" data-elementor-id=\"5266\" class=\"elementor elementor-5266\">\n\t\t\t\t\t\t<section class=\"elementor-section elementor-top-section elementor-element elementor-element-10416953 elementor-section-boxed elementor-section-gap-beside-yes elementor-section-height-default elementor-section-height-default elementor-section-column-vertical-align-stretch\" data-id=\"10416953\" data-element_type=\"section\" data-e-type=\"section\">\n\t\t\t\t\t\t<div class=\"elementor-container elementor-column-gap-extended\">\n\t\t\t\t\t<div class=\"elementor-column elementor-col-100 elementor-top-column elementor-element elementor-element-29c6aa8\" data-id=\"29c6aa8\" data-element_type=\"column\" data-e-type=\"column\">\n\t\t\t<div class=\"elementor-widget-wrap elementor-element-populated\">\n\t\t\t\t\t\t<div class=\"elementor-element elementor-element-7be18fe7 elementor-widget__width-initial elementor-invisible elementor-widget elementor-widget-text-editor\" data-id=\"7be18fe7\" data-element_type=\"widget\" data-e-type=\"widget\" data-settings=\"{&quot;_animation&quot;:&quot;nussFadeInUp&quot;}\" data-widget_type=\"text-editor.default\">\n\t\t\t\t\t\t\t\t\t<p><strong data-spm-anchor-id=\"a2ty_o01.29997173.0.i22.2cc3c921DC36FP\">Bienvenido al Hotel JIAN SHAN TANG<\/strong><\/p>\t\t\t\t\t\t\t\t<\/div>\n\t\t\t\t\t<\/div>\n\t\t<\/div>\n\t\t\t\t\t<\/div>\n\t\t<\/section>\n\t\t\t\t<section class=\"elementor-section elementor-top-section elementor-element elementor-element-7d18327f elementor-section-boxed elementor-section-gap-beside-yes elementor-section-height-default elementor-section-height-default elementor-section-column-vertical-align-stretch\" data-id=\"7d18327f\" data-element_type=\"section\" data-e-type=\"section\">\n\t\t\t\t\t\t<div class=\"elementor-container elementor-column-gap-extended\">\n\t\t\t\t\t<div class=\"elementor-column elementor-col-50 elementor-top-column elementor-element elementor-element-56533670\" data-id=\"56533670\" data-element_type=\"column\" data-e-type=\"column\">\n\t\t\t<div class=\"elementor-widget-wrap elementor-element-populated\">\n\t\t\t\t\t\t<div class=\"elementor-element elementor-element-19c3f543 elementor-invisible elementor-widget elementor-widget-text-editor\" data-id=\"19c3f543\" data-element_type=\"widget\" data-e-type=\"widget\" data-settings=\"{&quot;_animation&quot;:&quot;nussFadeInUp&quot;}\" data-widget_type=\"text-editor.default\">\n\t\t\t\t\t\t\t\t\t<p>Escondido en <strong>Carretera Sandongqiao n.\u00b0 20 en el din\u00e1mico distrito Jinniu de Chengdu, Sichuan, China<\/strong>, <strong>Hotel Jian Shan Tang<\/strong> Se alza como una obra maestra de dise\u00f1o, cultura y hospitalidad consciente. M\u00e1s que un simple lugar para descansar, este santuario boutique redefine el lujo urbano al combinar la elegancia atemporal de la est\u00e9tica tradicional china con las refinadas comodidades de la vida moderna. Inspirado en la armon\u00eda entre la quietud de la monta\u00f1a (<em>Jianshan<\/em> que significa \u201cver las monta\u00f1as\u201d) y el suave fluir de la vida cotidiana, el hotel ofrece un refugio poco com\u00fan donde la tranquilidad y la energ\u00eda de la ciudad coexisten en perfecto equilibrio.<\/p>\t\t\t\t\t\t\t\t<\/div>\n\t\t\t\t\t<\/div>\n\t\t<\/div>\n\t\t\t\t<div class=\"elementor-column elementor-col-50 elementor-top-column elementor-element elementor-element-30f14127\" data-id=\"30f14127\" data-element_type=\"column\" data-e-type=\"column\">\n\t\t\t<div class=\"elementor-widget-wrap elementor-element-populated\">\n\t\t\t\t\t\t<div class=\"elementor-element elementor-element-cad9bf2 elementor-widget elementor-widget-image\" data-id=\"cad9bf2\" data-element_type=\"widget\" data-e-type=\"widget\" data-widget_type=\"image.default\">\n\t\t\t\t\t\t\t\t\t\t\t\t\t\t\t<img fetchpriority=\"high\" decoding=\"async\" width=\"1024\" height=\"575\" src=\"https:\/\/jianshantanghotel.com\/wp-content\/uploads\/2025\/09\/Jian-Shan-Tang-Chengdu-China-3-1024x575.webp\" class=\"attachment-large size-large wp-image-5569\" alt=\"\" srcset=\"https:\/\/jianshantanghotel.com\/wp-content\/uploads\/2025\/09\/Jian-Shan-Tang-Chengdu-China-3-1024x575.webp 1024w, https:\/\/jianshantanghotel.com\/wp-content\/uploads\/2025\/09\/Jian-Shan-Tang-Chengdu-China-3-300x169.webp 300w, https:\/\/jianshantanghotel.com\/wp-content\/uploads\/2025\/09\/Jian-Shan-Tang-Chengdu-China-3-768x431.webp 768w, https:\/\/jianshantanghotel.com\/wp-content\/uploads\/2025\/09\/Jian-Shan-Tang-Chengdu-China-3-18x10.webp 18w, https:\/\/jianshantanghotel.com\/wp-content\/uploads\/2025\/09\/Jian-Shan-Tang-Chengdu-China-3.webp 1280w\" sizes=\"(max-width: 1024px) 100vw, 1024px\" \/>\t\t\t\t\t\t\t\t\t\t\t\t\t\t\t<\/div>\n\t\t\t\t\t<\/div>\n\t\t<\/div>\n\t\t\t\t\t<\/div>\n\t\t<\/section>\n\t\t\t\t<section class=\"elementor-section elementor-top-section elementor-element elementor-element-29fb8578 elementor-section-height-min-height elementor-section-stretched elementor-section-full_width elementor-section-items-stretch elementor-section-height-default elementor-section-column-vertical-align-stretch\" data-id=\"29fb8578\" data-element_type=\"section\" data-e-type=\"section\" data-settings=\"{&quot;stretch_section&quot;:&quot;section-stretched&quot;}\">\n\t\t\t\t\t\t<div class=\"elementor-container elementor-column-gap-no\">\n\t\t\t\t\t<div class=\"elementor-column elementor-col-50 elementor-top-column elementor-element elementor-element-40ac270b\" data-id=\"40ac270b\" data-element_type=\"column\" data-e-type=\"column\">\n\t\t\t<div class=\"elementor-widget-wrap elementor-element-populated\">\n\t\t\t\t\t\t<div class=\"elementor-element elementor-element-20872773 elementor-widget__width-initial elementor-widget-mobile__width-inherit elementor-invisible nuss-elementor-loading nuss-slide-in-right elementor-widget elementor-widget-image\" data-id=\"20872773\" data-element_type=\"widget\" data-e-type=\"widget\" data-settings=\"{&quot;_animation&quot;:&quot;nussSlideInRight&quot;}\" data-widget_type=\"image.default\">\n\t\t\t\t\t\t\t\t\t\t\t\t\t\t\t<img decoding=\"async\" width=\"1199\" height=\"853\" src=\"https:\/\/jianshantanghotel.com\/wp-content\/uploads\/2025\/09\/Jian-Shan-Tang-Chengdu-China-26.webp\" class=\"attachment-full size-full wp-image-5592\" alt=\"\" srcset=\"https:\/\/jianshantanghotel.com\/wp-content\/uploads\/2025\/09\/Jian-Shan-Tang-Chengdu-China-26.webp 1199w, https:\/\/jianshantanghotel.com\/wp-content\/uploads\/2025\/09\/Jian-Shan-Tang-Chengdu-China-26-300x213.webp 300w, https:\/\/jianshantanghotel.com\/wp-content\/uploads\/2025\/09\/Jian-Shan-Tang-Chengdu-China-26-1024x729.webp 1024w, https:\/\/jianshantanghotel.com\/wp-content\/uploads\/2025\/09\/Jian-Shan-Tang-Chengdu-China-26-768x546.webp 768w, https:\/\/jianshantanghotel.com\/wp-content\/uploads\/2025\/09\/Jian-Shan-Tang-Chengdu-China-26-18x12.webp 18w\" sizes=\"(max-width: 1199px) 100vw, 1199px\" \/>\t\t\t\t\t\t\t\t\t\t\t\t\t\t\t<\/div>\n\t\t\t\t\t<\/div>\n\t\t<\/div>\n\t\t\t\t<div class=\"elementor-column elementor-col-50 elementor-top-column elementor-element elementor-element-2dac103\" data-id=\"2dac103\" data-element_type=\"column\" data-e-type=\"column\">\n\t\t\t<div class=\"elementor-widget-wrap elementor-element-populated\">\n\t\t\t\t\t\t<div class=\"elementor-element elementor-element-6f1b8966 elementor-invisible elementor-widget elementor-widget-text-editor\" data-id=\"6f1b8966\" data-element_type=\"widget\" data-e-type=\"widget\" data-settings=\"{&quot;_animation&quot;:&quot;nussFadeInUp&quot;}\" data-widget_type=\"text-editor.default\">\n\t\t\t\t\t\t\t\t\t<p>Ubicado en uno de los barrios hist\u00f3ricamente m\u00e1s ricos y mejor conectados de Chengdu, <strong>JIAN SHAN TANG<\/strong> Le sit\u00faa a pocos pasos de animados mercados, templos antiguos y vibrantes centros culturales, a la vez que conserva una atm\u00f3sfera de sereno aislamiento. Ya sea que viaje por negocios, por placer o para sumergirse en la legendaria gastronom\u00eda, arte y filosof\u00eda de Sichuan, nuestro hotel est\u00e1 dise\u00f1ado para ser su refugio personal: un lugar donde cada detalle, desde el aroma del aire hasta la textura de las s\u00e1banas, le invita a relajarse, respirar profundamente y reconectar.<\/p><div class=\"my-2\">\u00a0<\/div><p>Desde el momento en que atraviesa nuestro patio suavemente iluminado, donde el susurro del bamb\u00fa se mezcla con el repique de una campana lejana, sentir\u00e1 c\u00f3mo se desvanece el ritmo del mundo exterior. La arquitectura combina l\u00edneas minimalistas contempor\u00e1neas con influencias cl\u00e1sicas de los patios de Sichuan, creando un espacio \u00edntimo y amplio a la vez. Materiales naturales \u2014madera pulida, piedra c\u00e1lida, cer\u00e1mica artesanal\u2014 imprimen autenticidad al dise\u00f1o, mientras que la iluminaci\u00f3n sutil y los espacios al aire libre fomentan una sensaci\u00f3n de calma que impregna cada rinc\u00f3n.<\/p>\t\t\t\t\t\t\t\t<\/div>\n\t\t\t\t\t<\/div>\n\t\t<\/div>\n\t\t\t\t\t<\/div>\n\t\t<\/section>\n\t\t\t\t<section class=\"elementor-section elementor-top-section elementor-element elementor-element-f81334a elementor-section-height-min-height elementor-section-stretched elementor-section-full_width elementor-section-items-stretch elementor-section-height-default elementor-section-column-vertical-align-stretch\" data-id=\"f81334a\" data-element_type=\"section\" data-e-type=\"section\" data-settings=\"{&quot;stretch_section&quot;:&quot;section-stretched&quot;}\">\n\t\t\t\t\t\t<div class=\"elementor-container elementor-column-gap-no\">\n\t\t\t\t\t<div class=\"elementor-column elementor-col-50 elementor-top-column elementor-element elementor-element-066ebe2\" data-id=\"066ebe2\" data-element_type=\"column\" data-e-type=\"column\">\n\t\t\t<div class=\"elementor-widget-wrap elementor-element-populated\">\n\t\t\t\t\t\t<div class=\"elementor-element elementor-element-c5309e0 elementor-invisible elementor-widget elementor-widget-text-editor\" data-id=\"c5309e0\" data-element_type=\"widget\" data-e-type=\"widget\" data-settings=\"{&quot;_animation&quot;:&quot;nussFadeInUp&quot;}\" data-widget_type=\"text-editor.default\">\n\t\t\t\t\t\t\t\t\t<p>En <strong>JIAN SHAN TANG<\/strong>La hospitalidad no se realiza, se vive. Nuestro equipo se anticipa a sus necesidades con discreta elegancia, ofreciendo detalles personalizados como t\u00e9 de bienvenida servido a mano en porcelana artesanal, itinerarios locales seleccionados y acceso sin problemas a joyas ocultas en Chengdu. Ya sea que est\u00e9 explorando los alrededores... <strong>Monasterio Wenshu<\/strong>, vagando por <strong>Callej\u00f3n Kuanzhai<\/strong>, o prepar\u00e1ndose para un viaje en tren de alta velocidad desde <strong>Estaci\u00f3n de tren norte de Chengdu<\/strong>, nuestra ubicaci\u00f3n en <strong>Distrito de Jinniu<\/strong> garantiza una conectividad sin esfuerzo sin sacrificar la paz.<\/p><div class=\"my-2\">\u00a0<\/div><p>Cada habitaci\u00f3n y suite es un santuario de dise\u00f1o cuidado, con ropa de cama de primera calidad, ventanas insonorizadas, control de temperatura inteligente y ba\u00f1os equipados con duchas de efecto lluvia y art\u00edculos de aseo ecol\u00f3gicos. Pero m\u00e1s all\u00e1 de las comodidades, est\u00e1 la <em>sentimiento<\/em> Lo que nos distingue: una sensaci\u00f3n de ser verdaderamente visto, cuidado y guiado gentilmente a trav\u00e9s de su viaje a Chengdu.<\/p><div class=\"my-2\">\u00a0<\/div><p>Cenar en JIAN SHAN TANG es una extensi\u00f3n de la rica gastronom\u00eda de Sichuan. Nuestro restaurante celebra los sabores audaces de la regi\u00f3n con un toque refinado, sirviendo cl\u00e1sicos con especias exquisitas y especialidades de temporada elaboradas con ingredientes locales. Disfrute de un desayuno tranquilo con bollos al vapor y gachas de hierbas, o rel\u00e1jese con una taza de t\u00e9 Pu&#039;er al atardecer.<\/p>\t\t\t\t\t\t\t\t<\/div>\n\t\t\t\t\t<\/div>\n\t\t<\/div>\n\t\t\t\t<div class=\"elementor-column elementor-col-50 elementor-top-column elementor-element elementor-element-4dc0f69\" data-id=\"4dc0f69\" data-element_type=\"column\" data-e-type=\"column\">\n\t\t\t<div class=\"elementor-widget-wrap elementor-element-populated\">\n\t\t\t\t\t\t<div class=\"elementor-element elementor-element-1f25783 elementor-widget__width-initial elementor-widget-mobile__width-inherit elementor-invisible nuss-elementor-loading nuss-slide-in-right elementor-widget elementor-widget-image\" data-id=\"1f25783\" data-element_type=\"widget\" data-e-type=\"widget\" data-settings=\"{&quot;_animation&quot;:&quot;nussSlideInRight&quot;}\" data-widget_type=\"image.default\">\n\t\t\t\t\t\t\t\t\t\t\t\t\t\t\t<img decoding=\"async\" width=\"1137\" height=\"853\" src=\"https:\/\/jianshantanghotel.com\/wp-content\/uploads\/2025\/09\/Jian-Shan-Tang-Chengdu-China-126.webp\" class=\"attachment-full size-full wp-image-5692\" alt=\"\" srcset=\"https:\/\/jianshantanghotel.com\/wp-content\/uploads\/2025\/09\/Jian-Shan-Tang-Chengdu-China-126.webp 1137w, https:\/\/jianshantanghotel.com\/wp-content\/uploads\/2025\/09\/Jian-Shan-Tang-Chengdu-China-126-300x225.webp 300w, https:\/\/jianshantanghotel.com\/wp-content\/uploads\/2025\/09\/Jian-Shan-Tang-Chengdu-China-126-1024x768.webp 1024w, https:\/\/jianshantanghotel.com\/wp-content\/uploads\/2025\/09\/Jian-Shan-Tang-Chengdu-China-126-768x576.webp 768w, https:\/\/jianshantanghotel.com\/wp-content\/uploads\/2025\/09\/Jian-Shan-Tang-Chengdu-China-126-16x12.webp 16w\" sizes=\"(max-width: 1137px) 100vw, 1137px\" \/>\t\t\t\t\t\t\t\t\t\t\t\t\t\t\t<\/div>\n\t\t\t\t\t<\/div>\n\t\t<\/div>\n\t\t\t\t\t<\/div>\n\t\t<\/section>\n\t\t\t\t<section class=\"elementor-section elementor-top-section elementor-element elementor-element-77bce18 elementor-section-height-min-height elementor-section-stretched elementor-section-full_width elementor-section-items-stretch elementor-section-height-default elementor-section-column-vertical-align-stretch\" data-id=\"77bce18\" data-element_type=\"section\" data-e-type=\"section\" data-settings=\"{&quot;stretch_section&quot;:&quot;section-stretched&quot;}\">\n\t\t\t\t\t\t<div class=\"elementor-container elementor-column-gap-no\">\n\t\t\t\t\t<div class=\"elementor-column elementor-col-50 elementor-top-column elementor-element elementor-element-8fbad76\" data-id=\"8fbad76\" data-element_type=\"column\" data-e-type=\"column\">\n\t\t\t<div class=\"elementor-widget-wrap elementor-element-populated\">\n\t\t\t\t\t\t<div class=\"elementor-element elementor-element-9718a80 elementor-widget__width-initial elementor-widget-mobile__width-inherit elementor-invisible nuss-elementor-loading nuss-slide-in-right elementor-widget elementor-widget-image\" data-id=\"9718a80\" data-element_type=\"widget\" data-e-type=\"widget\" data-settings=\"{&quot;_animation&quot;:&quot;nussSlideInRight&quot;}\" data-widget_type=\"image.default\">\n\t\t\t\t\t\t\t\t\t\t\t\t\t\t\t<img decoding=\"async\" width=\"1137\" height=\"853\" src=\"https:\/\/jianshantanghotel.com\/wp-content\/uploads\/2025\/09\/Jian-Shan-Tang-Chengdu-China-126.webp\" class=\"attachment-full size-full wp-image-5692\" alt=\"\" srcset=\"https:\/\/jianshantanghotel.com\/wp-content\/uploads\/2025\/09\/Jian-Shan-Tang-Chengdu-China-126.webp 1137w, https:\/\/jianshantanghotel.com\/wp-content\/uploads\/2025\/09\/Jian-Shan-Tang-Chengdu-China-126-300x225.webp 300w, https:\/\/jianshantanghotel.com\/wp-content\/uploads\/2025\/09\/Jian-Shan-Tang-Chengdu-China-126-1024x768.webp 1024w, https:\/\/jianshantanghotel.com\/wp-content\/uploads\/2025\/09\/Jian-Shan-Tang-Chengdu-China-126-768x576.webp 768w, https:\/\/jianshantanghotel.com\/wp-content\/uploads\/2025\/09\/Jian-Shan-Tang-Chengdu-China-126-16x12.webp 16w\" sizes=\"(max-width: 1137px) 100vw, 1137px\" \/>\t\t\t\t\t\t\t\t\t\t\t\t\t\t\t<\/div>\n\t\t\t\t\t<\/div>\n\t\t<\/div>\n\t\t\t\t<div class=\"elementor-column elementor-col-50 elementor-top-column elementor-element elementor-element-688b89e\" data-id=\"688b89e\" data-element_type=\"column\" data-e-type=\"column\">\n\t\t\t<div class=\"elementor-widget-wrap elementor-element-populated\">\n\t\t\t\t\t\t<div class=\"elementor-element elementor-element-cb59145 elementor-invisible elementor-widget elementor-widget-text-editor\" data-id=\"cb59145\" data-element_type=\"widget\" data-e-type=\"widget\" data-settings=\"{&quot;_animation&quot;:&quot;nussFadeInUp&quot;}\" data-widget_type=\"text-editor.default\">\n\t\t\t\t\t\t\t\t\t<p data-spm-anchor-id=\"a2ty_o01.29997173.0.i26.2cc3c921DC36FP\">Con servicios impecables que incluyen recepci\u00f3n 24 horas, wifi de alta velocidad, instalaciones de bienestar y un servicio de limpieza discreto, cada aspecto de su estancia est\u00e1 dise\u00f1ado para brindarle tranquilidad, comodidad y autenticidad. Ya sea que est\u00e9 aqu\u00ed para una escapada de fin de semana o para una inmersi\u00f3n cultural prolongada, <strong>Hotel Jian Shan Tang<\/strong> ofrece m\u00e1s que alojamiento: ofrece una experiencia basada en el equilibrio, la belleza y la pertenencia.<\/p><div class=\"my-2\">\u00a0<\/div><p><strong>Ven a quedarte. Qu\u00e9date a sentir. Esto es JIAN SHAN TANG, donde el esp\u00edritu de Chengdu se fusiona con la quietud de las monta\u00f1as.<\/strong><\/p><div class=\"my-2\">\u00a0<\/div><p>\ud83d\udccd <strong>Hotel Jian Shan Tang<\/strong><br \/>No. 20 Sandongqiao Road, distrito de Jinniu, Chengdu, Sichuan, 610031, China<br \/>\ud83d\udcde +86-28-61507788 | \ud83c\udf10 <a href=\"http:\/\/jianshantanghotel.com\/es\/\" target=\"_blank\" rel=\"nofollow noopener\">jianshantanghotel.com <\/a><\/p><div class=\"my-2\">\u00a0<\/div><p><em>Tu viaje tranquilo comienza aqu\u00ed.<\/em><\/p>\t\t\t\t\t\t\t\t<\/div>\n\t\t\t\t\t<\/div>\n\t\t<\/div>\n\t\t\t\t\t<\/div>\n\t\t<\/section>\n\t\t\t\t<section class=\"elementor-section elementor-top-section elementor-element elementor-element-2092b7d0 elementor-section-stretched elementor-section-boxed elementor-section-gap-beside-yes elementor-section-height-default elementor-section-height-default elementor-section-column-vertical-align-stretch\" data-id=\"2092b7d0\" data-element_type=\"section\" data-e-type=\"section\" data-settings=\"{&quot;background_background&quot;:&quot;classic&quot;,&quot;stretch_section&quot;:&quot;section-stretched&quot;}\">\n\t\t\t\t\t\t<div class=\"elementor-container elementor-column-gap-extended\">\n\t\t\t\t\t<div class=\"elementor-column elementor-col-100 elementor-top-column elementor-element elementor-element-be69d75\" data-id=\"be69d75\" data-element_type=\"column\" data-e-type=\"column\">\n\t\t\t<div class=\"elementor-widget-wrap elementor-element-populated\">\n\t\t\t\t\t\t<div class=\"elementor-element elementor-element-726d0a9 elementor-widget elementor-widget-nuss-heading\" data-id=\"726d0a9\" data-element_type=\"widget\" data-e-type=\"widget\" data-widget_type=\"nuss-heading.default\">\n\t\t\t\t<div class=\"elementor-widget-container\">\n\t\t\t\t\t\t\t<div class=\"nuss-modern-heading\">\r\n\t\t\t\r\n\t\t\t\t\t\t<div class=\"heading-primary-wrap\">\r\n\t\t\t\t<h2 class=\"heading-primary elementor-heading-title\">Consultar disponibilidad <\/h2>\t\t\t<\/div>\r\n\t\t\r\n\t\t\t\r\n\t\t\t\t\t<\/div>\r\n\t\t\t\t\t<\/div>\n\t\t\t\t<\/div>\n\t\t\t\t<div class=\"elementor-element elementor-element-f305f53 elementor-widget elementor-widget-text-editor\" data-id=\"f305f53\" data-element_type=\"widget\" data-e-type=\"widget\" data-widget_type=\"text-editor.default\">\n\t\t\t\t\t\t\t\t\t<iframe border=\"0\" src=\"https:\/\/www.trip.com\/partners\/ad\/S5304749?Allianceid=4590391&#038;SID=257863943&#038;trip_sub1=\" style=\"width:900px;height:200px\" frameborder=\"0\" scrolling=\"no\" id=\"S5304749\"><\/iframe>\t\t\t\t\t\t\t\t<\/div>\n\t\t\t\t\t<\/div>\n\t\t<\/div>\n\t\t\t\t\t<\/div>\n\t\t<\/section>\n\t\t\t\t<\/div>","protected":false},"excerpt":{"rendered":"<p>Welcome to JIAN SHAN TANG Hotel Tucked away on No. 20 Sandongqiao Road in the dynamic Jinniu District of Chengdu, Sichuan, China, JIAN SHAN TANG Hotel stands as a quiet masterpiece of design, culture, and mindful hospitality. More than just a place to rest your head, this boutique sanctuary redefines urban luxury by weaving together [&hellip;]<\/p>\n","protected":false},"author":1,"featured_media":0,"parent":0,"menu_order":0,"comment_status":"closed","ping_status":"closed","template":"","meta":{"footnotes":""},"class_list":["post-5266","page","type-page","status-publish","hentry","post-no-thumbnail"],"_links":{"self":[{"href":"https:\/\/jianshantanghotel.com\/es\/wp-json\/wp\/v2\/pages\/5266","targetHints":{"allow":["GET"]}}],"collection":[{"href":"https:\/\/jianshantanghotel.com\/es\/wp-json\/wp\/v2\/pages"}],"about":[{"href":"https:\/\/jianshantanghotel.com\/es\/wp-json\/wp\/v2\/types\/page"}],"author":[{"embeddable":true,"href":"https:\/\/jianshantanghotel.com\/es\/wp-json\/wp\/v2\/users\/1"}],"replies":[{"embeddable":true,"href":"https:\/\/jianshantanghotel.com\/es\/wp-json\/wp\/v2\/comments?post=5266"}],"version-history":[{"count":0,"href":"https:\/\/jianshantanghotel.com\/es\/wp-json\/wp\/v2\/pages\/5266\/revisions"}],"wp:attachment":[{"href":"https:\/\/jianshantanghotel.com\/es\/wp-json\/wp\/v2\/media?parent=5266"}],"curies":[{"name":"wp","href":"https:\/\/api.w.org\/{rel}","templated":true}]}}