{"id":2105,"date":"2021-03-24T07:25:45","date_gmt":"2021-03-24T07:25:45","guid":{"rendered":"http:\/\/localhost\/nuss\/?page_id=235"},"modified":"2025-09-10T09:16:33","modified_gmt":"2025-09-10T09:16:33","slug":"preguntas-frecuentes","status":"publish","type":"page","link":"https:\/\/jianshantanghotel.com\/es\/preguntas-frecuentes\/","title":{"rendered":"Preguntas frecuentes"},"content":{"rendered":"<div data-elementor-type=\"wp-page\" data-elementor-id=\"2105\" class=\"elementor elementor-2105\">\n\t\t\t\t\t\t<section class=\"elementor-section elementor-top-section elementor-element elementor-element-2a96a73 elementor-section-boxed elementor-section-gap-beside-yes elementor-section-height-default elementor-section-height-default elementor-section-column-vertical-align-stretch\" data-id=\"2a96a73\" data-element_type=\"section\" data-e-type=\"section\">\n\t\t\t\t\t\t<div class=\"elementor-container elementor-column-gap-extended\">\n\t\t\t\t\t<div class=\"elementor-column elementor-col-100 elementor-top-column elementor-element elementor-element-98ef20c\" data-id=\"98ef20c\" data-element_type=\"column\" data-e-type=\"column\">\n\t\t\t<div class=\"elementor-widget-wrap elementor-element-populated\">\n\t\t\t\t\t\t<div class=\"elementor-element elementor-element-97088c0 elementor-widget__width-initial elementor-invisible elementor-widget elementor-widget-text-editor\" data-id=\"97088c0\" data-element_type=\"widget\" data-e-type=\"widget\" data-settings=\"{&quot;_animation&quot;:&quot;nussFadeInUp&quot;}\" data-widget_type=\"text-editor.default\">\n\t\t\t\t\t\t\t\t\t<p>A continuaci\u00f3n encontrar\u00e1 una lista de las preguntas m\u00e1s frecuentes que nos hacen nuestros hu\u00e9spedes.<\/p>\t\t\t\t\t\t\t\t<\/div>\n\t\t\t\t\t<\/div>\n\t\t<\/div>\n\t\t\t\t\t<\/div>\n\t\t<\/section>\n\t\t\t\t<section class=\"elementor-section elementor-top-section elementor-element elementor-element-b184647 elementor-section-gap-beside-no elementor-section-boxed elementor-section-height-default elementor-section-height-default elementor-section-column-vertical-align-stretch\" data-id=\"b184647\" data-element_type=\"section\" data-e-type=\"section\">\n\t\t\t\t\t\t<div class=\"elementor-container elementor-column-gap-extended\">\n\t\t\t\t\t<div class=\"elementor-column elementor-col-100 elementor-top-column elementor-element elementor-element-1d49749\" data-id=\"1d49749\" data-element_type=\"column\" data-e-type=\"column\">\n\t\t\t<div class=\"elementor-widget-wrap elementor-element-populated\">\n\t\t\t\t\t\t<div class=\"elementor-element elementor-element-b986a9e elementor-invisible elementor-widget elementor-widget-nuss-heading\" data-id=\"b986a9e\" data-element_type=\"widget\" data-e-type=\"widget\" data-settings=\"{&quot;_animation&quot;:&quot;nussFadeInUp&quot;}\" data-widget_type=\"nuss-heading.default\">\n\t\t\t\t<div class=\"elementor-widget-container\">\n\t\t\t\t\t\t\t<div class=\"nuss-modern-heading\">\r\n\t\t\t\r\n\t\t\t\t\t\t<div class=\"heading-primary-wrap\">\r\n\t\t\t\t<h4 class=\"heading-primary elementor-heading-title\">Preguntas frecuentes<\/h4>\t\t\t<\/div>\r\n\t\t\r\n\t\t\t\t\t\t<div class=\"heading-divider-wrap\">\r\n\t\t\t\t<div class=\"heading-divider\" style=\"left: 0px;top: 6px\"><\/div>\r\n\t\t\t<\/div>\r\n\t\r\n\t\t\t\t\t<\/div>\r\n\t\t\t\t\t<\/div>\n\t\t\t\t<\/div>\n\t\t\t\t<div class=\"elementor-element elementor-element-50f0733 elementor-invisible elementor-widget elementor-widget-heading\" data-id=\"50f0733\" data-element_type=\"widget\" data-e-type=\"widget\" data-settings=\"{&quot;_animation&quot;:&quot;nussFadeInUp&quot;}\" data-widget_type=\"heading.default\">\n\t\t\t\t\t<h2 class=\"elementor-heading-title elementor-size-default\">Preguntas y respuestas<\/h2>\t\t\t\t<\/div>\n\t\t\t\t<div class=\"elementor-element elementor-element-07b9436 elementor-widget elementor-widget-text-editor\" data-id=\"07b9436\" data-element_type=\"widget\" data-e-type=\"widget\" data-widget_type=\"text-editor.default\">\n\t\t\t\t\t\t\t\t\t<h3><strong data-spm-anchor-id=\"a2ty_o01.29997173.0.i42.2cc3c921DC36FP\">1. \u00bfD\u00f3nde est\u00e1 ubicado el Hotel JIAN SHAN TANG?<\/strong><\/h3><p>El hotel JIAN SHAN TANG est\u00e1 ubicado en <strong>No. 20 Sandongqiao Road, distrito de Jinniu, Chengdu, Sichuan, 610031, China<\/strong>Tiene una ubicaci\u00f3n c\u00e9ntrica cerca de lugares de inter\u00e9s cultural como el Monasterio Wenshu y ofrece un excelente acceso al transporte p\u00fablico y a las principales atracciones.<\/p><div class=\"my-2\">\u00a0<\/div><div class=\"py-2 my-3\"><hr \/><\/div><div class=\"my-2\">\u00a0<\/div><h3><strong>2. \u00bfA qu\u00e9 distancia est\u00e1 el hotel del Aeropuerto Internacional de Chengdu Shuangliu?<\/strong><\/h3><p>El hotel est\u00e1 a aproximadamente <strong>18\u201320 kil\u00f3metros<\/strong> de <strong>Aeropuerto Internacional Chengdu Shuangliu (CTU)<\/strong>, con un tiempo de viaje de <strong>30\u201345 minutos en taxi o traslado privado<\/strong>, dependiendo del tr\u00e1fico.<\/p><div class=\"my-2\">\u00a0<\/div><div class=\"py-2 my-3\"><hr \/><\/div><div class=\"my-2\">\u00a0<\/div><h3><strong>3. \u00bfHay un servicio de transporte al aeropuerto disponible?<\/strong><\/h3><p>S\u00ed, JIAN SHAN TANG ofrece <strong>Servicio prioritario de recogida en el aeropuerto bajo petici\u00f3n<\/strong>Los hu\u00e9spedes pueden reservar con antelaci\u00f3n un c\u00f3modo traslado privado a trav\u00e9s del conserje del hotel. Los autobuses expr\u00e9s del aeropuerto (l\u00ednea 303) tambi\u00e9n tienen parada cerca.<\/p><div class=\"my-2\">\u00a0<\/div><div class=\"py-2 my-3\"><hr \/><\/div><div class=\"my-2\">\u00a0<\/div><h3><strong>4. \u00bfCu\u00e1l es la estaci\u00f3n de metro m\u00e1s cercana?<\/strong><\/h3><p>La estaci\u00f3n de metro m\u00e1s cercana es <strong>Estaci\u00f3n del Monasterio Wenshu (L\u00ednea 1)<\/strong>, ubicado aproximadamente <strong>600\u2013800 metros<\/strong> Desde el hotel. Se tarda 10 minutos a pie o un corto trayecto en taxi, con acceso directo al centro de Chengdu, Taikoo Li y las principales estaciones de tren.<\/p><div class=\"my-2\">\u00a0<\/div><div class=\"py-2 my-3\"><hr \/><\/div><div class=\"my-2\">\u00a0<\/div><h3><strong>5. \u00bfEl hotel ofrece WiFi gratuita?<\/strong><\/h3><p>S\u00ed, <strong>Wi-Fi de fibra \u00f3ptica de alta velocidad gratuito<\/strong> Est\u00e1 disponible en todo el hotel, incluyendo las habitaciones, el centro de negocios, el vest\u00edbulo y los patios. La conexi\u00f3n permite videoconferencias, streaming y teletrabajo.<\/p><div class=\"my-2\">\u00a0<\/div><div class=\"py-2 my-3\"><hr \/><\/div><div class=\"my-2\">\u00a0<\/div><h3><strong>6. \u00bfLas habitaciones est\u00e1n insonorizadas?<\/strong><\/h3><p>S\u00ed, todas las habitaciones son <strong>Insonorizado con ventanas de doble acristalamiento y aislamiento ac\u00fastico.<\/strong>, lo que garantiza un entorno tranquilo y relajante, a pesar de que el hotel est\u00e1 ubicado en el vibrante distrito de Jinniu.<\/p><div class=\"my-2\">\u00a0<\/div><div class=\"py-2 my-3\"><hr \/><\/div><div class=\"my-2\">\u00a0<\/div><h3><strong>7. \u00bfQu\u00e9 tipos de habitaciones est\u00e1n disponibles?<\/strong><\/h3><p>JIAN SHAN TANG ofrece una variedad de alojamientos cuidadosamente dise\u00f1ados, que incluyen:<\/p><ul dir=\"auto\"><li><strong>Habitaci\u00f3n Deluxe<\/strong><\/li><li><strong>Habitaci\u00f3n Premier con vista al patio<\/strong><\/li><li><strong>Suite Ejecutiva<\/strong><\/li><li><strong>Habitaci\u00f3n Familiar (bajo petici\u00f3n)<\/strong><br \/>Todas las habitaciones combinan un dise\u00f1o minimalista con elementos tradicionales de Sichuan y comodidades premium.<\/li><\/ul><div class=\"my-2\">\u00a0<\/div><div class=\"py-2 my-3\"><hr \/><\/div><div class=\"my-2\">\u00a0<\/div><h3><strong>8. \u00bfEl desayuno est\u00e1 incluido en el precio de la habitaci\u00f3n?<\/strong><\/h3><p>La inclusi\u00f3n del desayuno depende del paquete de reserva. <strong>Algunas tarifas incluyen desayuno diario.<\/strong> Ofrece opciones tanto chinas (congee, baozi, t\u00e9 de hierbas) como occidentales (pasteles, huevos, fruta). Los hu\u00e9spedes tambi\u00e9n pueden pedir desayuno a la carta.<\/p><div class=\"my-2\">\u00a0<\/div><div class=\"py-2 my-3\"><hr \/><\/div><div class=\"my-2\">\u00a0<\/div><h3><strong>9. \u00bfCu\u00e1les son los horarios y opciones de desayuno?<\/strong><\/h3><p>El desayuno se sirve todos los d\u00edas a partir de <strong>6:30 a. m. a 10:00 a. m.<\/strong> En el tranquilo restaurante del hotel. El men\u00fa incluye:<\/p><ul dir=\"auto\"><li>fideos al estilo de Sichuan<\/li><li>Empanadillas y bollos al vapor<\/li><li>Fruta fresca, yogur y zumos.<\/li><li>Huevos, tostadas y caf\u00e9\/t\u00e9.<br \/>Se ofrecen opciones vegetarianas y dietas ligeras.<\/li><\/ul><div class=\"my-2\">\u00a0<\/div><div class=\"py-2 my-3\"><hr \/><\/div><div class=\"my-2\">\u00a0<\/div><h3><strong>10. \u00bfHay un restaurante en el establecimiento?<\/strong><\/h3><p>S\u00ed, el hotel cuenta con un <strong>restaurante refinado<\/strong> sirviendo aut\u00e9ntico <strong>Cocina de Sichuan con un toque moderno<\/strong>Entre los platos estrella se incluyen el tofu mapo, los fideos dan dan y el cerdo estofado a fuego lento. Las comidas se elaboran con ingredientes frescos de origen local.<\/p><div class=\"my-2\">\u00a0<\/div><div class=\"py-2 my-3\"><hr \/><\/div><div class=\"my-2\">\u00a0<\/div><h3><strong>11. \u00bfPuede el hotel atender necesidades diet\u00e9ticas especiales?<\/strong><\/h3><p>S\u00ed, el equipo del restaurante puede preparar <strong>vegetariano, vegano, sin gluten y bajo en especias<\/strong> Opciones disponibles bajo petici\u00f3n. Por favor, informe al personal al hacer la reserva o a su llegada.<\/p><div class=\"my-2\">\u00a0<\/div><div class=\"py-2 my-3\"><hr \/><\/div><div class=\"my-2\">\u00a0<\/div><h3><strong>12. \u00bfHay recepci\u00f3n 24 horas y servicio de conserjer\u00eda?<\/strong><\/h3><p>S\u00ed, el hotel ofrece <strong>Soporte de recepci\u00f3n las 24 horas<\/strong> y un <strong>servicio de conserjer\u00eda personalizado<\/strong> para ayudar con el transporte, reservas de restaurantes, reservas de tours y experiencias culturales locales como la \u00f3pera de Sichuan o talleres de caligraf\u00eda.<\/p><div class=\"my-2\">\u00a0<\/div><div class=\"py-2 my-3\"><hr \/><\/div><div class=\"my-2\">\u00a0<\/div><h3><strong>13. \u00bfHay instalaciones para negocios o reuniones?<\/strong><\/h3><p>S\u00ed, JIAN SHAN TANG presenta una <strong>centro de negocios totalmente equipado<\/strong> y <strong>salas de reuniones privadas<\/strong> con:<\/p><ul dir=\"auto\"><li>Pantallas de alta definici\u00f3n<\/li><li>Videoconferencia (Zoom, Teams)<\/li><li>Servicios de impresi\u00f3n, escaneo y traducci\u00f3n<\/li><li>Dise\u00f1o insonorizado para mayor confidencialidad<br \/>Ideal para profesionales y equipos peque\u00f1os.<\/li><\/ul><div class=\"my-2\">\u00a0<\/div><div class=\"py-2 my-3\"><hr \/><\/div><div class=\"my-2\">\u00a0<\/div><h3><strong>14. \u00bfHay estacionamiento disponible para los hu\u00e9spedes?<\/strong><\/h3><p>S\u00ed, <strong>estacionamiento seguro en el lugar<\/strong> Disponible para los hu\u00e9spedes del hotel, sujeto a disponibilidad. Se puede organizar servicio de valet parking. Se recomienda reservar con antelaci\u00f3n durante la temporada alta.<\/p><div class=\"my-2\">\u00a0<\/div><div class=\"py-2 my-3\"><hr \/><\/div><div class=\"my-2\">\u00a0<\/div><h3><strong>15. \u00bfPuedo hacer el check-in temprano o el check-out tarde?<\/strong><\/h3><p>El check-in anticipado y el check-out tard\u00edo est\u00e1n sujetos a disponibilidad.<\/p><ul dir=\"auto\"><li><strong>Check-in anticipado (antes de las 14:00 horas)<\/strong>:Posible a partir de las 12:00 horas con previa solicitud y pago de tarifa.<\/li><li><strong>Salida tard\u00eda<\/strong>:Hasta <strong>4:00 p.m.<\/strong> Puede estar disponible por un cargo adicional.<br \/>Contacte con el hotel con antelaci\u00f3n para organizarlo.<\/li><\/ul><div class=\"my-2\">\u00a0<\/div><div class=\"py-2 my-3\"><hr \/><\/div><div class=\"my-2\">\u00a0<\/div><h3><strong>16. \u00bfEl hotel es adecuado para viajeros solitarios y mujeres?<\/strong><\/h3><p>Por supuesto. JIAN SHAN TANG es conocido por su <strong>ambiente seguro y tranquilo<\/strong> Y un personal atento. La propiedad est\u00e1 bien iluminada, cuenta con vigilancia las 24 horas y es frecuentemente elogiada por viajeros solitarios y mujeres por su ambiente acogedor y respetuoso.<\/p><div class=\"my-2\">\u00a0<\/div><div class=\"py-2 my-3\"><hr \/><\/div><div class=\"my-2\">\u00a0<\/div><h3><strong>17. \u00bfSe admiten mascotas?<\/strong><\/h3><p>Actualmente, <strong>No se permiten mascotas<\/strong> En habitaciones y \u00e1reas p\u00fablicas, de acuerdo con la normativa hotelera china. Sin embargo, se pueden alojar animales de servicio con previo aviso.<\/p><div class=\"my-2\">\u00a0<\/div><div class=\"py-2 my-3\"><hr \/><\/div><div class=\"my-2\">\u00a0<\/div><h3><strong>18. \u00bfQu\u00e9 pr\u00e1cticas de sostenibilidad sigue el hotel?<\/strong><\/h3><p>JIAN SHAN TANG est\u00e1 comprometido con la hospitalidad ecol\u00f3gica, que incluye:<\/p><ul dir=\"auto\"><li>Sistemas de iluminaci\u00f3n y climatizaci\u00f3n energ\u00e9ticamente eficientes<\/li><li>Art\u00edculos de tocador ecol\u00f3gicos y biodegradables<\/li><li>Accesorios ahorradores de agua y programas de reutilizaci\u00f3n de toallas<\/li><li>Alimentos de origen local para reducir la huella de carbono<\/li><li>Pl\u00e1sticos m\u00ednimos de un solo uso<\/li><\/ul><div class=\"my-2\">\u00a0<\/div><div class=\"py-2 my-3\"><hr \/><\/div><div class=\"my-2\">\u00a0<\/div><h3><strong>19. \u00bfQu\u00e9 atracciones cercanas puedo visitar desde el hotel?<\/strong><\/h3><p>La ubicaci\u00f3n central del hotel ofrece f\u00e1cil acceso a las principales atracciones de Chengdu:<\/p><ul dir=\"auto\"><li><strong>Monasterio Wenshu<\/strong> (500 m) \u2013 Templo budista hist\u00f3rico<\/li><li><strong>Callej\u00f3n Kuanzhai (callejones anchos y estrechos)<\/strong> (2,5 kil\u00f3metros)<\/li><li><strong>Calle antigua de Jinli<\/strong> (3 kil\u00f3metros)<\/li><li><strong>Templo Taikoo Li y Daci<\/strong> (4 kil\u00f3metros)<\/li><li><strong>Parque del Pueblo y Casa de T\u00e9 Heming<\/strong> (3,5 kil\u00f3metros)<br \/>A todos se puede llegar en metro, taxi o caminando.<\/li><\/ul><div class=\"my-2\">\u00a0<\/div><div class=\"py-2 my-3\"><hr \/><\/div><div class=\"my-2\">\u00a0<\/div><h3><strong>20. \u00bfD\u00f3nde puedo leer las opiniones de los hu\u00e9spedes sobre el Hotel JIAN SHAN TANG?<\/strong><\/h3><p>Se pueden encontrar rese\u00f1as aut\u00e9nticas de hu\u00e9spedes en las principales plataformas de viajes:<\/p><ul dir=\"auto\"><li><strong>TripAdvisor<\/strong>: JIAN SHAN TANG Hotel Chengdu<\/li><li><strong>Trip.com \/ Ctrip<\/strong>:Altamente calificado con un <strong>Puntuaci\u00f3n de los hu\u00e9spedes: 9,1\/10<\/strong><\/li><li><strong>Booking.com<\/strong> y <strong>Rese\u00f1as de Google<\/strong>Elogiado constantemente por su ambiente, servicio y ubicaci\u00f3n.<\/li><\/ul><div class=\"my-2\">\u00a0<\/div><p>Los hu\u00e9spedes destacan con frecuencia la <strong>Dise\u00f1o sereno, personal excepcional y una combinaci\u00f3n perfecta de cultura y comodidad.<\/strong>.<\/p><div class=\"my-2\">\u00a0<\/div><div class=\"py-2 my-3\"><hr \/><\/div><div class=\"my-2\">\u00a0<\/div><h3><strong>Nota final<\/strong><\/h3><p>En <strong>Hotel Jian Shan Tang<\/strong>Creemos que cada pregunta importa. Ya sea que est\u00e9 planeando su primera visita a Chengdu o que regrese para un viaje cultural m\u00e1s profundo, nuestro equipo est\u00e1 aqu\u00ed para garantizar que su estancia sea perfecta, significativa e inolvidable.<\/p><div class=\"my-2\">\u00a0<\/div><p>\ud83d\udcde <strong>Cont\u00e1ctenos<\/strong>: +86-28-61507788 <br \/>\ud83c\udf10 <strong>Sitio web oficial<\/strong>: <a href=\"https:\/\/jianshantanghotel.com\/es\/\">https:\/\/jianshantanghotel.com<\/a><br \/>\ud83d\udccd <strong>DIRECCI\u00d3N<\/strong>: No. 20 Sandongqiao Road, distrito de Jinniu, Chengdu, Sichuan, China<\/p><div class=\"my-2\">\u00a0<\/div><p data-spm-anchor-id=\"a2ty_o01.29997173.0.i43.2cc3c921DC36FP\"><em>Tu viaje comienza con claridad. Bienvenido a JIAN SHAN TANG.<\/em><\/p>\t\t\t\t\t\t\t\t<\/div>\n\t\t\t\t\t<\/div>\n\t\t<\/div>\n\t\t\t\t\t<\/div>\n\t\t<\/section>\n\t\t\t\t<section class=\"elementor-section elementor-top-section elementor-element elementor-element-2e732feb elementor-section-stretched elementor-section-boxed elementor-section-gap-beside-yes elementor-section-height-default elementor-section-height-default elementor-section-column-vertical-align-stretch\" data-id=\"2e732feb\" data-element_type=\"section\" data-e-type=\"section\" data-settings=\"{&quot;background_background&quot;:&quot;classic&quot;,&quot;stretch_section&quot;:&quot;section-stretched&quot;}\">\n\t\t\t\t\t\t<div class=\"elementor-container elementor-column-gap-extended\">\n\t\t\t\t\t<div class=\"elementor-column elementor-col-100 elementor-top-column elementor-element elementor-element-4e43ee27\" data-id=\"4e43ee27\" data-element_type=\"column\" data-e-type=\"column\">\n\t\t\t<div class=\"elementor-widget-wrap elementor-element-populated\">\n\t\t\t\t\t\t<div class=\"elementor-element elementor-element-2d1566fc elementor-widget elementor-widget-nuss-heading\" data-id=\"2d1566fc\" data-element_type=\"widget\" data-e-type=\"widget\" data-widget_type=\"nuss-heading.default\">\n\t\t\t\t<div class=\"elementor-widget-container\">\n\t\t\t\t\t\t\t<div class=\"nuss-modern-heading\">\r\n\t\t\t\r\n\t\t\t\t\t\t<div class=\"heading-primary-wrap\">\r\n\t\t\t\t<h2 class=\"heading-primary elementor-heading-title\">Consultar disponibilidad <\/h2>\t\t\t<\/div>\r\n\t\t\r\n\t\t\t\r\n\t\t\t\t\t<\/div>\r\n\t\t\t\t\t<\/div>\n\t\t\t\t<\/div>\n\t\t\t\t<div class=\"elementor-element elementor-element-46f515a0 elementor-widget elementor-widget-text-editor\" data-id=\"46f515a0\" data-element_type=\"widget\" data-e-type=\"widget\" data-widget_type=\"text-editor.default\">\n\t\t\t\t\t\t\t\t\t<iframe border=\"0\" src=\"https:\/\/www.trip.com\/partners\/ad\/S5304749?Allianceid=4590391&#038;SID=257863943&#038;trip_sub1=\" style=\"width:900px;height:200px\" frameborder=\"0\" scrolling=\"no\" id=\"S5304749\"><\/iframe>\t\t\t\t\t\t\t\t<\/div>\n\t\t\t\t\t<\/div>\n\t\t<\/div>\n\t\t\t\t\t<\/div>\n\t\t<\/section>\n\t\t\t\t<\/div>","protected":false},"excerpt":{"rendered":"<p>Below, you will find a list of the questions most frequently asked by our guests. FAQ&#8217;S Questions &amp; Answers Check-in time? As a rough guide, the check-in time is after 12 a.m. Let us know your arrival time in case you schedule and early check in we\u2018ll do our best to have your room available. [&hellip;]<\/p>\n","protected":false},"author":1,"featured_media":0,"parent":0,"menu_order":0,"comment_status":"closed","ping_status":"closed","template":"","meta":{"footnotes":""},"class_list":["post-2105","page","type-page","status-publish","hentry","post-no-thumbnail"],"_links":{"self":[{"href":"https:\/\/jianshantanghotel.com\/es\/wp-json\/wp\/v2\/pages\/2105","targetHints":{"allow":["GET"]}}],"collection":[{"href":"https:\/\/jianshantanghotel.com\/es\/wp-json\/wp\/v2\/pages"}],"about":[{"href":"https:\/\/jianshantanghotel.com\/es\/wp-json\/wp\/v2\/types\/page"}],"author":[{"embeddable":true,"href":"https:\/\/jianshantanghotel.com\/es\/wp-json\/wp\/v2\/users\/1"}],"replies":[{"embeddable":true,"href":"https:\/\/jianshantanghotel.com\/es\/wp-json\/wp\/v2\/comments?post=2105"}],"version-history":[{"count":0,"href":"https:\/\/jianshantanghotel.com\/es\/wp-json\/wp\/v2\/pages\/2105\/revisions"}],"wp:attachment":[{"href":"https:\/\/jianshantanghotel.com\/es\/wp-json\/wp\/v2\/media?parent=2105"}],"curies":[{"name":"wp","href":"https:\/\/api.w.org\/{rel}","templated":true}]}}