{"id":2109,"date":"2021-03-26T08:35:58","date_gmt":"2021-03-26T08:35:58","guid":{"rendered":"http:\/\/localhost\/nuss\/?page_id=536"},"modified":"2025-09-10T08:51:43","modified_gmt":"2025-09-10T08:51:43","slug":"business-einrichtungen","status":"publish","type":"page","link":"https:\/\/jianshantanghotel.com\/de\/business-einrichtungen\/","title":{"rendered":"Business-Einrichtungen"},"content":{"rendered":"<div data-elementor-type=\"wp-page\" data-elementor-id=\"2109\" class=\"elementor elementor-2109\">\n\t\t\t\t\t\t<section class=\"elementor-section elementor-top-section elementor-element elementor-element-bb2901b elementor-section-boxed elementor-section-gap-beside-yes elementor-section-height-default elementor-section-height-default elementor-section-column-vertical-align-stretch\" data-id=\"bb2901b\" data-element_type=\"section\" data-e-type=\"section\">\n\t\t\t\t\t\t<div class=\"elementor-container elementor-column-gap-extended\">\n\t\t\t\t\t<div class=\"elementor-column elementor-col-100 elementor-top-column elementor-element elementor-element-1919db9\" data-id=\"1919db9\" data-element_type=\"column\" data-e-type=\"column\">\n\t\t\t<div class=\"elementor-widget-wrap elementor-element-populated\">\n\t\t\t\t\t\t<div class=\"elementor-element elementor-element-41a7b9c elementor-widget__width-initial elementor-invisible elementor-widget elementor-widget-text-editor\" data-id=\"41a7b9c\" data-element_type=\"widget\" data-e-type=\"widget\" data-settings=\"{&quot;_animation&quot;:&quot;nussFadeInUp&quot;}\" data-widget_type=\"text-editor.default\">\n\t\t\t\t\t\t\t\t\t<p><strong data-spm-anchor-id=\"a2ty_o01.29997173.0.i30.2cc3c921DC36FP\">Entdecken Sie die eleganten Gesch\u00e4ftseinrichtungen im JIAN SHAN TANG Hotel, Chengdu<\/strong><\/p>\t\t\t\t\t\t\t\t<\/div>\n\t\t\t\t\t<\/div>\n\t\t<\/div>\n\t\t\t\t\t<\/div>\n\t\t<\/section>\n\t\t<div class=\"elementor-element elementor-element-80565c9 e-flex e-con-boxed e-con e-parent\" data-id=\"80565c9\" data-element_type=\"container\" data-e-type=\"container\">\n\t\t\t\t\t<div class=\"e-con-inner\">\n\t\t\t\t<div class=\"elementor-element elementor-element-e4c721d elementor-widget elementor-widget-image\" data-id=\"e4c721d\" data-element_type=\"widget\" data-e-type=\"widget\" data-widget_type=\"image.default\">\n\t\t\t\t\t\t\t\t\t\t\t\t\t\t\t<img fetchpriority=\"high\" decoding=\"async\" width=\"1024\" height=\"682\" src=\"https:\/\/jianshantanghotel.com\/wp-content\/uploads\/2025\/09\/Jian-Shan-Tang-Chengdu-China-13-1024x682.webp\" class=\"attachment-large size-large wp-image-5579\" alt=\"\" srcset=\"https:\/\/jianshantanghotel.com\/wp-content\/uploads\/2025\/09\/Jian-Shan-Tang-Chengdu-China-13-1024x682.webp 1024w, https:\/\/jianshantanghotel.com\/wp-content\/uploads\/2025\/09\/Jian-Shan-Tang-Chengdu-China-13-300x200.webp 300w, https:\/\/jianshantanghotel.com\/wp-content\/uploads\/2025\/09\/Jian-Shan-Tang-Chengdu-China-13-768x512.webp 768w, https:\/\/jianshantanghotel.com\/wp-content\/uploads\/2025\/09\/Jian-Shan-Tang-Chengdu-China-13-18x12.webp 18w, https:\/\/jianshantanghotel.com\/wp-content\/uploads\/2025\/09\/Jian-Shan-Tang-Chengdu-China-13.webp 1280w\" sizes=\"(max-width: 1024px) 100vw, 1024px\" \/>\t\t\t\t\t\t\t\t\t\t\t\t\t\t\t<\/div>\n\t\t\t\t\t<\/div>\n\t\t\t\t<\/div>\n\t\t<div class=\"elementor-element elementor-element-1b3b158 e-flex e-con-boxed e-con e-parent\" data-id=\"1b3b158\" data-element_type=\"container\" data-e-type=\"container\">\n\t\t\t\t\t<div class=\"e-con-inner\">\n\t\t\t\t<div class=\"elementor-element elementor-element-69809fa elementor-widget elementor-widget-text-editor\" data-id=\"69809fa\" data-element_type=\"widget\" data-e-type=\"widget\" data-widget_type=\"text-editor.default\">\n\t\t\t\t\t\t\t\t\t<p>Im Herzen von <strong>Bezirk Jinniu<\/strong>, wo Chengdus pulsierender Handel auf seine besinnliche kulturelle Seele trifft, <strong>JIAN SHAN TANG Hotel<\/strong> bietet mehr als nur einen Ort zum \u00dcbernachten \u2013 es bietet ein anspruchsvolles Umfeld, in dem Gesch\u00e4fte im Einklang mit Achtsamkeit gedeihen. Befindet sich in <strong>Sandongqiao-Stra\u00dfe Nr. 20<\/strong>Unser Boutique-Hotel ist durchdacht f\u00fcr den modernen Berufst\u00e4tigen konzipiert: den Unternehmer, die F\u00fchrungskraft, den Telearbeiter und den Weltreisenden, der sowohl Produktivit\u00e4t als auch Ruhe sch\u00e4tzt.<\/p><p>Bei <strong>JIAN SHAN TANG<\/strong>Wir wissen, dass die Anforderungen heutiger Unternehmen \u00fcber WLAN und einen Schreibtisch hinausgehen. Es geht darum, eine Atmosph\u00e4re zu schaffen, in der Klarheit, Konzentration und Inspiration zusammenkommen. Deshalb ist unsere <strong>Business-Einrichtungen<\/strong> sind nicht nur funktional \u2013 sie sind bewusst so konzipiert, dass sie reibungsloses Arbeiten, sinnvolle Meetings und ununterbrochene Konzentration unterst\u00fctzen, und das alles in einer Umgebung, die Wohlbefinden und Eleganz in den Vordergrund stellt.<\/p><div class=\"py-2 my-3\"><hr \/><\/div><h3><strong>Ein Arbeitsbereich, der auf Exzellenz ausgelegt ist<\/strong><\/h3><p>Unser <strong>dediziertes Businesscenter<\/strong> ist ein Ort ruhiger Effizienz, rund um die Uhr ge\u00f6ffnet, um internationalen Zeitzonen und sich \u00e4ndernden Zeitpl\u00e4nen gerecht zu werden. Der Raum mit klaren Linien, nat\u00fcrlichem Licht und ergonomischen M\u00f6beln verbindet moderne Technologie mit traditionellem chinesischen Minimalismus. Ob Sie eine Pr\u00e4sentation fertigstellen, an einer virtuellen Konferenz teilnehmen oder Ihre n\u00e4chste gro\u00dfe Idee entwerfen \u2013 jedes Detail unterst\u00fctzt Ihren Arbeitsfluss.<\/p><h4><strong>Hauptmerkmale des Business Centers:<\/strong><\/h4><ul dir=\"auto\"><li><strong>Hochgeschwindigkeits-Glasfaser-Internet (Dualband-WLAN)<\/strong>: Zuverl\u00e4ssige, sichere und blitzschnelle Konnektivit\u00e4t f\u00fcr Videoanrufe, Cloud-Zugriff und die \u00dcbertragung gro\u00dfer Dateien.<\/li><li><strong>Private Arbeitspl\u00e4tze<\/strong>: Schallged\u00e4mpfte Kabinen und Einzelschreibtische sorgen f\u00fcr Privatsph\u00e4re und minimieren Ablenkungen.<\/li><li><strong>Druck-, Scan- und Kopierdienste<\/strong>: Full-Service-Support mit mehrsprachiger Unterst\u00fctzung auf Anfrage verf\u00fcgbar.<\/li><li><strong>Internationale Netzadapter und USB-Ladehubs<\/strong>: Universalsteckdosen versorgen Ger\u00e4te aus allen Regionen.<\/li><li><strong>Ruhezonen und Telefonzellen<\/strong>: Geschlossene R\u00e4ume f\u00fcr vertrauliche Anrufe oder konzentriertes Arbeiten, ausgestattet mit ger\u00e4uschunterdr\u00fcckender Akustik.<\/li><\/ul><div class=\"py-2 my-3\"><hr \/><\/div><h3><strong>Flexible Besprechungs- und Sitzungsr\u00e4ume f\u00fcr jeden Bedarf<\/strong><\/h3><p>F\u00fcr diejenigen, die Kunden, Teambesprechungen oder gemeinsame Sitzungen veranstalten, bietet JIAN SHAN TANG <strong>elegante private Tagungsr\u00e4ume<\/strong> die Funktionalit\u00e4t mit \u00e4sthetischer Eleganz verbinden. Ob Sie eine kleine Verhandlung oder eine mittelgro\u00dfe Firmenveranstaltung abhalten, unsere R\u00e4ume sind so konzipiert, dass sie beeindrucken und inspirieren.<\/p><h4><strong>Unsere Tagungseinrichtungen umfassen:<\/strong><\/h4><ul dir=\"auto\"><li><strong>Zwei Multifunktionsr\u00e4ume<\/strong>: Bietet Platz f\u00fcr 6 bis 20 G\u00e4ste, mit modularen M\u00f6beln f\u00fcr Vorstandssitzungen, U-f\u00f6rmige Diskussionen oder Unterrichtsanordnungen.<\/li><li><strong>Fortschrittliche AV-Technologie<\/strong>: 4K-Smart-Screens, drahtlose Bildschirmfreigabe (AirPlay, Miracast), professionelle Audiosysteme und Videokonferenzintegration (Zoom, Teams, Tencent Meeting).<\/li><li><strong>Anpassbare Beleuchtung und Klimaregelung<\/strong>: Passen Sie die Atmosph\u00e4re an die Atmosph\u00e4re Ihres Meetings an \u2013 ruhig und besinnlich oder dynamisch und energiegeladen.<\/li><li><strong>Verdunkelungsvorh\u00e4nge und Schallschutzw\u00e4nde<\/strong>: Sorgen Sie f\u00fcr Privatsph\u00e4re und vermeiden Sie externe St\u00f6rungen.<\/li><li><strong>Technischer Support vor Ort<\/strong>: Ein engagierter Mitarbeiter steht zur Verf\u00fcgung, um Sie bei der Einrichtung, Fehlerbehebung und Ger\u00e4teverwaltung zu unterst\u00fctzen.<\/li><\/ul><p>Unsere Konferenzr\u00e4ume sind ideal f\u00fcr Startups, multinationale Teams oder lokale Partnerschaften und spiegeln die Balance aus Professionalit\u00e4t und Gelassenheit wider, die das JIAN SHAN TANG-Erlebnis ausmacht.<\/p><div class=\"py-2 my-3\"><hr \/><\/div><h3><strong>Remote-Arbeit neu gedacht: Produktivit\u00e4t im Zimmer mit Aussicht<\/strong><\/h3><p>F\u00fcr G\u00e4ste, die lieber bequem von ihrem Zimmer aus arbeiten m\u00f6chten, <strong>G\u00e4stesuite im JIAN SHAN TANG<\/strong> ist ausgestattet als <strong>leistungsstarkes mobiles B\u00fcro<\/strong>.<\/p><ul dir=\"auto\"><li>Ger\u00e4umige, ergonomisch gestaltete Arbeitstische mit einstellbarer Arbeitsbeleuchtung<\/li><li>Dual-Monitor-Setup auf Anfrage erh\u00e4ltlich (HDMI- und VGA-Kompatibilit\u00e4t)<\/li><li>Nahtlose WLAN-Abdeckung im gesamten Zimmer und Badezimmer<\/li><li>Ruhige Platzierung auf dem Boden auf Wunsch f\u00fcr ungest\u00f6rte Konzentration<\/li><li>Kostenloses Premium-Schreibwarenset mit handgefertigtem Papier und kalligrafieinspiriertem Design<\/li><\/ul><p>Egal, ob Sie im Morgengrauen einen Deal abschlie\u00dfen oder im sanften Schein der Abendlaternen einen Bericht vorbereiten, Ihr Zimmer wird zu einem Ort der Produktivit\u00e4t, wo das sanfte Rascheln des Bambus im Hof die Kreativit\u00e4t f\u00f6rdert und nicht f\u00fcr Ablenkung sorgt.<\/p><div class=\"py-2 my-3\"><hr \/><\/div><h3><strong>Business Concierge: Ihr strategischer Partner in Chengdu<\/strong><\/h3><p>\u00dcber die Infrastruktur hinaus bieten wir eine <strong>spezieller Business Concierge Service<\/strong>\u2013 ein einzigartiger Vorteil f\u00fcr Berufst\u00e4tige, die sich in der dynamischen Landschaft von Chengdu zurechtfinden m\u00fcssen. Von der Organisation von Kurierdiensten und Dokumenten\u00fcbersetzungen \u00fcber die Buchung von Hochgeschwindigkeitszugtickets bis hin zur Reservierung von Reservierungen in Elite-Networking-Restaurants \u2013 unser Team ist Ihr Partner vor Ort.<\/p><p>Wir k\u00f6nnen auch:<\/p><ul dir=\"auto\"><li>Organisieren Sie Dolmetscher oder zweisprachige Assistenten<\/li><li>Verbinden Sie sich mit Kooperationspartnern oder Innovationszentren im Tianfu Software Park<\/li><li>Bereitstellung gedruckter Stadtpl\u00e4ne, Branchenverzeichnisse und SIM-Karten-Unterst\u00fctzung<\/li><li>Organisieren Sie den Transport zu Kundentreffen oder Flughafentransfers mit Luxusfahrzeugen<\/li><\/ul><p>Diese pers\u00f6nliche Unterst\u00fctzung stellt sicher, dass Ihre Zeit in Chengdu nicht nur produktiv, sondern auch m\u00fchelos verl\u00e4uft.<\/p><div class=\"py-2 my-3\"><hr \/><\/div><h3><strong>Wellness-integrierte Arbeitskultur<\/strong><\/h3><p>Wir bei JIAN SHAN TANG glauben, dass Spitzenleistung mit Wohlbefinden beginnt. Deshalb sind unsere Gesch\u00e4ftseinrichtungen nahtlos mit Wellness-Angeboten integriert, um Burnout vorzubeugen und Energie zu erhalten.<\/p><ul dir=\"auto\"><li><strong>Kostenloser Zugang zu unserer Zen-inspirierten Lounge<\/strong> zur Entspannung nach dem Meeting<\/li><li><strong>Yogamatten und Meditationsanleitungen auf Anfrage im Zimmer<\/strong><\/li><li><strong>Kr\u00e4utertees<\/strong> erh\u00e4ltlich im Business Center \u2013 hergestellt mit Ginseng, Goji und Chrysanthemen zur Verbesserung der geistigen Klarheit<\/li><li><strong>Achtsamkeitspausen am Mittag<\/strong>\u2014angeleitete Atem\u00fcbungen oder kurze Tai-Chi-Vorf\u00fchrungen im Innenhof (auf Anfrage)<\/li><\/ul><p>Wir definieren Gesch\u00e4ftsreisen neu, indem wir Produktivit\u00e4t mit Pr\u00e4senz verbinden und sicherstellen, dass Sie nicht nur erfolgreich, sondern auch erneuert abreisen.<\/p><div class=\"py-2 my-3\"><hr \/><\/div><h3><strong>Strategischer Standort f\u00fcr Unternehmen und Konnektivit\u00e4t<\/strong><\/h3><p>Gelegen in <strong>Bezirk Jinniu<\/strong>JIAN SHAN TANG, einer der wichtigsten Handels- und Verkehrsknotenpunkte von Chengdu, bietet un\u00fcbertroffenen Zugang zu:<\/p><ul dir=\"auto\"><li><strong>Nordbahnhof Chengdu<\/strong> (15 Minuten mit dem Auto) \u2013 Hochgeschwindigkeitszug nach Xi&#039;an, Chongqing und dar\u00fcber hinaus<\/li><li><strong>Internationales Ausstellungs- und Kongresszentrum Chengdu<\/strong> (25 Minuten)<\/li><li><strong>Tianfu Software Park &amp; Hi-Tech Zone<\/strong> (30 Minuten mit der U-Bahn\/dem Taxi)<\/li><li>N\u00e4he zu Finanz\u00e4mtern, Regierungszentren und Botschaften<\/li><\/ul><p>Mit <strong>U-Bahn-Station Wenshu-Kloster (Linie 1)<\/strong> Nur 800 Meter entfernt erreichen Sie jeden Winkel der Stadt schnell, einfach und stressfrei.<\/p><div class=\"py-2 my-3\"><hr \/><\/div><h3><strong>Fazit: Wo Gesch\u00e4ft auf Gleichgewicht trifft<\/strong><\/h3><p>In einer Welt, in der die Arbeit nie aufh\u00f6rt, <strong>JIAN SHAN TANG Hotel<\/strong> bietet ein seltenes Gleichgewicht \u2013 hier trifft Effizienz auf Eleganz und Ehrgeiz auf Gelassenheit. Unsere Business-Einrichtungen sind nicht nur auf Erfolg ausgerichtet, sondern darauf ausgelegt, Ihr gesamtes Berufserlebnis zu verbessern.<\/p><p>Egal, ob Sie einen Multimillionen-Yuan-Deal abschlie\u00dfen, ein Startup gr\u00fcnden oder von zu Hause aus mit Blick auf die Skyline von Chengdu arbeiten, <strong>JIAN SHAN TANG<\/strong> sorgt daf\u00fcr, dass Sie es mit Konzentration, Komfort und einem Hauch stiller Inspiration tun.<\/p><p><strong>Arbeiten Sie zielgerichtet. F\u00fchren Sie ruhig. Seien Sie mit Stil erfolgreich.<\/strong><br \/>Willkommen zu einem neuen Standard in der Business-Gastfreundschaft \u2013 nur bei <strong>JIAN SHAN TANG Hotel, Chengdu<\/strong>.<\/p><p>\ud83d\udccd <strong>JIAN SHAN TANG Hotel<\/strong><br \/>Nr. 20 Sandongqiao Road, Bezirk Jinniu, Chengdu, Sichuan, 610031, China<br \/>\ud83d\udcde +86-28-61507788 | \ud83c\udf10 <a href=\"https:\/\/jianshantanghotel.com\/de\/\" target=\"_blank\" rel=\"nofollow noopener\">https:\/\/jianshantanghotel.com<\/a><\/p><div class=\"my-2\">\u00a0<\/div><p data-spm-anchor-id=\"a2ty_o01.29997173.0.i32.2cc3c921DC36FP\"><em>Wo sich jedes Meeting sinnvoll anf\u00fchlt und jeder Moment funktioniert.<\/em><\/p>\t\t\t\t\t\t\t\t<\/div>\n\t\t\t\t\t<\/div>\n\t\t\t\t<\/div>\n\t\t\t\t<section class=\"elementor-section elementor-top-section elementor-element elementor-element-f58f09c elementor-section-stretched elementor-section-boxed elementor-section-gap-beside-yes elementor-section-height-default elementor-section-height-default elementor-section-column-vertical-align-stretch\" data-id=\"f58f09c\" data-element_type=\"section\" data-e-type=\"section\" data-settings=\"{&quot;background_background&quot;:&quot;classic&quot;,&quot;stretch_section&quot;:&quot;section-stretched&quot;}\">\n\t\t\t\t\t\t<div class=\"elementor-container elementor-column-gap-extended\">\n\t\t\t\t\t<div class=\"elementor-column elementor-col-100 elementor-top-column elementor-element elementor-element-4bbecadf\" data-id=\"4bbecadf\" data-element_type=\"column\" data-e-type=\"column\">\n\t\t\t<div class=\"elementor-widget-wrap elementor-element-populated\">\n\t\t\t\t\t\t<div class=\"elementor-element elementor-element-25fd8201 elementor-widget elementor-widget-nuss-heading\" data-id=\"25fd8201\" data-element_type=\"widget\" data-e-type=\"widget\" data-widget_type=\"nuss-heading.default\">\n\t\t\t\t<div class=\"elementor-widget-container\">\n\t\t\t\t\t\t\t<div class=\"nuss-modern-heading\">\r\n\t\t\t\r\n\t\t\t\t\t\t<div class=\"heading-primary-wrap\">\r\n\t\t\t\t<h2 class=\"heading-primary elementor-heading-title\">Verf\u00fcgbarkeit pr\u00fcfen <\/h2>\t\t\t<\/div>\r\n\t\t\r\n\t\t\t\r\n\t\t\t\t\t<\/div>\r\n\t\t\t\t\t<\/div>\n\t\t\t\t<\/div>\n\t\t\t\t<div class=\"elementor-element elementor-element-6887be90 elementor-widget elementor-widget-text-editor\" data-id=\"6887be90\" data-element_type=\"widget\" data-e-type=\"widget\" data-widget_type=\"text-editor.default\">\n\t\t\t\t\t\t\t\t\t<iframe border=\"0\" src=\"https:\/\/www.trip.com\/partners\/ad\/S5304749?Allianceid=4590391&#038;SID=257863943&#038;trip_sub1=\" style=\"width:900px;height:200px\" frameborder=\"0\" scrolling=\"no\" id=\"S5304749\"><\/iframe>\t\t\t\t\t\t\t\t<\/div>\n\t\t\t\t\t<\/div>\n\t\t<\/div>\n\t\t\t\t\t<\/div>\n\t\t<\/section>\n\t\t\t\t<\/div>","protected":false},"excerpt":{"rendered":"<p>Discover the Refined Business Facilities at JIAN SHAN TANG Hotel, Chengdu Capacity 8 &#8211; 10 persions Catering Coffee, Tea Internet Free Wifi LCD TV with HDMI Catering Coffee, Tea Capacity 8 &#8211; 10 persions Internet Free Wifi Package 1 $5 \/ Persion Our distinctive style helps inspire and ignite creativity for every meeting and special [&hellip;]<\/p>\n","protected":false},"author":1,"featured_media":0,"parent":0,"menu_order":0,"comment_status":"closed","ping_status":"closed","template":"","meta":{"footnotes":""},"class_list":["post-2109","page","type-page","status-publish","hentry","post-no-thumbnail"],"_links":{"self":[{"href":"https:\/\/jianshantanghotel.com\/de\/wp-json\/wp\/v2\/pages\/2109","targetHints":{"allow":["GET"]}}],"collection":[{"href":"https:\/\/jianshantanghotel.com\/de\/wp-json\/wp\/v2\/pages"}],"about":[{"href":"https:\/\/jianshantanghotel.com\/de\/wp-json\/wp\/v2\/types\/page"}],"author":[{"embeddable":true,"href":"https:\/\/jianshantanghotel.com\/de\/wp-json\/wp\/v2\/users\/1"}],"replies":[{"embeddable":true,"href":"https:\/\/jianshantanghotel.com\/de\/wp-json\/wp\/v2\/comments?post=2109"}],"version-history":[{"count":0,"href":"https:\/\/jianshantanghotel.com\/de\/wp-json\/wp\/v2\/pages\/2109\/revisions"}],"wp:attachment":[{"href":"https:\/\/jianshantanghotel.com\/de\/wp-json\/wp\/v2\/media?parent=2109"}],"curies":[{"name":"wp","href":"https:\/\/api.w.org\/{rel}","templated":true}]}}