{"id":2108,"date":"2021-03-26T06:46:16","date_gmt":"2021-03-26T06:46:16","guid":{"rendered":"http:\/\/localhost\/nuss\/?page_id=437"},"modified":"2025-09-10T12:10:39","modified_gmt":"2025-09-10T12:10:39","slug":"wellness-spa","status":"publish","type":"page","link":"https:\/\/jianshantanghotel.com\/de\/wellness-spa\/","title":{"rendered":"Wellness &amp; Spa"},"content":{"rendered":"<div data-elementor-type=\"wp-page\" data-elementor-id=\"2108\" class=\"elementor elementor-2108\">\n\t\t\t\t\t\t<section class=\"elementor-section elementor-top-section elementor-element elementor-element-e56a0cd elementor-section-boxed elementor-section-gap-beside-yes elementor-section-height-default elementor-section-height-default elementor-section-column-vertical-align-stretch\" data-id=\"e56a0cd\" data-element_type=\"section\" data-e-type=\"section\">\n\t\t\t\t\t\t<div class=\"elementor-container elementor-column-gap-extended\">\n\t\t\t\t\t<div class=\"elementor-column elementor-col-100 elementor-top-column elementor-element elementor-element-0b4465f\" data-id=\"0b4465f\" data-element_type=\"column\" data-e-type=\"column\">\n\t\t\t<div class=\"elementor-widget-wrap elementor-element-populated\">\n\t\t\t\t\t\t<div class=\"elementor-element elementor-element-c5bfb65 elementor-widget__width-initial elementor-invisible elementor-widget elementor-widget-text-editor\" data-id=\"c5bfb65\" data-element_type=\"widget\" data-e-type=\"widget\" data-settings=\"{&quot;_animation&quot;:&quot;nussFadeInUp&quot;}\" data-widget_type=\"text-editor.default\">\n\t\t\t\t\t\t\t\t\t<p><strong data-spm-anchor-id=\"a2ty_o01.29997173.0.i65.2cc3c921DC36FP\">Die ruhigen Wellnesseinrichtungen im JIAN SHAN TANG Hotel, Chengdu<\/strong><\/p>\t\t\t\t\t\t\t\t<\/div>\n\t\t\t\t\t<\/div>\n\t\t<\/div>\n\t\t\t\t\t<\/div>\n\t\t<\/section>\n\t\t<div class=\"elementor-element elementor-element-f694f0e e-flex e-con-boxed e-con e-parent\" data-id=\"f694f0e\" data-element_type=\"container\" data-e-type=\"container\">\n\t\t\t\t\t<div class=\"e-con-inner\">\n\t\t\t\t<div class=\"elementor-element elementor-element-eecab24 elementor-widget elementor-widget-image\" data-id=\"eecab24\" data-element_type=\"widget\" data-e-type=\"widget\" data-widget_type=\"image.default\">\n\t\t\t\t\t\t\t\t\t\t\t\t\t\t\t<img fetchpriority=\"high\" decoding=\"async\" width=\"1024\" height=\"682\" src=\"https:\/\/jianshantanghotel.com\/wp-content\/uploads\/2025\/09\/Jian-Shan-Tang-Chengdu-China-107-1024x682.webp\" class=\"attachment-large size-large wp-image-5673\" alt=\"\" srcset=\"https:\/\/jianshantanghotel.com\/wp-content\/uploads\/2025\/09\/Jian-Shan-Tang-Chengdu-China-107-1024x682.webp 1024w, https:\/\/jianshantanghotel.com\/wp-content\/uploads\/2025\/09\/Jian-Shan-Tang-Chengdu-China-107-300x200.webp 300w, https:\/\/jianshantanghotel.com\/wp-content\/uploads\/2025\/09\/Jian-Shan-Tang-Chengdu-China-107-768x512.webp 768w, https:\/\/jianshantanghotel.com\/wp-content\/uploads\/2025\/09\/Jian-Shan-Tang-Chengdu-China-107-18x12.webp 18w, https:\/\/jianshantanghotel.com\/wp-content\/uploads\/2025\/09\/Jian-Shan-Tang-Chengdu-China-107.webp 1280w\" sizes=\"(max-width: 1024px) 100vw, 1024px\" \/>\t\t\t\t\t\t\t\t\t\t\t\t\t\t\t<\/div>\n\t\t\t\t\t<\/div>\n\t\t\t\t<\/div>\n\t\t<div class=\"elementor-element elementor-element-e012340 e-flex e-con-boxed e-con e-parent\" data-id=\"e012340\" data-element_type=\"container\" data-e-type=\"container\">\n\t\t\t\t\t<div class=\"e-con-inner\">\n\t\t\t\t<div class=\"elementor-element elementor-element-2ca63be elementor-widget elementor-widget-text-editor\" data-id=\"2ca63be\" data-element_type=\"widget\" data-e-type=\"widget\" data-widget_type=\"text-editor.default\">\n\t\t\t\t\t\t\t\t\t<p data-spm-anchor-id=\"a2ty_o01.29997173.0.i69.2cc3c921DC36FP\">Im Herzen von <strong>Bezirk Jinniu<\/strong>, wo der pulsierende Puls von Chengdu auf jahrhundertealte Traditionen der Achtsamkeit und Ausgeglichenheit trifft, liegt ein Zufluchtsort, der nicht nur zur Erholung gedacht ist, sondern auch f\u00fcr <strong>tiefe Erneuerung<\/strong>. Bei <strong>JIAN SHAN TANG Hotel<\/strong>, gelegen in <strong>Nr. 20 Sandongqiao Road, Chengdu, Sichuan, 610031, China<\/strong>Wellness ist kein Zusatzservice. Es ist in das Erlebnis selbst eingewoben \u2013 eine bewusste Reise, die die G\u00e4ste dazu einl\u00e4dt, langsamer zu werden, tief durchzuatmen und sich wieder mit ihrem inneren Rhythmus zu verbinden.<\/p><p>Inspiriert von der Zen-Philosophie der <em>Jian Shan<\/em>\u2013 \u201eum die Berge zu sehen\u201c \u2013 unser <strong>Wellnesseinrichtungen<\/strong> sind darauf ausgelegt, Ihnen zu helfen, sich vom L\u00e4rm des modernen Lebens zu erheben und zur Klarheit zur\u00fcckzukehren. Mehr als ein Spa oder Fitnesscenter, dies ist ein <strong>ganzheitlicher R\u00fcckzugsort, der in Sichuans reichem Erbe der Traditionellen Chinesischen Medizin (TCM), des taoistischen Gleichgewichts und des achtsamen Lebens verwurzelt ist<\/strong>Jedes Element \u2013 vom Duft des Sandelholzes in der Luft bis zum sanften Echo des Wassers im Innenhof \u2013 wurde entwickelt, um Ihren K\u00f6rper, Geist und Ihre Seele zu unterst\u00fctzen.<\/p><p>Willkommen an einem Ort, an dem Luxus auf Ruhe trifft und Selbstf\u00fcrsorge zu einer Form stiller Rebellion gegen die Hektik der Welt wird.<\/p><div class=\"py-2 my-3\"><hr \/><\/div><h3><strong>Eine Oase der Ruhe: Die Gestaltung unseres Wellnessbereichs<\/strong><\/h3><p>Eingebettet in den ruhigen Innenhof des Hotels ist der Wellnessbereich bewusst vom Trubel des Stadtlebens abgeschirmt. Nat\u00fcrliches Licht f\u00e4llt durch Reispapierschirme, w\u00e4hrend das sanfte Rascheln von Bambus und das Pl\u00e4tschern eines Steinbrunnens eine ruhige Klanglandschaft schaffen. Die Architektur verbindet <strong>klassischer Sichuan <em>Siheyuan<\/em> (Hofhaus) Design<\/strong> mit minimalistischem Modernismus \u2013 warmes Holz, polierter Stein und weiche Leinenstrukturen verleihen dem Raum Authentizit\u00e4t.<\/p><p>Dies ist kein Ort klinischer Sterilit\u00e4t, sondern <strong>W\u00e4rme, Intimit\u00e4t und Absicht<\/strong>. Egal, ob Sie f\u00fcr eine 90-min\u00fctige Massage oder einen ruhigen Moment der Besinnung hier sind, Sie werden sp\u00fcren, wie sich Ihr Atem mit dem Rhythmus des Raums in Einklang bringt.<\/p><div class=\"py-2 my-3\"><hr \/><\/div><h3><strong>Einzigartige Spa-Erlebnisse: Heilung mit Wurzeln in der Tradition<\/strong><\/h3><p>Im Mittelpunkt unseres Wellness-Angebots steht die <strong>JIAN SHAN TANG Spa<\/strong>, eine Oase der Sinnesharmonie, in der alte Sichuan-Heilpraktiken auf raffinierte moderne Techniken treffen. Unsere lizenzierten Therapeuten sind in beiden Bereichen ausgebildet <strong>Methoden der Traditionellen Chinesischen Medizin<\/strong> und internationale Wellnessstandards, die sowohl authentische als auch ergebnisorientierte Behandlungen gew\u00e4hrleisten.<\/p><h4><strong>Zu den Spezialtherapien geh\u00f6ren:<\/strong><\/h4><ul dir=\"auto\"><li><p><strong>Sichuan Mountain Harmony Massage<\/strong><br \/>Eine 90-min\u00fctige Ganzk\u00f6rperreise mit Akupressur, Gua Sha und Tiefengewebstechniken unter Verwendung warmer Kr\u00e4uter\u00f6le, angereichert mit lokalen Pflanzen wie Chuanxiong und Minze. Entwickelt, um Verspannungen zu l\u00f6sen, die Durchblutung zu verbessern und wiederherzustellen <em>Qi<\/em> (Lebensenergie).<\/p><\/li><li><p><strong>Jadestein- und Bambustherapie<\/strong><br \/>Glatte, erhitzte Jadesteine \u2013 denen in der chinesischen Kultur eine sch\u00fctzende und ausgleichende Energie zugeschrieben wird \u2013 werden zusammen mit handgeschnitzten Bambusrollen verwendet, um Muskelsteifheit zu l\u00f6sen und die Entgiftung zu f\u00f6rdern.<\/p><\/li><li><p><strong>Kr\u00e4uterkompressentherapie (Ai Ye Fu)<\/strong><br \/>Warme B\u00fcndel ged\u00e4mpfter Heilkr\u00e4uter \u2013 wie Beifu\u00df, Ingwer und Zitronengras \u2013 werden entlang der Energiemeridiane gepresst, um Muskelkater zu lindern, Entz\u00fcndungen zu reduzieren und das Nervensystem zu beruhigen.<\/p><\/li><li><p><strong>Gesichtsverj\u00fcngung mit Sichuan-Pflanzen<\/strong><br \/>Eine nicht-invasive Gesichtsbehandlung mit Extrakten aus Goji-Beeren, gr\u00fcnem Tee und Gei\u00dfblatt \u2013 Inhaltsstoffe, die in der chinesischen Hautpflege seit langem f\u00fcr ihre antioxidativen und aufhellenden Eigenschaften gesch\u00e4tzt werden. Kombiniert mit einer sanften Gua-Sha-Gesichtsmassage f\u00fcr Lymphdrainage und Ausstrahlung.<\/p><\/li><\/ul><p>Jede Behandlung beginnt mit einer ruhigen Beratung und endet mit einer Tasse individuell gemischtem Kr\u00e4utertee, der in handgefertigtem Porzellan serviert wird, w\u00e4hrend Sie in der Entspannungslounge nach der Behandlung verweilen.<\/p><div class=\"py-2 my-3\"><hr \/><\/div><h3><strong>Wellness-Rituale jenseits des Behandlungsraums<\/strong><\/h3><p>Wellness bei JIAN SHAN TANG geht weit \u00fcber die Massageliege hinaus. Wir bieten eine kuratierte Auswahl an <strong>t\u00e4gliche Rituale und immersive Erlebnisse<\/strong> entwickelt, um Ihr Gef\u00fchl der Pr\u00e4senz zu vertiefen.<\/p><h4><strong>1. Morgendliche Qi-Kultivierung: Tai Chi &amp; Atemarbeit im Innenhof<\/strong><\/h4><p>Jeden Morgen bei Sonnenaufgang sind die G\u00e4ste eingeladen, an einem <strong>sanfte Tai-Chi- und Qigong-Sitzung<\/strong> im Innenhof. Unter der Leitung eines lokalen Meisters harmonisiert diese 45-min\u00fctige Praxis Atmung, Bewegung und Intention \u2013 sie erweckt den K\u00f6rper und zentriert den Geist. Matten und leichte Roben werden zur Verf\u00fcgung gestellt.<\/p><h4><strong>2. Achtsame Teemeditation<\/strong><\/h4><p>In Zusammenarbeit mit Sichuan-Teemeistern veranstalten wir <strong>gef\u00fchrte Teezeremonien<\/strong> mit seltenen regionalen Teesorten wie Mengding Ganlu und Ya&#039;an Tibetan Brick Tea. Dieses meditative Ritual betont Pr\u00e4senz, Dankbarkeit und die Kunst des langsamen Lebens.<\/p><h4><strong>3. Klangbad &amp; Gong-Meditation<\/strong><\/h4><p>Bei diesen Sitzungen, die w\u00f6chentlich im ruhigen Gartenpavillon stattfinden, kommen tibetische Klangschalen, Kristallt\u00f6ne und chinesische Bronzegongs zum Einsatz, um tiefe Entspannung herbeizuf\u00fchren, energetische Blockaden zu l\u00f6sen und das emotionale Gleichgewicht zu f\u00f6rdern.<\/p><h4><strong>4. Personalisierte TCM-Wellnessberatungen<\/strong><\/h4><p>G\u00e4ste k\u00f6nnen private Sitzungen mit Besuchsg\u00e4sten buchen <strong>TCM-Praktiker<\/strong> f\u00fcr Pulsdiagnose, Zungenanalyse und personalisierte Empfehlungen zu Ern\u00e4hrung, Kr\u00e4utererg\u00e4nzungen und Lebensstilanpassungen basierend auf Ihrem <em>Yin-Yang<\/em> Gleichgewicht.<\/p><div class=\"py-2 my-3\"><hr \/><\/div><h3><strong>Fitness mit Sinn: Das Mind-Body Studio<\/strong><\/h3><p>F\u00fcr diejenigen, die Bewegung als eine Form der Meditation suchen, ist unser <strong>Mind-Body-Studio<\/strong> bietet einen ruhigen Raum f\u00fcr Selbst\u00fcbungen und angeleitete Sitzungen.<\/p><ul dir=\"auto\"><li><strong>T\u00e4gliche Yoga-Kurse<\/strong>: Vinyasa, Yin und Restorative Yoga werden jeden Morgen und Abend angeboten, optional mit Englischunterricht.<\/li><li><strong>Pilates und Rumpftraining<\/strong>: Sitzungen mit geringer Belastung, die sich auf Ausrichtung, Kraft und Flexibilit\u00e4t konzentrieren.<\/li><li><strong>Meditationsecken<\/strong>: Schalldichte Nischen mit Kissen, Augenmasken und Audioguides f\u00fcr selbstgesteuerte Achtsamkeit.<\/li><li><strong>Wellness-Kits im Zimmer<\/strong>: Auf Anfrage erh\u00e4ltlich, einschlie\u00dflich Yogamatten, Widerstandsb\u00e4ndern und angeleiteten Audio\u00fcbungen.<\/li><\/ul><p>Das Studio verf\u00fcgt \u00fcber raumhohe Fenster mit Blick auf den Bambusgarten, sodass nat\u00fcrliches Licht und Gr\u00fcn jede Sitzung bereichern.<\/p><div class=\"py-2 my-3\"><hr \/><\/div><h3><strong>Ganzheitliche Annehmlichkeiten f\u00fcr das t\u00e4gliche Wohlbefinden<\/strong><\/h3><p>Wellness beschr\u00e4nkt sich nicht auf geplante Termine \u2013 es ist ein roter Faden, der sich durch Ihren Aufenthalt zieht.<\/p><ul dir=\"auto\"><li><strong>Aromatherapie-Diffusoren<\/strong> in G\u00e4stezimmern mit \u00e4therischen \u00d6lmischungen (beruhigend, energetisierend oder schlaff\u00f6rdernd).<\/li><li><strong>Kr\u00e4uterbadesalze und Fu\u00dfbad-Sets<\/strong> erh\u00e4ltlich beim Turndown-Service, mit Ingwer, Chrysanthemen und Sichuan-Pfeffer.<\/li><li><strong>Schlafverbesserungsprogramm<\/strong>: Beinhaltet Verdunkelungsvorh\u00e4nge, Ger\u00e4te mit wei\u00dfem Rauschen, Gewichtsdecken und einen abendlichen \u201eWind-Down-Tee\u201c-Service.<\/li><li><strong>Digital Detox Corner<\/strong>: Eine bildschirmfreie Zone mit B\u00fcchern zum Thema Achtsamkeit, Tageb\u00fcchern und Kalligrafie-Sets zur Anregung der Reflexion.<\/li><\/ul><div class=\"py-2 my-3\"><hr \/><\/div><h3><strong>Nachhaltiges Wohlbefinden: Sich um sich selbst k\u00fcmmern, sich um die Erde k\u00fcmmern<\/strong><\/h3><p>Wir glauben, dass wahres Wohlbefinden Verantwortung beinhaltet. Unser Spa nutzt <strong>\u00f6ko-zertifizierte, biologisch abbaubare Produkte<\/strong> Frei von Parabenen und Sulfaten. Handt\u00fccher und Bettw\u00e4sche werden mit pflanzlichen Waschmitteln gewaschen und Einwegplastik wird vermieden. Wir arbeiten mit lokalen Kr\u00e4uterfarmen zusammen, die nachhaltige Ernte betreiben und so sicherstellen, dass jede Zutat Mensch und Umwelt gleicherma\u00dfen sch\u00fctzt.<\/p><div class=\"py-2 my-3\"><hr \/><\/div><h3><strong>Perfekt gelegen f\u00fcr urbanes Wellness<\/strong><\/h3><p>Gelegen in <strong>Bezirk Jinniu<\/strong>, JIAN SHAN TANG bietet den seltenen Vorteil von <strong>st\u00e4dtische Erreichbarkeit mit l\u00e4ndlicher Ruhe<\/strong>. Gehen Sie hinaus und Sie sind nur wenige Minuten von <strong>Wenshu-Kloster<\/strong>, wo M\u00f6nche im Morgengrauen singen, oder <strong>Volkspark<\/strong>, Heimat morgendlicher Tai-Chi-Zirkel und des legend\u00e4ren Heming-Teehauses. Doch innerhalb unserer Mauern herrscht Stille.<\/p><p>Dieses Gleichgewicht erm\u00f6glicht es den G\u00e4sten, <strong>Tauchen Sie ein in die Wellness-Kultur von Chengdu<\/strong>\u2013 von Tempelbesuchen bis hin zu Kr\u00e4uterm\u00e4rkten \u2013 und kehren Sie dann in einen Raum zur\u00fcck, der f\u00fcr Integration und Ruhe konzipiert ist.<\/p><div class=\"py-2 my-3\"><hr \/><\/div><h3><strong>Ein Wellness-Erlebnis, das Sie nicht mehr losl\u00e4sst<\/strong><\/h3><p>Bei JIAN SHAN TANG messen wir den Erfolg nicht an der Anzahl der gebuchten Behandlungen, sondern daran, wie tief unsere G\u00e4ste f\u00fchlen <strong>erneuert<\/strong>Viele gehen nicht nur entspannt, sondern verwandelt nach Hause \u2013 mit einer langsameren Atmung, einem klareren Geist und einem erneuerten Engagement f\u00fcr die Selbstf\u00fcrsorge.<\/p><p>Unsere Wellnesseinrichtungen sind kein Luxus.<br \/>Sie sind ein <strong>Zur\u00fcck zum Wesentlichen<\/strong>.<\/p><div class=\"my-2\">\u00a0<\/div><p>Ob Sie f\u00fcr einen Wochenendausflug, eine Gesch\u00e4ftsreise auf der Suche nach Ausgleich oder eine kulturelle Reise durch Sichuan hier sind, lassen Sie JIAN SHAN TANG der Ort sein, an dem Sie <strong>Halte inne, heile und erinnere dich an dich selbst<\/strong>.<\/p><div class=\"my-2\">\u00a0<\/div><p>\ud83d\udccd <strong>JIAN SHAN TANG Hotel<\/strong><br \/>Nr. 20 Sandongqiao Road, Bezirk Jinniu, Chengdu, Sichuan, 610031, China<br \/>\ud83d\udcde +86-28-61507788 | \ud83c\udf10 https:\/\/jianshantanghotel.com<\/p><div class=\"my-2\">\u00a0<\/div><p data-spm-anchor-id=\"a2ty_o01.29997173.0.i70.2cc3c921DC36FP\"><em>Wo sich jeder Atemzug wie ein Nachhausekommen anf\u00fchlt.<\/em><\/p>\t\t\t\t\t\t\t\t<\/div>\n\t\t\t\t\t<\/div>\n\t\t\t\t<\/div>\n\t\t\t\t<section class=\"elementor-section elementor-top-section elementor-element elementor-element-87b61c0 elementor-section-stretched elementor-section-boxed elementor-section-gap-beside-yes elementor-section-height-default elementor-section-height-default elementor-section-column-vertical-align-stretch\" data-id=\"87b61c0\" data-element_type=\"section\" data-e-type=\"section\" data-settings=\"{&quot;background_background&quot;:&quot;classic&quot;,&quot;stretch_section&quot;:&quot;section-stretched&quot;}\">\n\t\t\t\t\t\t<div class=\"elementor-container elementor-column-gap-extended\">\n\t\t\t\t\t<div class=\"elementor-column elementor-col-100 elementor-top-column elementor-element elementor-element-185c9b06\" data-id=\"185c9b06\" data-element_type=\"column\" data-e-type=\"column\">\n\t\t\t<div class=\"elementor-widget-wrap elementor-element-populated\">\n\t\t\t\t\t\t<div class=\"elementor-element elementor-element-766bba30 elementor-widget elementor-widget-nuss-heading\" data-id=\"766bba30\" data-element_type=\"widget\" data-e-type=\"widget\" data-widget_type=\"nuss-heading.default\">\n\t\t\t\t<div class=\"elementor-widget-container\">\n\t\t\t\t\t\t\t<div class=\"nuss-modern-heading\">\r\n\t\t\t\r\n\t\t\t\t\t\t<div class=\"heading-primary-wrap\">\r\n\t\t\t\t<h2 class=\"heading-primary elementor-heading-title\">Verf\u00fcgbarkeit pr\u00fcfen <\/h2>\t\t\t<\/div>\r\n\t\t\r\n\t\t\t\r\n\t\t\t\t\t<\/div>\r\n\t\t\t\t\t<\/div>\n\t\t\t\t<\/div>\n\t\t\t\t<div class=\"elementor-element elementor-element-193ac87a elementor-widget elementor-widget-text-editor\" data-id=\"193ac87a\" data-element_type=\"widget\" data-e-type=\"widget\" data-widget_type=\"text-editor.default\">\n\t\t\t\t\t\t\t\t\t<iframe border=\"0\" src=\"https:\/\/www.trip.com\/partners\/ad\/S5304749?Allianceid=4590391&#038;SID=257863943&#038;trip_sub1=\" style=\"width:900px;height:200px\" frameborder=\"0\" scrolling=\"no\" id=\"S5304749\"><\/iframe>\t\t\t\t\t\t\t\t<\/div>\n\t\t\t\t\t<\/div>\n\t\t<\/div>\n\t\t\t\t\t<\/div>\n\t\t<\/section>\n\t\t\t\t<\/div>","protected":false},"excerpt":{"rendered":"<p>Feeling healthy and well is not a luxury but an absolute necessity. Heal both your soul and body with our miraculous treatments and return home as a new person, calm and refreshed. Opening Dates Monday &#8211; Sunday Opening Hours 06:00 am &#8211; 22:30 pm Price Range $50 &#8211; $450 Our Services Our tranquility experts help [&hellip;]<\/p>\n","protected":false},"author":1,"featured_media":0,"parent":0,"menu_order":0,"comment_status":"closed","ping_status":"closed","template":"","meta":{"footnotes":""},"class_list":["post-2108","page","type-page","status-publish","hentry","post-no-thumbnail"],"_links":{"self":[{"href":"https:\/\/jianshantanghotel.com\/de\/wp-json\/wp\/v2\/pages\/2108","targetHints":{"allow":["GET"]}}],"collection":[{"href":"https:\/\/jianshantanghotel.com\/de\/wp-json\/wp\/v2\/pages"}],"about":[{"href":"https:\/\/jianshantanghotel.com\/de\/wp-json\/wp\/v2\/types\/page"}],"author":[{"embeddable":true,"href":"https:\/\/jianshantanghotel.com\/de\/wp-json\/wp\/v2\/users\/1"}],"replies":[{"embeddable":true,"href":"https:\/\/jianshantanghotel.com\/de\/wp-json\/wp\/v2\/comments?post=2108"}],"version-history":[{"count":0,"href":"https:\/\/jianshantanghotel.com\/de\/wp-json\/wp\/v2\/pages\/2108\/revisions"}],"wp:attachment":[{"href":"https:\/\/jianshantanghotel.com\/de\/wp-json\/wp\/v2\/media?parent=2108"}],"curies":[{"name":"wp","href":"https:\/\/api.w.org\/{rel}","templated":true}]}}