{"id":2105,"date":"2021-03-24T07:25:45","date_gmt":"2021-03-24T07:25:45","guid":{"rendered":"http:\/\/localhost\/nuss\/?page_id=235"},"modified":"2025-09-10T09:16:33","modified_gmt":"2025-09-10T09:16:33","slug":"faqs","status":"publish","type":"page","link":"https:\/\/jianshantanghotel.com\/de\/faqs\/","title":{"rendered":"FAQs"},"content":{"rendered":"<div data-elementor-type=\"wp-page\" data-elementor-id=\"2105\" class=\"elementor elementor-2105\">\n\t\t\t\t\t\t<section class=\"elementor-section elementor-top-section elementor-element elementor-element-2a96a73 elementor-section-boxed elementor-section-gap-beside-yes elementor-section-height-default elementor-section-height-default elementor-section-column-vertical-align-stretch\" data-id=\"2a96a73\" data-element_type=\"section\" data-e-type=\"section\">\n\t\t\t\t\t\t<div class=\"elementor-container elementor-column-gap-extended\">\n\t\t\t\t\t<div class=\"elementor-column elementor-col-100 elementor-top-column elementor-element elementor-element-98ef20c\" data-id=\"98ef20c\" data-element_type=\"column\" data-e-type=\"column\">\n\t\t\t<div class=\"elementor-widget-wrap elementor-element-populated\">\n\t\t\t\t\t\t<div class=\"elementor-element elementor-element-97088c0 elementor-widget__width-initial elementor-invisible elementor-widget elementor-widget-text-editor\" data-id=\"97088c0\" data-element_type=\"widget\" data-e-type=\"widget\" data-settings=\"{&quot;_animation&quot;:&quot;nussFadeInUp&quot;}\" data-widget_type=\"text-editor.default\">\n\t\t\t\t\t\t\t\t\t<p>Nachfolgend finden Sie eine Liste der am h\u00e4ufigsten von unseren G\u00e4sten gestellten Fragen.<\/p>\t\t\t\t\t\t\t\t<\/div>\n\t\t\t\t\t<\/div>\n\t\t<\/div>\n\t\t\t\t\t<\/div>\n\t\t<\/section>\n\t\t\t\t<section class=\"elementor-section elementor-top-section elementor-element elementor-element-b184647 elementor-section-gap-beside-no elementor-section-boxed elementor-section-height-default elementor-section-height-default elementor-section-column-vertical-align-stretch\" data-id=\"b184647\" data-element_type=\"section\" data-e-type=\"section\">\n\t\t\t\t\t\t<div class=\"elementor-container elementor-column-gap-extended\">\n\t\t\t\t\t<div class=\"elementor-column elementor-col-100 elementor-top-column elementor-element elementor-element-1d49749\" data-id=\"1d49749\" data-element_type=\"column\" data-e-type=\"column\">\n\t\t\t<div class=\"elementor-widget-wrap elementor-element-populated\">\n\t\t\t\t\t\t<div class=\"elementor-element elementor-element-b986a9e elementor-invisible elementor-widget elementor-widget-nuss-heading\" data-id=\"b986a9e\" data-element_type=\"widget\" data-e-type=\"widget\" data-settings=\"{&quot;_animation&quot;:&quot;nussFadeInUp&quot;}\" data-widget_type=\"nuss-heading.default\">\n\t\t\t\t<div class=\"elementor-widget-container\">\n\t\t\t\t\t\t\t<div class=\"nuss-modern-heading\">\r\n\t\t\t\r\n\t\t\t\t\t\t<div class=\"heading-primary-wrap\">\r\n\t\t\t\t<h4 class=\"heading-primary elementor-heading-title\">H\u00e4ufig gestellte Fragen<\/h4>\t\t\t<\/div>\r\n\t\t\r\n\t\t\t\t\t\t<div class=\"heading-divider-wrap\">\r\n\t\t\t\t<div class=\"heading-divider\" style=\"left: 0px;top: 6px\"><\/div>\r\n\t\t\t<\/div>\r\n\t\r\n\t\t\t\t\t<\/div>\r\n\t\t\t\t\t<\/div>\n\t\t\t\t<\/div>\n\t\t\t\t<div class=\"elementor-element elementor-element-50f0733 elementor-invisible elementor-widget elementor-widget-heading\" data-id=\"50f0733\" data-element_type=\"widget\" data-e-type=\"widget\" data-settings=\"{&quot;_animation&quot;:&quot;nussFadeInUp&quot;}\" data-widget_type=\"heading.default\">\n\t\t\t\t\t<h2 class=\"elementor-heading-title elementor-size-default\">Fragen &amp; Antworten<\/h2>\t\t\t\t<\/div>\n\t\t\t\t<div class=\"elementor-element elementor-element-07b9436 elementor-widget elementor-widget-text-editor\" data-id=\"07b9436\" data-element_type=\"widget\" data-e-type=\"widget\" data-widget_type=\"text-editor.default\">\n\t\t\t\t\t\t\t\t\t<h3><strong data-spm-anchor-id=\"a2ty_o01.29997173.0.i42.2cc3c921DC36FP\">1. Wo befindet sich das JIAN SHAN TANG Hotel?<\/strong><\/h3><p>Das JIAN SHAN TANG Hotel befindet sich in <strong>Nr. 20 Sandongqiao Road, Bezirk Jinniu, Chengdu, Sichuan, 610031, China<\/strong>Es liegt zentral in der N\u00e4he kultureller Sehensw\u00fcrdigkeiten wie dem Wenshu-Kloster und bietet eine hervorragende Anbindung an \u00f6ffentliche Verkehrsmittel und wichtige Sehensw\u00fcrdigkeiten.<\/p><div class=\"my-2\">\u00a0<\/div><div class=\"py-2 my-3\"><hr \/><\/div><div class=\"my-2\">\u00a0<\/div><h3><strong>2. Wie weit ist das Hotel vom internationalen Flughafen Chengdu Shuangliu entfernt?<\/strong><\/h3><p>Das Hotel ist ca. <strong>18\u201320 km<\/strong> aus <strong>Internationaler Flughafen Chengdu Shuangliu (CTU)<\/strong>, mit einer Reisezeit von <strong>30\u201345 Minuten mit dem Taxi oder Privattransfer<\/strong>, je nach Verkehr.<\/p><div class=\"my-2\">\u00a0<\/div><div class=\"py-2 my-3\"><hr \/><\/div><div class=\"my-2\">\u00a0<\/div><h3><strong>3. Gibt es einen Flughafen-Shuttleservice?<\/strong><\/h3><p>Ja, JIAN SHAN TANG bietet <strong>bevorzugter Abholservice vom Flughafen auf Anfrage<\/strong>G\u00e4ste k\u00f6nnen \u00fcber den Concierge des Hotels vorab einen komfortablen, privaten Transfer buchen. Auch die \u00f6ffentlichen Flughafen-Expressbusse (Linie 303) halten in der N\u00e4he.<\/p><div class=\"my-2\">\u00a0<\/div><div class=\"py-2 my-3\"><hr \/><\/div><div class=\"my-2\">\u00a0<\/div><h3><strong>4. Welche U-Bahn-Station ist am n\u00e4chsten?<\/strong><\/h3><p>Die n\u00e4chste U-Bahn-Station ist <strong>Station Wenshu-Kloster (Linie 1)<\/strong>, gelegen etwa <strong>600\u2013800 Meter<\/strong> vom Hotel entfernt. Es ist 10 Gehminuten oder eine kurze Taxifahrt entfernt und bietet direkten Zugang zur Innenstadt von Chengdu, Taikoo Li und den wichtigsten Bahnh\u00f6fen.<\/p><div class=\"my-2\">\u00a0<\/div><div class=\"py-2 my-3\"><hr \/><\/div><div class=\"my-2\">\u00a0<\/div><h3><strong>5. Bietet das Hotel kostenloses WLAN an?<\/strong><\/h3><p>Ja, <strong>kostenloses Highspeed-Glasfaser-WLAN<\/strong> ist im gesamten Hotel verf\u00fcgbar, einschlie\u00dflich G\u00e4stezimmern, Business Center, Lobby und Innenhof. Die Verbindung unterst\u00fctzt Videokonferenzen, Streaming und Remote-Arbeit.<\/p><div class=\"my-2\">\u00a0<\/div><div class=\"py-2 my-3\"><hr \/><\/div><div class=\"my-2\">\u00a0<\/div><h3><strong>6. Sind die Zimmer schallisoliert?<\/strong><\/h3><p>Ja, alle G\u00e4stezimmer sind <strong>schallisoliert mit doppelt verglasten Fenstern und Schalld\u00e4mmung<\/strong>, wodurch eine ruhige und erholsame Umgebung gew\u00e4hrleistet wird \u2013 obwohl das Hotel im pulsierenden Bezirk Jinniu liegt.<\/p><div class=\"my-2\">\u00a0<\/div><div class=\"py-2 my-3\"><hr \/><\/div><div class=\"my-2\">\u00a0<\/div><h3><strong>7. Welche Zimmertypen stehen zur Verf\u00fcgung?<\/strong><\/h3><p>JIAN SHAN TANG bietet eine Reihe durchdacht gestalteter Unterk\u00fcnfte, darunter:<\/p><ul dir=\"auto\"><li><strong>Deluxe Zimmer<\/strong><\/li><li><strong>Premier-Zimmer mit Blick auf den Innenhof<\/strong><\/li><li><strong>Executive Suite<\/strong><\/li><li><strong>Familienzimmer (auf Anfrage)<\/strong><br \/>Alle Zimmer verbinden minimalistisches Design mit traditionellen Sichuan-Elementen und erstklassigen Annehmlichkeiten.<\/li><\/ul><div class=\"my-2\">\u00a0<\/div><div class=\"py-2 my-3\"><hr \/><\/div><div class=\"my-2\">\u00a0<\/div><h3><strong>8. Ist das Fr\u00fchst\u00fcck im Zimmerpreis inbegriffen?<\/strong><\/h3><p>Die Inklusivit\u00e4t des Fr\u00fchst\u00fccks h\u00e4ngt vom Buchungspaket ab. <strong>Ausgew\u00e4hlte Preise beinhalten ein t\u00e4gliches Fr\u00fchst\u00fcck<\/strong> Es bietet sowohl chinesische (Congee, Baozi, Kr\u00e4utertee) als auch westliche (Geb\u00e4ck, Eier, Obst) Gerichte. G\u00e4ste k\u00f6nnen das Fr\u00fchst\u00fcck auch \u00e0 la carte bestellen.<\/p><div class=\"my-2\">\u00a0<\/div><div class=\"py-2 my-3\"><hr \/><\/div><div class=\"my-2\">\u00a0<\/div><h3><strong>9. Wie sind die Fr\u00fchst\u00fcckszeiten und -optionen?<\/strong><\/h3><p>Das Fr\u00fchst\u00fcck wird t\u00e4glich serviert von <strong>6:30 bis 10:00 Uhr<\/strong> im ruhigen Restaurant vor Ort. Auf der Speisekarte stehen:<\/p><ul dir=\"auto\"><li>Nudeln nach Sichuan-Art<\/li><li>Ged\u00e4mpfte Kn\u00f6del und Br\u00f6tchen<\/li><li>Frisches Obst, Joghurt und S\u00e4fte<\/li><li>Eier, Toast und Kaffee\/Tee<br \/>Vegetarische und leichte Kostoptionen sind verf\u00fcgbar.<\/li><\/ul><div class=\"my-2\">\u00a0<\/div><div class=\"py-2 my-3\"><hr \/><\/div><div class=\"my-2\">\u00a0<\/div><h3><strong>10. Gibt es vor Ort ein Restaurant?<\/strong><\/h3><p>Ja, das Hotel verf\u00fcgt \u00fcber ein <strong>elegantes Restaurant<\/strong> authentisch servieren <strong>Sichuan-K\u00fcche mit modernem Touch<\/strong>Zu den Spezialit\u00e4ten des Hauses z\u00e4hlen Mapo Tofu, Dan-Dan-Nudeln und langsam geschmortes Schweinefleisch. Die Mahlzeiten werden mit frischen Zutaten aus der Region zubereitet.<\/p><div class=\"my-2\">\u00a0<\/div><div class=\"py-2 my-3\"><hr \/><\/div><div class=\"my-2\">\u00a0<\/div><h3><strong>11. Kann das Hotel auf spezielle Ern\u00e4hrungsbed\u00fcrfnisse eingehen?<\/strong><\/h3><p>Ja, das Restaurantteam kann vorbereiten <strong>vegetarisch, vegan, glutenfrei und gew\u00fcrzarm<\/strong> Optionen auf Anfrage. Bitte informieren Sie das Personal bei der Buchung oder bei der Ankunft.<\/p><div class=\"my-2\">\u00a0<\/div><div class=\"py-2 my-3\"><hr \/><\/div><div class=\"my-2\">\u00a0<\/div><h3><strong>12. Gibt es eine 24-Stunden-Rezeption und einen Concierge-Service?<\/strong><\/h3><p>Ja, das Hotel bietet <strong>24-Stunden-Support an der Rezeption<\/strong> und ein <strong>personalisierter Concierge-Service<\/strong> um bei Transport, Restaurantreservierungen, Tourbuchungen und lokalen kulturellen Erlebnissen wie der Sichuan-Oper oder Kalligrafie-Workshops zu helfen.<\/p><div class=\"my-2\">\u00a0<\/div><div class=\"py-2 my-3\"><hr \/><\/div><div class=\"my-2\">\u00a0<\/div><h3><strong>13. Gibt es Gesch\u00e4fts- oder Tagungseinrichtungen?<\/strong><\/h3><p>Ja, JIAN SHAN TANG verf\u00fcgt \u00fcber eine <strong>voll ausgestattetes Businesscenter<\/strong> Und <strong>private Tagungsr\u00e4ume<\/strong> mit:<\/p><ul dir=\"auto\"><li>Hochaufl\u00f6sende Bildschirme<\/li><li>Videokonferenzen (Zoom, Teams)<\/li><li>Druck-, Scan- und \u00dcbersetzungsdienste<\/li><li>Schalldichtes Design f\u00fcr Vertraulichkeit<br \/>Ideal f\u00fcr Profis und kleine Teams.<\/li><\/ul><div class=\"my-2\">\u00a0<\/div><div class=\"py-2 my-3\"><hr \/><\/div><div class=\"my-2\">\u00a0<\/div><h3><strong>14. Stehen Parkpl\u00e4tze f\u00fcr G\u00e4ste zur Verf\u00fcgung?<\/strong><\/h3><p>Ja, <strong>sichere Parkpl\u00e4tze vor Ort<\/strong> steht Hotelg\u00e4sten je nach Verf\u00fcgbarkeit zur Verf\u00fcgung. Ein Parkservice kann organisiert werden. In der Hauptreisezeit wird eine Vorreservierung empfohlen.<\/p><div class=\"my-2\">\u00a0<\/div><div class=\"py-2 my-3\"><hr \/><\/div><div class=\"my-2\">\u00a0<\/div><h3><strong>15. Kann ich fr\u00fcher einchecken oder sp\u00e4ter auschecken?<\/strong><\/h3><p>Ein fr\u00fcher Check-in und ein sp\u00e4ter Check-out sind je nach Verf\u00fcgbarkeit m\u00f6glich.<\/p><ul dir=\"auto\"><li><strong>Fr\u00fcher Check-in (vor 14:00 Uhr)<\/strong>: Ab 12:00 Uhr nach vorheriger Anfrage und gegen Geb\u00fchr m\u00f6glich.<\/li><li><strong>Sp\u00e4tes Auschecken<\/strong>: Bis zu <strong>16:00 Uhr<\/strong> sind m\u00f6glicherweise gegen Aufpreis erh\u00e4ltlich.<br \/>Kontaktieren Sie das Hotel im Voraus, um dies zu arrangieren.<\/li><\/ul><div class=\"my-2\">\u00a0<\/div><div class=\"py-2 my-3\"><hr \/><\/div><div class=\"my-2\">\u00a0<\/div><h3><strong>16. Ist das Hotel f\u00fcr Alleinreisende und weibliche G\u00e4ste geeignet?<\/strong><\/h3><p>Absolut. JIAN SHAN TANG ist bekannt f\u00fcr seine <strong>sichere, friedliche Umgebung<\/strong> und aufmerksames Personal. Das Anwesen ist gut beleuchtet, wird rund um die Uhr \u00fcberwacht und wird von Alleinreisenden und Frauen h\u00e4ufig f\u00fcr seine einladende und respektvolle Atmosph\u00e4re gelobt.<\/p><div class=\"my-2\">\u00a0<\/div><div class=\"py-2 my-3\"><hr \/><\/div><div class=\"my-2\">\u00a0<\/div><h3><strong>17. Sind Haustiere erlaubt?<\/strong><\/h3><p>Momentan, <strong>Haustiere sind nicht gestattet<\/strong> in G\u00e4stezimmern oder \u00f6ffentlichen Bereichen gem\u00e4\u00df den chinesischen Hotelvorschriften. Assistenztiere k\u00f6nnen jedoch nach vorheriger Ank\u00fcndigung untergebracht werden.<\/p><div class=\"my-2\">\u00a0<\/div><div class=\"py-2 my-3\"><hr \/><\/div><div class=\"my-2\">\u00a0<\/div><h3><strong>18. Welche Nachhaltigkeitspraktiken verfolgt das Hotel?<\/strong><\/h3><p>JIAN SHAN TANG engagiert sich f\u00fcr umweltbewusste Gastfreundschaft, darunter:<\/p><ul dir=\"auto\"><li>Energieeffiziente Beleuchtungs- und Klimasysteme<\/li><li>Umweltfreundliche, biologisch abbaubare Toilettenartikel<\/li><li>Wassersparende Armaturen und Programme zur Wiederverwendung von Handt\u00fcchern<\/li><li>Lebensmittel aus der Region reduzieren den CO2-Fu\u00dfabdruck<\/li><li>Minimaler Einsatz von Einwegplastik<\/li><\/ul><div class=\"my-2\">\u00a0<\/div><div class=\"py-2 my-3\"><hr \/><\/div><div class=\"my-2\">\u00a0<\/div><h3><strong>19. Welche Sehensw\u00fcrdigkeiten in der N\u00e4he kann ich vom Hotel aus besuchen?<\/strong><\/h3><p>Die zentrale Lage des Hotels bietet einfachen Zugang zu den wichtigsten Sehensw\u00fcrdigkeiten von Chengdu:<\/p><ul dir=\"auto\"><li><strong>Wenshu-Kloster<\/strong> (500 m) \u2013 Historischer buddhistischer Tempel<\/li><li><strong>Kuanzhai-Gasse (breite und schmale Gassen)<\/strong> (2,5 km)<\/li><li><strong>Alte Jinli-Stra\u00dfe<\/strong> (3 km)<\/li><li><strong>Taikoo Li &amp; Daci Tempel<\/strong> (4 km)<\/li><li><strong>Volkspark &amp; Heming Teehaus<\/strong> (3,5 km)<br \/>Alle sind mit der U-Bahn, dem Taxi oder zu Fu\u00df erreichbar.<\/li><\/ul><div class=\"my-2\">\u00a0<\/div><div class=\"py-2 my-3\"><hr \/><\/div><div class=\"my-2\">\u00a0<\/div><h3><strong>20. Wo kann ich G\u00e4stebewertungen zum JIAN SHAN TANG Hotel lesen?<\/strong><\/h3><p>Authentische G\u00e4stebewertungen finden Sie auf f\u00fchrenden Reiseplattformen:<\/p><ul dir=\"auto\"><li><strong>TripAdvisor<\/strong>: JIAN SHAN TANG Hotel Chengdu<\/li><li><strong>Trip.com \/ Ctrip<\/strong>: Hoch bewertet mit einem <strong>9,1\/10 G\u00e4stebewertung<\/strong><\/li><li><strong>Booking.com<\/strong> Und <strong>Google Bewertungen<\/strong>: Regelm\u00e4\u00dfig gelobt f\u00fcr Ambiente, Service und Lage<\/li><\/ul><div class=\"my-2\">\u00a0<\/div><p>G\u00e4ste betonen h\u00e4ufig die <strong>ruhiges Design, au\u00dfergew\u00f6hnliches Personal und eine perfekte Mischung aus Kultur und Komfort<\/strong>.<\/p><div class=\"my-2\">\u00a0<\/div><div class=\"py-2 my-3\"><hr \/><\/div><div class=\"my-2\">\u00a0<\/div><h3><strong>Schlussbemerkung<\/strong><\/h3><p>Bei <strong>JIAN SHAN TANG Hotel<\/strong>Wir glauben, dass jede Frage wichtig ist. Egal, ob Sie Ihren ersten Besuch in Chengdu planen oder f\u00fcr eine tiefere kulturelle Reise zur\u00fcckkehren, unser Team ist hier, um sicherzustellen, dass Ihr Aufenthalt reibungslos, sinnvoll und unvergesslich wird.<\/p><div class=\"my-2\">\u00a0<\/div><p>\ud83d\udcde <strong>Kontaktieren Sie uns<\/strong>: +86-28-61507788 <br \/>\ud83c\udf10 <strong>Offizielle Website<\/strong>: <a href=\"https:\/\/jianshantanghotel.com\/de\/\">https:\/\/jianshantanghotel.com<\/a><br \/>\ud83d\udccd <strong>Adresse<\/strong>: Nr. 20 Sandongqiao Road, Bezirk Jinniu, Chengdu, Sichuan, China<\/p><div class=\"my-2\">\u00a0<\/div><p data-spm-anchor-id=\"a2ty_o01.29997173.0.i43.2cc3c921DC36FP\"><em>Ihre Reise beginnt mit Klarheit. Willkommen bei JIAN SHAN TANG.<\/em><\/p>\t\t\t\t\t\t\t\t<\/div>\n\t\t\t\t\t<\/div>\n\t\t<\/div>\n\t\t\t\t\t<\/div>\n\t\t<\/section>\n\t\t\t\t<section class=\"elementor-section elementor-top-section elementor-element elementor-element-2e732feb elementor-section-stretched elementor-section-boxed elementor-section-gap-beside-yes elementor-section-height-default elementor-section-height-default elementor-section-column-vertical-align-stretch\" data-id=\"2e732feb\" data-element_type=\"section\" data-e-type=\"section\" data-settings=\"{&quot;background_background&quot;:&quot;classic&quot;,&quot;stretch_section&quot;:&quot;section-stretched&quot;}\">\n\t\t\t\t\t\t<div class=\"elementor-container elementor-column-gap-extended\">\n\t\t\t\t\t<div class=\"elementor-column elementor-col-100 elementor-top-column elementor-element elementor-element-4e43ee27\" data-id=\"4e43ee27\" data-element_type=\"column\" data-e-type=\"column\">\n\t\t\t<div class=\"elementor-widget-wrap elementor-element-populated\">\n\t\t\t\t\t\t<div class=\"elementor-element elementor-element-2d1566fc elementor-widget elementor-widget-nuss-heading\" data-id=\"2d1566fc\" data-element_type=\"widget\" data-e-type=\"widget\" data-widget_type=\"nuss-heading.default\">\n\t\t\t\t<div class=\"elementor-widget-container\">\n\t\t\t\t\t\t\t<div class=\"nuss-modern-heading\">\r\n\t\t\t\r\n\t\t\t\t\t\t<div class=\"heading-primary-wrap\">\r\n\t\t\t\t<h2 class=\"heading-primary elementor-heading-title\">Verf\u00fcgbarkeit pr\u00fcfen <\/h2>\t\t\t<\/div>\r\n\t\t\r\n\t\t\t\r\n\t\t\t\t\t<\/div>\r\n\t\t\t\t\t<\/div>\n\t\t\t\t<\/div>\n\t\t\t\t<div class=\"elementor-element elementor-element-46f515a0 elementor-widget elementor-widget-text-editor\" data-id=\"46f515a0\" data-element_type=\"widget\" data-e-type=\"widget\" data-widget_type=\"text-editor.default\">\n\t\t\t\t\t\t\t\t\t<iframe border=\"0\" src=\"https:\/\/www.trip.com\/partners\/ad\/S5304749?Allianceid=4590391&#038;SID=257863943&#038;trip_sub1=\" style=\"width:900px;height:200px\" frameborder=\"0\" scrolling=\"no\" id=\"S5304749\"><\/iframe>\t\t\t\t\t\t\t\t<\/div>\n\t\t\t\t\t<\/div>\n\t\t<\/div>\n\t\t\t\t\t<\/div>\n\t\t<\/section>\n\t\t\t\t<\/div>","protected":false},"excerpt":{"rendered":"<p>Below, you will find a list of the questions most frequently asked by our guests. FAQ&#8217;S Questions &amp; Answers Check-in time? As a rough guide, the check-in time is after 12 a.m. Let us know your arrival time in case you schedule and early check in we\u2018ll do our best to have your room available. [&hellip;]<\/p>\n","protected":false},"author":1,"featured_media":0,"parent":0,"menu_order":0,"comment_status":"closed","ping_status":"closed","template":"","meta":{"footnotes":""},"class_list":["post-2105","page","type-page","status-publish","hentry","post-no-thumbnail"],"_links":{"self":[{"href":"https:\/\/jianshantanghotel.com\/de\/wp-json\/wp\/v2\/pages\/2105","targetHints":{"allow":["GET"]}}],"collection":[{"href":"https:\/\/jianshantanghotel.com\/de\/wp-json\/wp\/v2\/pages"}],"about":[{"href":"https:\/\/jianshantanghotel.com\/de\/wp-json\/wp\/v2\/types\/page"}],"author":[{"embeddable":true,"href":"https:\/\/jianshantanghotel.com\/de\/wp-json\/wp\/v2\/users\/1"}],"replies":[{"embeddable":true,"href":"https:\/\/jianshantanghotel.com\/de\/wp-json\/wp\/v2\/comments?post=2105"}],"version-history":[{"count":0,"href":"https:\/\/jianshantanghotel.com\/de\/wp-json\/wp\/v2\/pages\/2105\/revisions"}],"wp:attachment":[{"href":"https:\/\/jianshantanghotel.com\/de\/wp-json\/wp\/v2\/media?parent=2105"}],"curies":[{"name":"wp","href":"https:\/\/api.w.org\/{rel}","templated":true}]}}